{"id":2108,"date":"2024-03-22T08:22:22","date_gmt":"2024-03-22T08:22:22","guid":{"rendered":"https:\/\/mustveepuukool.ee\/?page_id=2108"},"modified":"2026-01-24T18:36:32","modified_gmt":"2026-01-24T18:36:32","slug":"kimbud","status":"publish","type":"page","link":"https:\/\/mustveepuukool.ee\/et\/kimbud\/","title":{"rendered":"Kimbud"},"content":{"rendered":"<div data-elementor-type=\"wp-page\" data-elementor-id=\"2108\" class=\"elementor elementor-2108\" data-elementor-post-type=\"page\">\n\t\t\t\t\t\t<section class=\"elementor-section elementor-top-section elementor-element elementor-element-62d0fd3 elementor-section-boxed elementor-section-height-default elementor-section-height-default\" data-id=\"62d0fd3\" data-element_type=\"section\" data-e-type=\"section\">\n\t\t\t\t\t\t<div class=\"elementor-container elementor-column-gap-default\">\n\t\t\t\t\t<div class=\"elementor-column elementor-col-100 elementor-top-column elementor-element elementor-element-3e98858\" data-id=\"3e98858\" data-element_type=\"column\" data-e-type=\"column\">\n\t\t\t<div class=\"elementor-widget-wrap elementor-element-populated\">\n\t\t\t\t\t\t<div class=\"elementor-element elementor-element-d73f540 elementor-widget elementor-widget-heading\" data-id=\"d73f540\" data-element_type=\"widget\" data-e-type=\"widget\" data-widget_type=\"heading.default\">\n\t\t\t\t<div class=\"elementor-widget-container\">\n\t\t\t\t\t<h2 class=\"elementor-heading-title elementor-size-default\">Kimbud<\/h2>\t\t\t\t<\/div>\n\t\t\t\t<\/div>\n\t\t\t\t\t<\/div>\n\t\t<\/div>\n\t\t\t\t\t<\/div>\n\t\t<\/section>\n\t\t\t\t<section class=\"elementor-section elementor-top-section elementor-element elementor-element-5a8b27b elementor-section-boxed elementor-section-height-default elementor-section-height-default\" data-id=\"5a8b27b\" data-element_type=\"section\" data-e-type=\"section\">\n\t\t\t\t\t\t<div class=\"elementor-container elementor-column-gap-default\">\n\t\t\t\t\t<div class=\"elementor-column elementor-col-50 elementor-top-column elementor-element elementor-element-0cd7805\" data-id=\"0cd7805\" data-element_type=\"column\" data-e-type=\"column\">\n\t\t\t<div class=\"elementor-widget-wrap elementor-element-populated\">\n\t\t\t\t\t\t<div class=\"elementor-element elementor-element-b396491 elementor-arrows-position-inside elementor-pagination-position-outside elementor-widget elementor-widget-image-carousel\" data-id=\"b396491\" data-element_type=\"widget\" data-e-type=\"widget\" data-settings=\"{&quot;slides_to_show&quot;:&quot;1&quot;,&quot;navigation&quot;:&quot;both&quot;,&quot;autoplay&quot;:&quot;yes&quot;,&quot;pause_on_hover&quot;:&quot;yes&quot;,&quot;pause_on_interaction&quot;:&quot;yes&quot;,&quot;autoplay_speed&quot;:5000,&quot;infinite&quot;:&quot;yes&quot;,&quot;effect&quot;:&quot;slide&quot;,&quot;speed&quot;:500}\" data-widget_type=\"image-carousel.default\">\n\t\t\t\t<div class=\"elementor-widget-container\">\n\t\t\t\t\t\t\t<div class=\"elementor-image-carousel-wrapper swiper\" role=\"region\" aria-roledescription=\"carousel\" aria-label=\"\u041a\u0430\u0440\u0443\u0441\u0435\u043b\u044c\" dir=\"ltr\">\n\t\t\t<div class=\"elementor-image-carousel swiper-wrapper\" aria-live=\"off\">\n\t\t\t\t\t\t\t\t<div class=\"swiper-slide\" role=\"group\" aria-roledescription=\"slide\" aria-label=\"1 \u0438\u0437 16\"><figure class=\"swiper-slide-inner\"><img decoding=\"async\" class=\"swiper-slide-image\" src=\"https:\/\/mustveepuukool.ee\/wp-content\/uploads\/2024\/03\/IMG_8855-scaled.jpg\" alt=\"mustvee puukool kimp\" \/><\/figure><\/div><div class=\"swiper-slide\" role=\"group\" aria-roledescription=\"slide\" aria-label=\"2 \u0438\u0437 16\"><figure class=\"swiper-slide-inner\"><img decoding=\"async\" class=\"swiper-slide-image\" src=\"https:\/\/mustveepuukool.ee\/wp-content\/uploads\/2024\/03\/IMG_1908-scaled.jpg\" alt=\"mustvee puukool kimp\" \/><\/figure><\/div><div class=\"swiper-slide\" role=\"group\" aria-roledescription=\"slide\" aria-label=\"3 \u0438\u0437 16\"><figure class=\"swiper-slide-inner\"><img decoding=\"async\" class=\"swiper-slide-image\" src=\"https:\/\/mustveepuukool.ee\/wp-content\/uploads\/2024\/03\/IMG_2114.jpg\" alt=\"kimp mustvee puukool\" \/><\/figure><\/div><div class=\"swiper-slide\" role=\"group\" aria-roledescription=\"slide\" aria-label=\"4 \u0438\u0437 16\"><figure class=\"swiper-slide-inner\"><img decoding=\"async\" class=\"swiper-slide-image\" src=\"https:\/\/mustveepuukool.ee\/wp-content\/uploads\/2024\/03\/IMG_7612-scaled.jpg\" alt=\"mustvee puukool kimp\" \/><\/figure><\/div><div class=\"swiper-slide\" role=\"group\" aria-roledescription=\"slide\" aria-label=\"5 \u0438\u0437 16\"><figure class=\"swiper-slide-inner\"><img decoding=\"async\" class=\"swiper-slide-image\" src=\"https:\/\/mustveepuukool.ee\/wp-content\/uploads\/2024\/03\/IMG_7914-scaled.jpg\" alt=\"mustvee puukool kimp\" \/><\/figure><\/div><div class=\"swiper-slide\" role=\"group\" aria-roledescription=\"slide\" aria-label=\"6 \u0438\u0437 16\"><figure class=\"swiper-slide-inner\"><img decoding=\"async\" class=\"swiper-slide-image\" src=\"https:\/\/mustveepuukool.ee\/wp-content\/uploads\/2024\/03\/IMG_8142-scaled.jpg\" alt=\"mustvee puukool kimp\" \/><\/figure><\/div><div class=\"swiper-slide\" role=\"group\" aria-roledescription=\"slide\" aria-label=\"7 \u0438\u0437 16\"><figure class=\"swiper-slide-inner\"><img decoding=\"async\" class=\"swiper-slide-image\" src=\"https:\/\/mustveepuukool.ee\/wp-content\/uploads\/2024\/03\/IMG_8426-scaled.jpg\" alt=\"mustvee puukool kimp\" \/><\/figure><\/div><div class=\"swiper-slide\" role=\"group\" aria-roledescription=\"slide\" aria-label=\"8 \u0438\u0437 16\"><figure class=\"swiper-slide-inner\"><img decoding=\"async\" class=\"swiper-slide-image\" src=\"https:\/\/mustveepuukool.ee\/wp-content\/uploads\/2024\/03\/IMG_8598-scaled.jpg\" alt=\"mustvee puukool kimp\" \/><\/figure><\/div><div class=\"swiper-slide\" role=\"group\" aria-roledescription=\"slide\" aria-label=\"9 \u0438\u0437 16\"><figure class=\"swiper-slide-inner\"><img decoding=\"async\" class=\"swiper-slide-image\" src=\"https:\/\/mustveepuukool.ee\/wp-content\/uploads\/2024\/03\/IMG_8604-scaled.jpg\" alt=\"mustvee puukool kimp\" \/><\/figure><\/div><div class=\"swiper-slide\" role=\"group\" aria-roledescription=\"slide\" aria-label=\"10 \u0438\u0437 16\"><figure class=\"swiper-slide-inner\"><img decoding=\"async\" class=\"swiper-slide-image\" src=\"https:\/\/mustveepuukool.ee\/wp-content\/uploads\/2024\/03\/IMG_2115.jpg\" alt=\"kimp mustvee puukool\" \/><\/figure><\/div><div class=\"swiper-slide\" role=\"group\" aria-roledescription=\"slide\" aria-label=\"11 \u0438\u0437 16\"><figure class=\"swiper-slide-inner\"><img decoding=\"async\" class=\"swiper-slide-image\" src=\"https:\/\/mustveepuukool.ee\/wp-content\/uploads\/2024\/03\/IMG_6814-scaled.jpg\" alt=\"mustvee puukool kimp\" \/><\/figure><\/div><div class=\"swiper-slide\" role=\"group\" aria-roledescription=\"slide\" aria-label=\"12 \u0438\u0437 16\"><figure class=\"swiper-slide-inner\"><img decoding=\"async\" class=\"swiper-slide-image\" src=\"https:\/\/mustveepuukool.ee\/wp-content\/uploads\/2024\/03\/IMG_8692-scaled.jpg\" alt=\"mustvee puukool kimp\" \/><\/figure><\/div><div class=\"swiper-slide\" role=\"group\" aria-roledescription=\"slide\" aria-label=\"13 \u0438\u0437 16\"><figure class=\"swiper-slide-inner\"><img decoding=\"async\" class=\"swiper-slide-image\" src=\"https:\/\/mustveepuukool.ee\/wp-content\/uploads\/2024\/03\/IMG_8764-scaled.jpg\" alt=\"mustvee puukool kimp\" \/><\/figure><\/div><div class=\"swiper-slide\" role=\"group\" aria-roledescription=\"slide\" aria-label=\"14 \u0438\u0437 16\"><figure class=\"swiper-slide-inner\"><img decoding=\"async\" class=\"swiper-slide-image\" src=\"https:\/\/mustveepuukool.ee\/wp-content\/uploads\/2024\/03\/IMG_8791-scaled.jpg\" alt=\"mustvee puukool kimp\" \/><\/figure><\/div><div class=\"swiper-slide\" role=\"group\" aria-roledescription=\"slide\" aria-label=\"15 \u0438\u0437 16\"><figure class=\"swiper-slide-inner\"><img decoding=\"async\" class=\"swiper-slide-image\" src=\"https:\/\/mustveepuukool.ee\/wp-content\/uploads\/2024\/03\/IMG_9441-scaled.jpg\" alt=\"mustvee puukool kimp\" \/><\/figure><\/div><div class=\"swiper-slide\" role=\"group\" aria-roledescription=\"slide\" aria-label=\"16 \u0438\u0437 16\"><figure class=\"swiper-slide-inner\"><img decoding=\"async\" class=\"swiper-slide-image\" src=\"https:\/\/mustveepuukool.ee\/wp-content\/uploads\/2025\/04\/IMG_7459-scaled.jpg\" alt=\"kollane kimp\" \/><\/figure><\/div>\t\t\t<\/div>\n\t\t\t\t\t\t\t\t\t\t\t\t<div class=\"elementor-swiper-button elementor-swiper-button-prev\" role=\"button\" tabindex=\"0\">\n\t\t\t\t\t\t<i aria-hidden=\"true\" class=\"eicon-chevron-left\"><\/i>\t\t\t\t\t<\/div>\n\t\t\t\t\t<div class=\"elementor-swiper-button elementor-swiper-button-next\" role=\"button\" tabindex=\"0\">\n\t\t\t\t\t\t<i aria-hidden=\"true\" class=\"eicon-chevron-right\"><\/i>\t\t\t\t\t<\/div>\n\t\t\t\t\n\t\t\t\t\t\t\t\t\t<div class=\"swiper-pagination\"><\/div>\n\t\t\t\t\t\t\t\t\t<\/div>\n\t\t\t\t\t\t<\/div>\n\t\t\t\t<\/div>\n\t\t\t\t\t<\/div>\n\t\t<\/div>\n\t\t\t\t<div class=\"elementor-column elementor-col-50 elementor-top-column elementor-element elementor-element-b47db4f\" data-id=\"b47db4f\" data-element_type=\"column\" data-e-type=\"column\">\n\t\t\t<div class=\"elementor-widget-wrap elementor-element-populated\">\n\t\t\t\t\t\t<div class=\"elementor-element elementor-element-6230c32 elementor-widget elementor-widget-text-editor\" data-id=\"6230c32\" data-element_type=\"widget\" data-e-type=\"widget\" data-widget_type=\"text-editor.default\">\n\t\t\t\t<div class=\"elementor-widget-container\">\n\t\t\t\t\t\t\t\t\t<p>Galeriis on n\u00e4idatud varem tehtud t\u00f6\u00f6dest.<\/p><p>Teie kimp saab olema unikaalne, sest me v\u00f5tame arvesse k\u00f5iki teie soove (summa, v\u00e4rv, kuju ja kimbu vorm).<\/p><p>Pakkume mitut suurust:<\/p><ul><li>Suurus S, 5-15\u20ac<\/li><li>Suurus M, 15-25\u20ac<\/li><li>Suurus L, 25-45\u20ac<\/li><li>Suurus XL, 45-65\u20ac<\/li><li>Suurus XXL, 65-85\u20ac<\/li><li>ja eksklusiivsed kimbud.<\/li><\/ul><p>Tellimiseks kirjuta meile sotsiaalmeedias v\u00f5i helista numbrile +372 53427711<\/p>\t\t\t\t\t\t\t\t<\/div>\n\t\t\t\t<\/div>\n\t\t\t\t\t<\/div>\n\t\t<\/div>\n\t\t\t\t\t<\/div>\n\t\t<\/section>\n\t\t\t\t<\/div>","protected":false},"excerpt":{"rendered":"<p>\u0411\u0443\u043a\u0435\u0442\u044b \u0412 \u0433\u0430\u043b\u0435\u0440\u0435\u0435 \u043f\u043e\u043a\u0430\u0437\u0430\u043d\u044b \u043f\u0440\u0438\u043c\u0435\u0440\u044b \u0440\u0430\u0431\u043e\u0442 \u0440\u0430\u043d\u043d\u0435\u0435 \u0441\u0434\u0435\u043b\u0430\u043d\u043d\u044b\u0445 \u043d\u0430\u043c\u0438. \u0412\u0430\u0448 \u0431\u0443\u043a\u0435\u0442 \u0431\u0443\u0434\u0435\u0442 \u0443\u043d\u0438\u043a\u0430\u043b\u044c\u043d\u044b\u043c \u043f\u043e\u0442\u043e\u043c\u0443 \u0447\u0442\u043e \u043c\u044b \u0443\u0447\u0438\u0442\u044b\u0432\u0430\u0435\u043c \u0432\u0441\u0435 \u0432\u0430\u0448\u0438 \u043f\u043e\u0436\u0435\u043b\u0430\u043d\u0438\u044f (\u0441\u0443\u043c\u043c\u0430, \u0446\u0432\u0435\u0442, \u0444\u043e\u0440\u043c\u0430 \u0438 \u0444\u043e\u0440\u043c\u0430 \u0431\u0443\u043a\u0435\u0442\u0430). \u041c\u044b \u043f\u0440\u0435\u0434\u043b\u0430\u0433\u0430\u0435\u043c \u043d\u0435\u0441\u043a\u043e\u043b\u044c\u043a\u043e \u0440\u0430\u0437\u043c\u0435\u0440\u043e\u0432: \u0420\u0430\u0437\u043c\u0435\u0440 S, 5-15\u20ac \u0420\u0430\u0437\u043c\u0435\u0440 \u041c, 15-25\u20ac \u0420\u0430\u0437\u043c\u0435\u0440 L, 25-45\u20ac \u0420\u0430\u0437\u043c\u0435\u0440 XL, 45-65\u20ac \u0420\u0430\u0437\u043c\u0435\u0440 XXL, 65-85\u20ac \u0438 \u044d\u043a\u0441\u043a\u043b\u044e\u0437\u0438\u0432\u043d\u044b\u0435 \u0431\u0443\u043a\u0435\u0442\u044b \u0414\u043b\u044f \u0437\u0430\u043a\u0430\u0437\u0430 \u043d\u0430\u043f\u0438\u0448\u0438\u0442\u0435 \u043d\u0430\u043c \u0432 \u0441\u043e\u0446\u0438\u0430\u043b\u044c\u043d\u044b\u0445 \u0441\u0435\u0442\u044f\u0445 [&hellip;]<\/p>\n","protected":false},"author":1,"featured_media":0,"parent":0,"menu_order":0,"comment_status":"closed","ping_status":"closed","template":"","meta":{"footnotes":""},"class_list":["post-2108","page","type-page","status-publish","hentry"],"jetpack_sharing_enabled":true,"_links":{"self":[{"href":"https:\/\/mustveepuukool.ee\/et\/wp-json\/wp\/v2\/pages\/2108","targetHints":{"allow":["GET"]}}],"collection":[{"href":"https:\/\/mustveepuukool.ee\/et\/wp-json\/wp\/v2\/pages"}],"about":[{"href":"https:\/\/mustveepuukool.ee\/et\/wp-json\/wp\/v2\/types\/page"}],"author":[{"embeddable":true,"href":"https:\/\/mustveepuukool.ee\/et\/wp-json\/wp\/v2\/users\/1"}],"replies":[{"embeddable":true,"href":"https:\/\/mustveepuukool.ee\/et\/wp-json\/wp\/v2\/comments?post=2108"}],"version-history":[{"count":37,"href":"https:\/\/mustveepuukool.ee\/et\/wp-json\/wp\/v2\/pages\/2108\/revisions"}],"predecessor-version":[{"id":13388,"href":"https:\/\/mustveepuukool.ee\/et\/wp-json\/wp\/v2\/pages\/2108\/revisions\/13388"}],"wp:attachment":[{"href":"https:\/\/mustveepuukool.ee\/et\/wp-json\/wp\/v2\/media?parent=2108"}],"curies":[{"name":"wp","href":"https:\/\/api.w.org\/{rel}","templated":true}]}}