{"id":2142,"date":"2024-03-22T09:15:16","date_gmt":"2024-03-22T09:15:16","guid":{"rendered":"https:\/\/mustveepuukool.ee\/?page_id=2142"},"modified":"2026-02-28T21:16:23","modified_gmt":"2026-02-28T21:16:23","slug":"loikelilled","status":"publish","type":"page","link":"https:\/\/mustveepuukool.ee\/et\/loikelilled\/","title":{"rendered":"L\u00f5ikelilled"},"content":{"rendered":"<div data-elementor-type=\"wp-page\" data-elementor-id=\"2142\" class=\"elementor elementor-2142\" data-elementor-post-type=\"page\">\n\t\t\t\t\t\t<section class=\"elementor-section elementor-top-section elementor-element elementor-element-f1b8087 elementor-section-boxed elementor-section-height-default elementor-section-height-default\" data-id=\"f1b8087\" data-element_type=\"section\" data-e-type=\"section\">\n\t\t\t\t\t\t<div class=\"elementor-container elementor-column-gap-default\">\n\t\t\t\t\t<div class=\"elementor-column elementor-col-100 elementor-top-column elementor-element elementor-element-cd67385\" data-id=\"cd67385\" data-element_type=\"column\" data-e-type=\"column\">\n\t\t\t<div class=\"elementor-widget-wrap elementor-element-populated\">\n\t\t\t\t\t\t<div class=\"elementor-element elementor-element-206e3ac elementor-widget elementor-widget-heading\" data-id=\"206e3ac\" data-element_type=\"widget\" data-e-type=\"widget\" data-widget_type=\"heading.default\">\n\t\t\t\t<div class=\"elementor-widget-container\">\n\t\t\t\t\t<h2 class=\"elementor-heading-title elementor-size-default\">L\u00f5ikelilled<\/h2>\t\t\t\t<\/div>\n\t\t\t\t<\/div>\n\t\t\t\t\t<\/div>\n\t\t<\/div>\n\t\t\t\t\t<\/div>\n\t\t<\/section>\n\t\t\t\t<section class=\"elementor-section elementor-top-section elementor-element elementor-element-afff8c3 elementor-section-boxed elementor-section-height-default elementor-section-height-default\" data-id=\"afff8c3\" data-element_type=\"section\" data-e-type=\"section\">\n\t\t\t\t\t\t<div class=\"elementor-container elementor-column-gap-default\">\n\t\t\t\t\t<div class=\"elementor-column elementor-col-50 elementor-top-column elementor-element elementor-element-7d1daac\" data-id=\"7d1daac\" data-element_type=\"column\" data-e-type=\"column\">\n\t\t\t<div class=\"elementor-widget-wrap elementor-element-populated\">\n\t\t\t\t\t\t<div class=\"elementor-element elementor-element-d50afb9 elementor-arrows-position-inside elementor-pagination-position-outside elementor-widget elementor-widget-image-carousel\" data-id=\"d50afb9\" data-element_type=\"widget\" data-e-type=\"widget\" data-settings=\"{&quot;slides_to_show&quot;:&quot;1&quot;,&quot;navigation&quot;:&quot;both&quot;,&quot;autoplay&quot;:&quot;yes&quot;,&quot;pause_on_hover&quot;:&quot;yes&quot;,&quot;pause_on_interaction&quot;:&quot;yes&quot;,&quot;autoplay_speed&quot;:5000,&quot;infinite&quot;:&quot;yes&quot;,&quot;effect&quot;:&quot;slide&quot;,&quot;speed&quot;:500}\" data-widget_type=\"image-carousel.default\">\n\t\t\t\t<div class=\"elementor-widget-container\">\n\t\t\t\t\t\t\t<div class=\"elementor-image-carousel-wrapper swiper\" role=\"region\" aria-roledescription=\"carousel\" aria-label=\"\u041a\u0430\u0440\u0443\u0441\u0435\u043b\u044c\" dir=\"ltr\">\n\t\t\t<div class=\"elementor-image-carousel swiper-wrapper\" aria-live=\"off\">\n\t\t\t\t\t\t\t\t<div class=\"swiper-slide\" role=\"group\" aria-roledescription=\"slide\" aria-label=\"1 \u0438\u0437 16\"><figure class=\"swiper-slide-inner\"><img decoding=\"async\" class=\"swiper-slide-image\" src=\"https:\/\/mustveepuukool.ee\/wp-content\/uploads\/2024\/03\/IMG_0832.jpg\" alt=\"l\u00f5ikelilled mustvee puukool\" \/><\/figure><\/div><div class=\"swiper-slide\" role=\"group\" aria-roledescription=\"slide\" aria-label=\"2 \u0438\u0437 16\"><figure class=\"swiper-slide-inner\"><img decoding=\"async\" class=\"swiper-slide-image\" src=\"https:\/\/mustveepuukool.ee\/wp-content\/uploads\/2024\/03\/IMG_1433-scaled.jpg\" alt=\"l\u00f5ikelilled mustvee puukool\" \/><\/figure><\/div><div class=\"swiper-slide\" role=\"group\" aria-roledescription=\"slide\" aria-label=\"3 \u0438\u0437 16\"><figure class=\"swiper-slide-inner\"><img decoding=\"async\" class=\"swiper-slide-image\" src=\"https:\/\/mustveepuukool.ee\/wp-content\/uploads\/2024\/03\/IMG_9633-scaled.jpg\" alt=\"l\u00f5ikelilled mustvee puukool\" \/><\/figure><\/div><div class=\"swiper-slide\" role=\"group\" aria-roledescription=\"slide\" aria-label=\"4 \u0438\u0437 16\"><figure class=\"swiper-slide-inner\"><img decoding=\"async\" class=\"swiper-slide-image\" src=\"https:\/\/mustveepuukool.ee\/wp-content\/uploads\/2024\/03\/IMG_2094.jpg\" alt=\"l\u00f5ikelilled mustvee puukool\" \/><\/figure><\/div><div class=\"swiper-slide\" role=\"group\" aria-roledescription=\"slide\" aria-label=\"5 \u0438\u0437 16\"><figure class=\"swiper-slide-inner\"><img decoding=\"async\" class=\"swiper-slide-image\" src=\"https:\/\/mustveepuukool.ee\/wp-content\/uploads\/2024\/03\/IMG_9635-scaled.jpg\" alt=\"l\u00f5ikelilled mustvee puukool\" \/><\/figure><\/div><div class=\"swiper-slide\" role=\"group\" aria-roledescription=\"slide\" aria-label=\"6 \u0438\u0437 16\"><figure class=\"swiper-slide-inner\"><img decoding=\"async\" class=\"swiper-slide-image\" src=\"https:\/\/mustveepuukool.ee\/wp-content\/uploads\/2024\/03\/IMG_9629-scaled.jpg\" alt=\"l\u00f5ikelilled mustvee puukool\" \/><\/figure><\/div><div class=\"swiper-slide\" role=\"group\" aria-roledescription=\"slide\" aria-label=\"7 \u0438\u0437 16\"><figure class=\"swiper-slide-inner\"><img decoding=\"async\" class=\"swiper-slide-image\" src=\"https:\/\/mustveepuukool.ee\/wp-content\/uploads\/2024\/03\/IMG_2097.jpg\" alt=\"l\u00f5ikelilled mustvee puukool\" \/><\/figure><\/div><div class=\"swiper-slide\" role=\"group\" aria-roledescription=\"slide\" aria-label=\"8 \u0438\u0437 16\"><figure class=\"swiper-slide-inner\"><img decoding=\"async\" class=\"swiper-slide-image\" src=\"https:\/\/mustveepuukool.ee\/wp-content\/uploads\/2024\/03\/IMG_2096.jpg\" alt=\"l\u00f5ikelilled mustvee puukool\" \/><\/figure><\/div><div class=\"swiper-slide\" role=\"group\" aria-roledescription=\"slide\" aria-label=\"9 \u0438\u0437 16\"><figure class=\"swiper-slide-inner\"><img decoding=\"async\" class=\"swiper-slide-image\" src=\"https:\/\/mustveepuukool.ee\/wp-content\/uploads\/2024\/03\/IMG_9644-scaled.jpg\" alt=\"l\u00f5ikelilled mustvee puukool\" \/><\/figure><\/div><div class=\"swiper-slide\" role=\"group\" aria-roledescription=\"slide\" aria-label=\"10 \u0438\u0437 16\"><figure class=\"swiper-slide-inner\"><img decoding=\"async\" class=\"swiper-slide-image\" src=\"https:\/\/mustveepuukool.ee\/wp-content\/uploads\/2024\/03\/IMG_2100-\u2014-\u043a\u043e\u043f\u0438\u044f.jpg\" alt=\"l\u00f5ikelilled mustvee puukool\" \/><\/figure><\/div><div class=\"swiper-slide\" role=\"group\" aria-roledescription=\"slide\" aria-label=\"11 \u0438\u0437 16\"><figure class=\"swiper-slide-inner\"><img decoding=\"async\" class=\"swiper-slide-image\" src=\"https:\/\/mustveepuukool.ee\/wp-content\/uploads\/2024\/03\/IMG_2102.jpg\" alt=\"l\u00f5ikelilled mustvee puukool\" \/><\/figure><\/div><div class=\"swiper-slide\" role=\"group\" aria-roledescription=\"slide\" aria-label=\"12 \u0438\u0437 16\"><figure class=\"swiper-slide-inner\"><img decoding=\"async\" class=\"swiper-slide-image\" src=\"https:\/\/mustveepuukool.ee\/wp-content\/uploads\/2024\/03\/IMG_2099.jpg\" alt=\"l\u00f5ikelilled mustvee puukool\" \/><\/figure><\/div><div class=\"swiper-slide\" role=\"group\" aria-roledescription=\"slide\" aria-label=\"13 \u0438\u0437 16\"><figure class=\"swiper-slide-inner\"><img decoding=\"async\" class=\"swiper-slide-image\" src=\"https:\/\/mustveepuukool.ee\/wp-content\/uploads\/2024\/03\/IMG_2095.jpg\" alt=\"l\u00f5ikelilled mustvee puukool\" \/><\/figure><\/div><div class=\"swiper-slide\" role=\"group\" aria-roledescription=\"slide\" aria-label=\"14 \u0438\u0437 16\"><figure class=\"swiper-slide-inner\"><img decoding=\"async\" class=\"swiper-slide-image\" src=\"https:\/\/mustveepuukool.ee\/wp-content\/uploads\/2024\/03\/IMG_1432-scaled.jpg\" alt=\"l\u00f5ikelilled mustvee puukool\" \/><\/figure><\/div><div class=\"swiper-slide\" role=\"group\" aria-roledescription=\"slide\" aria-label=\"15 \u0438\u0437 16\"><figure class=\"swiper-slide-inner\"><img decoding=\"async\" class=\"swiper-slide-image\" src=\"https:\/\/mustveepuukool.ee\/wp-content\/uploads\/2024\/03\/IMG_9329-scaled.jpg\" alt=\"l\u00f5ikelilled mustvee puukool\" \/><\/figure><\/div><div class=\"swiper-slide\" role=\"group\" aria-roledescription=\"slide\" aria-label=\"16 \u0438\u0437 16\"><figure class=\"swiper-slide-inner\"><img decoding=\"async\" class=\"swiper-slide-image\" src=\"https:\/\/mustveepuukool.ee\/wp-content\/uploads\/2024\/03\/IMG_9625-scaled.jpg\" alt=\"l\u00f5ikelilled mustvee puukool\" \/><\/figure><\/div>\t\t\t<\/div>\n\t\t\t\t\t\t\t\t\t\t\t\t<div class=\"elementor-swiper-button elementor-swiper-button-prev\" role=\"button\" tabindex=\"0\">\n\t\t\t\t\t\t<i aria-hidden=\"true\" class=\"eicon-chevron-left\"><\/i>\t\t\t\t\t<\/div>\n\t\t\t\t\t<div class=\"elementor-swiper-button elementor-swiper-button-next\" role=\"button\" tabindex=\"0\">\n\t\t\t\t\t\t<i aria-hidden=\"true\" class=\"eicon-chevron-right\"><\/i>\t\t\t\t\t<\/div>\n\t\t\t\t\n\t\t\t\t\t\t\t\t\t<div class=\"swiper-pagination\"><\/div>\n\t\t\t\t\t\t\t\t\t<\/div>\n\t\t\t\t\t\t<\/div>\n\t\t\t\t<\/div>\n\t\t\t\t\t<\/div>\n\t\t<\/div>\n\t\t\t\t<div class=\"elementor-column elementor-col-50 elementor-top-column elementor-element elementor-element-b2257e8\" data-id=\"b2257e8\" data-element_type=\"column\" data-e-type=\"column\">\n\t\t\t<div class=\"elementor-widget-wrap elementor-element-populated\">\n\t\t\t\t\t\t<div class=\"elementor-element elementor-element-9bfb6d7 elementor-widget elementor-widget-text-editor\" data-id=\"9bfb6d7\" data-element_type=\"widget\" data-e-type=\"widget\" data-widget_type=\"text-editor.default\">\n\t\t\t\t<div class=\"elementor-widget-container\">\n\t\t\t\t\t\t\t\t\t<p>L\u00f5ikelilli m\u00fc\u00fcme meie koduses lillepoes aadressil Aia 37, Mustvee linn<\/p><p>Meil on alati laos erinevaid l\u00f5ikelilli.<\/p><p>Samuti on v\u00f5imalik tellida lilli oma maitse ja valiku j\u00e4rgi.<\/p><p>Tellimiseks kirjuta meile sotsiaalmeedias v\u00f5i helista numbrile +372 53427711<\/p>\t\t\t\t\t\t\t\t<\/div>\n\t\t\t\t<\/div>\n\t\t\t\t<div class=\"elementor-element elementor-element-b9dba65 elementor-widget elementor-widget-button\" data-id=\"b9dba65\" data-element_type=\"widget\" data-e-type=\"widget\" data-widget_type=\"button.default\">\n\t\t\t\t<div class=\"elementor-widget-container\">\n\t\t\t\t\t\t\t\t\t<div class=\"elementor-button-wrapper\">\n\t\t\t\t\t<a class=\"elementor-button elementor-button-link elementor-size-sm\" href=\"https:\/\/mustveepuukool.ee\/et\/productcategory\/taimed\/loikelilled\/\">\n\t\t\t\t\t\t<span class=\"elementor-button-content-wrapper\">\n\t\t\t\t\t\t\t\t\t<span class=\"elementor-button-text\">Tellida<\/span>\n\t\t\t\t\t<\/span>\n\t\t\t\t\t<\/a>\n\t\t\t\t<\/div>\n\t\t\t\t\t\t\t\t<\/div>\n\t\t\t\t<\/div>\n\t\t\t\t\t<\/div>\n\t\t<\/div>\n\t\t\t\t\t<\/div>\n\t\t<\/section>\n\t\t\t\t<\/div>","protected":false},"excerpt":{"rendered":"<p>\u0420\u0435\u0437\u043d\u044b\u0435 \u0446\u0432\u0435\u0442\u044b \u041f\u0440\u043e\u0434\u0430\u0451\u043c \u0441\u0440\u0435\u0437\u0430\u043d\u043d\u044b\u0435 \u0446\u0432\u0435\u0442\u044b \u0432 \u043d\u0430\u0448\u0435\u043c \u0434\u043e\u043c\u0430\u0448\u043d\u0435\u043c \u0446\u0432\u0435\u0442\u043e\u0447\u043d\u043e\u043c \u043c\u0430\u0433\u0430\u0437\u0438\u043d\u0435 \u043f\u043e \u0430\u0434\u0440\u0435\u0441\u0443 Aia 37, Mustvee linn \u0423 \u043d\u0430\u0441 \u0432\u0441\u0435\u0433\u0434\u0430 \u0435\u0441\u0442\u044c \u0432 \u043d\u0430\u043b\u0438\u0447\u0438\u0438 \u0440\u0430\u0437\u043d\u044b\u0435 \u0441\u0440\u0435\u0437\u0430\u043d\u043d\u044b\u0435 \u0446\u0432\u0435\u0442\u044b. \u0422\u0430\u043a\u0436\u0435 \u0435\u0441\u0442\u044c \u0432\u043e\u0437\u043c\u043e\u0436\u043d\u043e\u0441\u0442\u044c \u0437\u0430\u043a\u0430\u0437\u0430\u0442\u044c \u0446\u0432\u0435\u0442\u044b \u043d\u0430 \u0432\u0430\u0448 \u0432\u043a\u0443\u0441 \u0438 \u0432\u044b\u0431\u043e\u0440. \u0414\u043b\u044f \u0437\u0430\u043a\u0430\u0437\u0430 \u043d\u0430\u043f\u0438\u0448\u0438\u0442\u0435 \u043d\u0430\u043c \u0432 \u0441\u043e\u0446\u0438\u0430\u043b\u044c\u043d\u044b\u0445 \u0441\u0435\u0442\u044f\u0445 \u0438\u043b\u0438 \u043f\u043e \u043d\u043e\u043c\u0435\u0440\u0443 +372 53427711 \u0417\u0430\u043a\u0430\u0437\u0430\u0442\u044c<\/p>","protected":false},"author":1,"featured_media":0,"parent":0,"menu_order":0,"comment_status":"closed","ping_status":"closed","template":"","meta":{"footnotes":""},"class_list":["post-2142","page","type-page","status-publish","hentry"],"jetpack_sharing_enabled":true,"_links":{"self":[{"href":"https:\/\/mustveepuukool.ee\/et\/wp-json\/wp\/v2\/pages\/2142","targetHints":{"allow":["GET"]}}],"collection":[{"href":"https:\/\/mustveepuukool.ee\/et\/wp-json\/wp\/v2\/pages"}],"about":[{"href":"https:\/\/mustveepuukool.ee\/et\/wp-json\/wp\/v2\/types\/page"}],"author":[{"embeddable":true,"href":"https:\/\/mustveepuukool.ee\/et\/wp-json\/wp\/v2\/users\/1"}],"replies":[{"embeddable":true,"href":"https:\/\/mustveepuukool.ee\/et\/wp-json\/wp\/v2\/comments?post=2142"}],"version-history":[{"count":40,"href":"https:\/\/mustveepuukool.ee\/et\/wp-json\/wp\/v2\/pages\/2142\/revisions"}],"predecessor-version":[{"id":15794,"href":"https:\/\/mustveepuukool.ee\/et\/wp-json\/wp\/v2\/pages\/2142\/revisions\/15794"}],"wp:attachment":[{"href":"https:\/\/mustveepuukool.ee\/et\/wp-json\/wp\/v2\/media?parent=2142"}],"curies":[{"name":"wp","href":"https:\/\/api.w.org\/{rel}","templated":true}]}}