{"id":1000,"date":"2024-01-31T18:53:44","date_gmt":"2024-01-31T18:53:44","guid":{"rendered":"https:\/\/mustveepuukool.ee\/?post_type=product&#038;p=1000"},"modified":"2026-04-10T10:13:19","modified_gmt":"2026-04-10T10:13:19","slug":"malus-domestica-belorusskoje-sladkoje","status":"publish","type":"product","link":"https:\/\/mustveepuukool.ee\/et\/shop\/taimed\/viljapuud-ja-marjad\/ounapuud\/malus-domestica-belorusskoje-sladkoje\/","title":{"rendered":"Malus domestica &#8216;Belorusskoje Sladkoje&#8217;"},"content":{"rendered":"<p>Tali\u00f5un. \u00d5unad s\u00f6\u00f6misk\u00fcpsed alates septembrist ja s\u00e4ilib detsembrini. P\u00f5hiv\u00e4rvus roheline, suuremat osa viljast katab punane kattev\u00e4rvus, suured ja keskmised, magusad, maitsev, mahlased, aromaatse maitsega. Isetolmeja. Dekoratiivne l\u00e4bi hooaja. V\u00e4hen\u00f5udlik. V\u00e4ga varase saagikandega (teisel aastal).<\/p>","protected":false},"excerpt":{"rendered":"<p>\u00d5unapuu<\/p>","protected":false},"featured_media":1001,"template":"","meta":[],"product_brand":[],"product_cat":[92],"product_tag":[],"class_list":{"0":"post-1000","1":"product","2":"type-product","3":"status-publish","4":"has-post-thumbnail","6":"product_cat-ounapuud","7":"pa_suurus-7l-pott-15m-suurus","9":"first","10":"instock","11":"shipping-taxable","12":"purchasable","13":"product-type-variable","14":"has-default-attributes"},"jetpack_sharing_enabled":true,"_links":{"self":[{"href":"https:\/\/mustveepuukool.ee\/et\/wp-json\/wp\/v2\/product\/1000","targetHints":{"allow":["GET"]}}],"collection":[{"href":"https:\/\/mustveepuukool.ee\/et\/wp-json\/wp\/v2\/product"}],"about":[{"href":"https:\/\/mustveepuukool.ee\/et\/wp-json\/wp\/v2\/types\/product"}],"version-history":[{"count":2,"href":"https:\/\/mustveepuukool.ee\/et\/wp-json\/wp\/v2\/product\/1000\/revisions"}],"predecessor-version":[{"id":8211,"href":"https:\/\/mustveepuukool.ee\/et\/wp-json\/wp\/v2\/product\/1000\/revisions\/8211"}],"wp:featuredmedia":[{"embeddable":true,"href":"https:\/\/mustveepuukool.ee\/et\/wp-json\/wp\/v2\/media\/1001"}],"wp:attachment":[{"href":"https:\/\/mustveepuukool.ee\/et\/wp-json\/wp\/v2\/media?parent=1000"}],"wp:term":[{"taxonomy":"product_brand","embeddable":true,"href":"https:\/\/mustveepuukool.ee\/et\/wp-json\/wp\/v2\/product_brand?post=1000"},{"taxonomy":"product_cat","embeddable":true,"href":"https:\/\/mustveepuukool.ee\/et\/wp-json\/wp\/v2\/product_cat?post=1000"},{"taxonomy":"product_tag","embeddable":true,"href":"https:\/\/mustveepuukool.ee\/et\/wp-json\/wp\/v2\/product_tag?post=1000"}],"curies":[{"name":"wp","href":"https:\/\/api.w.org\/{rel}","templated":true}]}}