{"id":1002,"date":"2024-01-31T18:55:49","date_gmt":"2024-01-31T18:55:49","guid":{"rendered":"https:\/\/mustveepuukool.ee\/?post_type=product&#038;p=1002"},"modified":"2026-01-21T15:57:41","modified_gmt":"2026-01-21T15:57:41","slug":"malus-domestica-bogator","status":"publish","type":"product","link":"https:\/\/mustveepuukool.ee\/et\/shop\/taimed\/viljapuud-ja-marjad\/ounapuud\/malus-domestica-bogator\/","title":{"rendered":"Malus domestica &#8216;Bogat\u00f5r&#8217;"},"content":{"rendered":"<p>Tali\u00f5un. Puu on tugevakasvuline, \u00fcmara v\u00f5raga. Saaki saab koristada septembris-oktoobris, s\u00e4ilivad kuni maini. Vili on suur (170-400g), kollakasroheline, mida katab p\u00e4ikesepoolsel poolel hajuv puna. Viljaliha mahlane, \u00f5rn, tihe, aromaatne, hapukasmagus.<\/p>","protected":false},"excerpt":{"rendered":"<p>\u00d5unapuu<\/p>","protected":false},"featured_media":1003,"template":"","meta":[],"product_brand":[],"product_cat":[92],"product_tag":[],"class_list":{"0":"post-1002","1":"product","2":"type-product","3":"status-publish","4":"has-post-thumbnail","6":"product_cat-ounapuud","7":"pa_suurus-taiskasvanud-istik-tugeva-juurestikuga","8":"pa_suurus-vaiksema-suurusega-istik","10":"first","11":"outofstock","12":"shipping-taxable","13":"purchasable","14":"product-type-variable","15":"has-default-attributes"},"jetpack_sharing_enabled":true,"_links":{"self":[{"href":"https:\/\/mustveepuukool.ee\/et\/wp-json\/wp\/v2\/product\/1002","targetHints":{"allow":["GET"]}}],"collection":[{"href":"https:\/\/mustveepuukool.ee\/et\/wp-json\/wp\/v2\/product"}],"about":[{"href":"https:\/\/mustveepuukool.ee\/et\/wp-json\/wp\/v2\/types\/product"}],"version-history":[{"count":2,"href":"https:\/\/mustveepuukool.ee\/et\/wp-json\/wp\/v2\/product\/1002\/revisions"}],"predecessor-version":[{"id":8789,"href":"https:\/\/mustveepuukool.ee\/et\/wp-json\/wp\/v2\/product\/1002\/revisions\/8789"}],"wp:featuredmedia":[{"embeddable":true,"href":"https:\/\/mustveepuukool.ee\/et\/wp-json\/wp\/v2\/media\/1003"}],"wp:attachment":[{"href":"https:\/\/mustveepuukool.ee\/et\/wp-json\/wp\/v2\/media?parent=1002"}],"wp:term":[{"taxonomy":"product_brand","embeddable":true,"href":"https:\/\/mustveepuukool.ee\/et\/wp-json\/wp\/v2\/product_brand?post=1002"},{"taxonomy":"product_cat","embeddable":true,"href":"https:\/\/mustveepuukool.ee\/et\/wp-json\/wp\/v2\/product_cat?post=1002"},{"taxonomy":"product_tag","embeddable":true,"href":"https:\/\/mustveepuukool.ee\/et\/wp-json\/wp\/v2\/product_tag?post=1002"}],"curies":[{"name":"wp","href":"https:\/\/api.w.org\/{rel}","templated":true}]}}