{"id":1007,"date":"2024-01-31T19:05:53","date_gmt":"2024-01-31T19:05:53","guid":{"rendered":"https:\/\/mustveepuukool.ee\/?post_type=product&#038;p=1007"},"modified":"2026-01-21T15:57:41","modified_gmt":"2026-01-21T15:57:41","slug":"malus-domestica-cukurins","status":"publish","type":"product","link":"https:\/\/mustveepuukool.ee\/et\/shop\/taimed\/viljapuud-ja-marjad\/ounapuud\/malus-domestica-cukurins\/","title":{"rendered":"Malus domestica &#8216;Cukurin\u0161&#8217;"},"content":{"rendered":"<p>Varasuvine sort. Armastatud L\u00e4ti koduaia magusamaitseline sort. Keskmise suurusega viljad, kauni punasetriibulise kattev\u00e4rvusega. Hea suvine laua\u00f5un.<\/p>","protected":false},"excerpt":{"rendered":"<p>\u00d5unapuu<\/p>","protected":false},"featured_media":1008,"template":"","meta":[],"product_brand":[],"product_cat":[92],"product_tag":[],"class_list":{"0":"post-1007","1":"product","2":"type-product","3":"status-publish","4":"has-post-thumbnail","6":"product_cat-ounapuud","7":"pa_suurus-taiskasvanud-istik-tugeva-juurestikuga","8":"pa_suurus-vaiksema-suurusega-istik","10":"first","11":"outofstock","12":"shipping-taxable","13":"purchasable","14":"product-type-variable","15":"has-default-attributes"},"jetpack_sharing_enabled":true,"_links":{"self":[{"href":"https:\/\/mustveepuukool.ee\/et\/wp-json\/wp\/v2\/product\/1007","targetHints":{"allow":["GET"]}}],"collection":[{"href":"https:\/\/mustveepuukool.ee\/et\/wp-json\/wp\/v2\/product"}],"about":[{"href":"https:\/\/mustveepuukool.ee\/et\/wp-json\/wp\/v2\/types\/product"}],"version-history":[{"count":2,"href":"https:\/\/mustveepuukool.ee\/et\/wp-json\/wp\/v2\/product\/1007\/revisions"}],"predecessor-version":[{"id":8795,"href":"https:\/\/mustveepuukool.ee\/et\/wp-json\/wp\/v2\/product\/1007\/revisions\/8795"}],"wp:featuredmedia":[{"embeddable":true,"href":"https:\/\/mustveepuukool.ee\/et\/wp-json\/wp\/v2\/media\/1008"}],"wp:attachment":[{"href":"https:\/\/mustveepuukool.ee\/et\/wp-json\/wp\/v2\/media?parent=1007"}],"wp:term":[{"taxonomy":"product_brand","embeddable":true,"href":"https:\/\/mustveepuukool.ee\/et\/wp-json\/wp\/v2\/product_brand?post=1007"},{"taxonomy":"product_cat","embeddable":true,"href":"https:\/\/mustveepuukool.ee\/et\/wp-json\/wp\/v2\/product_cat?post=1007"},{"taxonomy":"product_tag","embeddable":true,"href":"https:\/\/mustveepuukool.ee\/et\/wp-json\/wp\/v2\/product_tag?post=1007"}],"curies":[{"name":"wp","href":"https:\/\/api.w.org\/{rel}","templated":true}]}}