{"id":1009,"date":"2024-01-31T19:08:41","date_gmt":"2024-01-31T19:08:41","guid":{"rendered":"https:\/\/mustveepuukool.ee\/?post_type=product&#038;p=1009"},"modified":"2026-01-21T15:57:41","modified_gmt":"2026-01-21T15:57:41","slug":"malus-domestica-eksotika","status":"publish","type":"product","link":"https:\/\/mustveepuukool.ee\/et\/shop\/taimed\/viljapuud-ja-marjad\/ounapuud\/malus-domestica-eksotika\/","title":{"rendered":"Malus domestica &#8216;Eksotika&#8217;"},"content":{"rendered":"<p>S\u00fcgissort. Aretatud L\u00e4tis suhteliselt hiljuti. V\u00e4ga kauni tumepunase kattev\u00e4rvusega, hea mahlane hapumagus viljaliha, m\u00f5nusalt teraline ja mahlane. Sobib h\u00e4sti ka mahlaks ning hoidisteks. Tugeva koore t\u00f5ttu on hea vastupidavusega k\u00e4rnt\u00f5vele.<\/p>","protected":false},"excerpt":{"rendered":"<p>\u00d5unapuu<\/p>","protected":false},"featured_media":1010,"template":"","meta":[],"product_brand":[],"product_cat":[92],"product_tag":[],"class_list":{"0":"post-1009","1":"product","2":"type-product","3":"status-publish","4":"has-post-thumbnail","6":"product_cat-ounapuud","7":"pa_suurus-taiskasvanud-istik-tugeva-juurestikuga","8":"pa_suurus-vaiksema-suurusega-istik","10":"first","11":"outofstock","12":"shipping-taxable","13":"purchasable","14":"product-type-variable","15":"has-default-attributes"},"jetpack_sharing_enabled":true,"_links":{"self":[{"href":"https:\/\/mustveepuukool.ee\/et\/wp-json\/wp\/v2\/product\/1009","targetHints":{"allow":["GET"]}}],"collection":[{"href":"https:\/\/mustveepuukool.ee\/et\/wp-json\/wp\/v2\/product"}],"about":[{"href":"https:\/\/mustveepuukool.ee\/et\/wp-json\/wp\/v2\/types\/product"}],"version-history":[{"count":2,"href":"https:\/\/mustveepuukool.ee\/et\/wp-json\/wp\/v2\/product\/1009\/revisions"}],"predecessor-version":[{"id":8798,"href":"https:\/\/mustveepuukool.ee\/et\/wp-json\/wp\/v2\/product\/1009\/revisions\/8798"}],"wp:featuredmedia":[{"embeddable":true,"href":"https:\/\/mustveepuukool.ee\/et\/wp-json\/wp\/v2\/media\/1010"}],"wp:attachment":[{"href":"https:\/\/mustveepuukool.ee\/et\/wp-json\/wp\/v2\/media?parent=1009"}],"wp:term":[{"taxonomy":"product_brand","embeddable":true,"href":"https:\/\/mustveepuukool.ee\/et\/wp-json\/wp\/v2\/product_brand?post=1009"},{"taxonomy":"product_cat","embeddable":true,"href":"https:\/\/mustveepuukool.ee\/et\/wp-json\/wp\/v2\/product_cat?post=1009"},{"taxonomy":"product_tag","embeddable":true,"href":"https:\/\/mustveepuukool.ee\/et\/wp-json\/wp\/v2\/product_tag?post=1009"}],"curies":[{"name":"wp","href":"https:\/\/api.w.org\/{rel}","templated":true}]}}