{"id":1013,"date":"2024-02-02T15:01:36","date_gmt":"2024-02-02T15:01:36","guid":{"rendered":"https:\/\/mustveepuukool.ee\/?post_type=product&#038;p=1013"},"modified":"2026-04-10T08:25:17","modified_gmt":"2026-04-10T08:25:17","slug":"malus-domestica-konfetnoje","status":"publish","type":"product","link":"https:\/\/mustveepuukool.ee\/et\/shop\/taimed\/viljapuud-ja-marjad\/ounapuud\/malus-domestica-konfetnoje\/","title":{"rendered":"Malus domestica  &#8216;Konfetnaja&#8217;"},"content":{"rendered":"<p>Suve\u00f5un Venemaa p\u00e4ritolu. 'Korobovka' ja 'Papirovka' ristamise teel.  Valmib veidi peale 'Valget Klaar'. \u00d5unad s\u00f6\u00f6misk\u00fcpsed augusti teisel poolel v\u00f5i septembri alguses. P\u00f5hiv\u00e4rvus kollane, triibulise punaga, suured ja keskmised, ilusad, heamaitselised, \u00fclimahlased, aromaatse maitsega. Isetolmeja. Dekoratiivne l\u00e4bi hooaja. V\u00e4hen\u00f5udlik. Varase saagikandega (kolmandalaastal).<\/p>","protected":false},"excerpt":{"rendered":"<p>\u00d5unapuu<\/p>","protected":false},"featured_media":1111,"template":"","meta":[],"product_brand":[],"product_cat":[92],"product_tag":[],"class_list":{"0":"post-1013","1":"product","2":"type-product","3":"status-publish","4":"has-post-thumbnail","6":"product_cat-ounapuud","7":"pa_suurus-7l-pott-15m-suurus","9":"first","10":"instock","11":"shipping-taxable","12":"purchasable","13":"product-type-variable","14":"has-default-attributes"},"jetpack_sharing_enabled":true,"_links":{"self":[{"href":"https:\/\/mustveepuukool.ee\/et\/wp-json\/wp\/v2\/product\/1013","targetHints":{"allow":["GET"]}}],"collection":[{"href":"https:\/\/mustveepuukool.ee\/et\/wp-json\/wp\/v2\/product"}],"about":[{"href":"https:\/\/mustveepuukool.ee\/et\/wp-json\/wp\/v2\/types\/product"}],"version-history":[{"count":2,"href":"https:\/\/mustveepuukool.ee\/et\/wp-json\/wp\/v2\/product\/1013\/revisions"}],"predecessor-version":[{"id":8267,"href":"https:\/\/mustveepuukool.ee\/et\/wp-json\/wp\/v2\/product\/1013\/revisions\/8267"}],"wp:featuredmedia":[{"embeddable":true,"href":"https:\/\/mustveepuukool.ee\/et\/wp-json\/wp\/v2\/media\/1111"}],"wp:attachment":[{"href":"https:\/\/mustveepuukool.ee\/et\/wp-json\/wp\/v2\/media?parent=1013"}],"wp:term":[{"taxonomy":"product_brand","embeddable":true,"href":"https:\/\/mustveepuukool.ee\/et\/wp-json\/wp\/v2\/product_brand?post=1013"},{"taxonomy":"product_cat","embeddable":true,"href":"https:\/\/mustveepuukool.ee\/et\/wp-json\/wp\/v2\/product_cat?post=1013"},{"taxonomy":"product_tag","embeddable":true,"href":"https:\/\/mustveepuukool.ee\/et\/wp-json\/wp\/v2\/product_tag?post=1013"}],"curies":[{"name":"wp","href":"https:\/\/api.w.org\/{rel}","templated":true}]}}