{"id":1014,"date":"2024-02-02T15:05:06","date_gmt":"2024-02-02T15:05:06","guid":{"rendered":"https:\/\/mustveepuukool.ee\/?post_type=product&#038;p=1014"},"modified":"2026-01-21T15:57:41","modified_gmt":"2026-01-21T15:57:41","slug":"malus-domestica-medunica","status":"publish","type":"product","link":"https:\/\/mustveepuukool.ee\/et\/shop\/taimed\/viljapuud-ja-marjad\/ounapuud\/malus-domestica-medunica\/","title":{"rendered":"Malus domestica &#8216;Medunica&#8217;"},"content":{"rendered":"<p>Suve\u00f5un. Puu on tugevakasvuline, v\u00f5ra lame\u00fcmar, tihe. Vili on keskmise suurusega (130g), eba\u00fchtlane, \u00fcmarkooniline, laiade ribidega, helekollane, suuremal osal viljast roosakas triibuline puna. Viljaliha on valge, \u00f5rn, peeneteraline, mahlane, aromaatne, hapukasmagus.<\/p>","protected":false},"excerpt":{"rendered":"<p>\u00d5unapuu<\/p>","protected":false},"featured_media":1015,"template":"","meta":[],"product_brand":[],"product_cat":[92],"product_tag":[],"class_list":{"0":"post-1014","1":"product","2":"type-product","3":"status-publish","4":"has-post-thumbnail","6":"product_cat-ounapuud","7":"pa_suurus-taiskasvanud-istik-tugeva-juurestikuga","8":"pa_suurus-vaiksema-suurusega-istik","10":"first","11":"outofstock","12":"shipping-taxable","13":"purchasable","14":"product-type-variable","15":"has-default-attributes"},"jetpack_sharing_enabled":true,"_links":{"self":[{"href":"https:\/\/mustveepuukool.ee\/et\/wp-json\/wp\/v2\/product\/1014","targetHints":{"allow":["GET"]}}],"collection":[{"href":"https:\/\/mustveepuukool.ee\/et\/wp-json\/wp\/v2\/product"}],"about":[{"href":"https:\/\/mustveepuukool.ee\/et\/wp-json\/wp\/v2\/types\/product"}],"version-history":[{"count":2,"href":"https:\/\/mustveepuukool.ee\/et\/wp-json\/wp\/v2\/product\/1014\/revisions"}],"predecessor-version":[{"id":8804,"href":"https:\/\/mustveepuukool.ee\/et\/wp-json\/wp\/v2\/product\/1014\/revisions\/8804"}],"wp:featuredmedia":[{"embeddable":true,"href":"https:\/\/mustveepuukool.ee\/et\/wp-json\/wp\/v2\/media\/1015"}],"wp:attachment":[{"href":"https:\/\/mustveepuukool.ee\/et\/wp-json\/wp\/v2\/media?parent=1014"}],"wp:term":[{"taxonomy":"product_brand","embeddable":true,"href":"https:\/\/mustveepuukool.ee\/et\/wp-json\/wp\/v2\/product_brand?post=1014"},{"taxonomy":"product_cat","embeddable":true,"href":"https:\/\/mustveepuukool.ee\/et\/wp-json\/wp\/v2\/product_cat?post=1014"},{"taxonomy":"product_tag","embeddable":true,"href":"https:\/\/mustveepuukool.ee\/et\/wp-json\/wp\/v2\/product_tag?post=1014"}],"curies":[{"name":"wp","href":"https:\/\/api.w.org\/{rel}","templated":true}]}}