{"id":1018,"date":"2024-02-02T15:23:07","date_gmt":"2024-02-02T15:23:07","guid":{"rendered":"https:\/\/mustveepuukool.ee\/?post_type=product&#038;p=1018"},"modified":"2026-05-04T10:36:23","modified_gmt":"2026-05-04T10:36:23","slug":"malus-domestica-orlik","status":"publish","type":"product","link":"https:\/\/mustveepuukool.ee\/et\/shop\/taimed\/viljapuud-ja-marjad\/ounapuud\/malus-domestica-orlik\/","title":{"rendered":"Malus domestica &#8216;Orlik&#8217;"},"content":{"rendered":"<p>Tali\u00f5un. Puu on keskmise kasvuga, varaviljakas ja saagikas. Vili on keskmine, \u00fcmar, pruunikaspunase kattev\u00e4rvusega, tiheda ja peeneteraliseviljalihaga ning aromaatse hapukasmagusa maitsega.<\/p>","protected":false},"excerpt":{"rendered":"<p>\u00d5unapuu<\/p>","protected":false},"featured_media":1019,"template":"","meta":[],"product_brand":[],"product_cat":[92],"product_tag":[],"class_list":{"0":"post-1018","1":"product","2":"type-product","3":"status-publish","4":"has-post-thumbnail","6":"product_cat-ounapuud","7":"pa_suurus-taiskasvanud-istik-tugeva-juurestikuga","8":"pa_suurus-vaiksema-suurusega-istik","10":"first","11":"instock","12":"shipping-taxable","13":"purchasable","14":"product-type-variable","15":"has-default-attributes"},"jetpack_sharing_enabled":true,"_links":{"self":[{"href":"https:\/\/mustveepuukool.ee\/et\/wp-json\/wp\/v2\/product\/1018","targetHints":{"allow":["GET"]}}],"collection":[{"href":"https:\/\/mustveepuukool.ee\/et\/wp-json\/wp\/v2\/product"}],"about":[{"href":"https:\/\/mustveepuukool.ee\/et\/wp-json\/wp\/v2\/types\/product"}],"version-history":[{"count":2,"href":"https:\/\/mustveepuukool.ee\/et\/wp-json\/wp\/v2\/product\/1018\/revisions"}],"predecessor-version":[{"id":8807,"href":"https:\/\/mustveepuukool.ee\/et\/wp-json\/wp\/v2\/product\/1018\/revisions\/8807"}],"wp:featuredmedia":[{"embeddable":true,"href":"https:\/\/mustveepuukool.ee\/et\/wp-json\/wp\/v2\/media\/1019"}],"wp:attachment":[{"href":"https:\/\/mustveepuukool.ee\/et\/wp-json\/wp\/v2\/media?parent=1018"}],"wp:term":[{"taxonomy":"product_brand","embeddable":true,"href":"https:\/\/mustveepuukool.ee\/et\/wp-json\/wp\/v2\/product_brand?post=1018"},{"taxonomy":"product_cat","embeddable":true,"href":"https:\/\/mustveepuukool.ee\/et\/wp-json\/wp\/v2\/product_cat?post=1018"},{"taxonomy":"product_tag","embeddable":true,"href":"https:\/\/mustveepuukool.ee\/et\/wp-json\/wp\/v2\/product_tag?post=1018"}],"curies":[{"name":"wp","href":"https:\/\/api.w.org\/{rel}","templated":true}]}}