{"id":1020,"date":"2024-02-02T15:44:25","date_gmt":"2024-02-02T15:44:25","guid":{"rendered":"https:\/\/mustveepuukool.ee\/?post_type=product&#038;p=1020"},"modified":"2026-04-10T08:42:42","modified_gmt":"2026-04-10T08:42:42","slug":"malus-domestica-riia-roos","status":"publish","type":"product","link":"https:\/\/mustveepuukool.ee\/et\/shop\/taimed\/viljapuud-ja-marjad\/ounapuud\/malus-domestica-riia-roos\/","title":{"rendered":"Malus domestica &#8216;R\u012bgas Ro\u017e\u0101bele&#8217;"},"content":{"rendered":"<p>Hilis\u00fcgisene sort L\u00e4ti p\u00e4ritolu. \u00d5unad s\u00f6\u00f6misk\u00fcpsed augusti l\u00f5pus. Viljad rohekaskollased punasep\u00f5selised, keskmised, heamaitselised, v\u00e4ga mahlased, aromaatse maitsega. Isetolmeja. Dekoratiivne l\u00e4bi hooaja. V\u00e4hen\u00f5udlik.<\/p>","protected":false},"excerpt":{"rendered":"<p>\u00d5unapuu 'Riia Roos'<\/p>","protected":false},"featured_media":1021,"template":"","meta":[],"product_brand":[],"product_cat":[92],"product_tag":[],"class_list":{"0":"post-1020","1":"product","2":"type-product","3":"status-publish","4":"has-post-thumbnail","6":"product_cat-ounapuud","7":"pa_suurus-7l-pott-15m-suurus","9":"first","10":"instock","11":"shipping-taxable","12":"purchasable","13":"product-type-variable","14":"has-default-attributes"},"jetpack_sharing_enabled":true,"_links":{"self":[{"href":"https:\/\/mustveepuukool.ee\/et\/wp-json\/wp\/v2\/product\/1020","targetHints":{"allow":["GET"]}}],"collection":[{"href":"https:\/\/mustveepuukool.ee\/et\/wp-json\/wp\/v2\/product"}],"about":[{"href":"https:\/\/mustveepuukool.ee\/et\/wp-json\/wp\/v2\/types\/product"}],"version-history":[{"count":2,"href":"https:\/\/mustveepuukool.ee\/et\/wp-json\/wp\/v2\/product\/1020\/revisions"}],"predecessor-version":[{"id":8311,"href":"https:\/\/mustveepuukool.ee\/et\/wp-json\/wp\/v2\/product\/1020\/revisions\/8311"}],"wp:featuredmedia":[{"embeddable":true,"href":"https:\/\/mustveepuukool.ee\/et\/wp-json\/wp\/v2\/media\/1021"}],"wp:attachment":[{"href":"https:\/\/mustveepuukool.ee\/et\/wp-json\/wp\/v2\/media?parent=1020"}],"wp:term":[{"taxonomy":"product_brand","embeddable":true,"href":"https:\/\/mustveepuukool.ee\/et\/wp-json\/wp\/v2\/product_brand?post=1020"},{"taxonomy":"product_cat","embeddable":true,"href":"https:\/\/mustveepuukool.ee\/et\/wp-json\/wp\/v2\/product_cat?post=1020"},{"taxonomy":"product_tag","embeddable":true,"href":"https:\/\/mustveepuukool.ee\/et\/wp-json\/wp\/v2\/product_tag?post=1020"}],"curies":[{"name":"wp","href":"https:\/\/api.w.org\/{rel}","templated":true}]}}