{"id":1024,"date":"2024-02-02T15:54:37","date_gmt":"2024-02-02T15:54:37","guid":{"rendered":"https:\/\/mustveepuukool.ee\/?post_type=product&#038;p=1024"},"modified":"2026-05-04T10:41:54","modified_gmt":"2026-05-04T10:41:54","slug":"malus-domestica-sinap-orlovski","status":"publish","type":"product","link":"https:\/\/mustveepuukool.ee\/et\/shop\/taimed\/viljapuud-ja-marjad\/ounapuud\/malus-domestica-sinap-orlovski\/","title":{"rendered":"Malus domestica &#8216;Sinap Orlovski&#8217;"},"content":{"rendered":"<p>Tali\u00f5un. Puu on tugeva kasvuga, k\u00fclmakindel ja k\u00e4rnt\u00f5ve suhtes k\u00fcllaltki vastupidav. Saagikas, varaviljuv ja kauas\u00e4iliv. Valminud \u00f5unad on koristusk\u00fcpsed septembri teisel poolel, viljad on keskmise suurusega, \u00fcmarovaalsed, rohekaskollased ja n\u00f5rga punase kattev\u00e4rvusega ning maitselt magushapud. \u00d5unad s\u00e4ilivad kuni aprillini.<\/p>","protected":false},"excerpt":{"rendered":"<p>\u00d5unapuu<\/p>","protected":false},"featured_media":1025,"template":"","meta":[],"product_brand":[],"product_cat":[92],"product_tag":[],"class_list":{"0":"post-1024","1":"product","2":"type-product","3":"status-publish","4":"has-post-thumbnail","6":"product_cat-ounapuud","7":"pa_suurus-7l-pott-15m-suurus","9":"first","10":"instock","11":"shipping-taxable","12":"purchasable","13":"product-type-variable","14":"has-default-attributes"},"jetpack_sharing_enabled":true,"_links":{"self":[{"href":"https:\/\/mustveepuukool.ee\/et\/wp-json\/wp\/v2\/product\/1024","targetHints":{"allow":["GET"]}}],"collection":[{"href":"https:\/\/mustveepuukool.ee\/et\/wp-json\/wp\/v2\/product"}],"about":[{"href":"https:\/\/mustveepuukool.ee\/et\/wp-json\/wp\/v2\/types\/product"}],"version-history":[{"count":2,"href":"https:\/\/mustveepuukool.ee\/et\/wp-json\/wp\/v2\/product\/1024\/revisions"}],"predecessor-version":[{"id":8819,"href":"https:\/\/mustveepuukool.ee\/et\/wp-json\/wp\/v2\/product\/1024\/revisions\/8819"}],"wp:featuredmedia":[{"embeddable":true,"href":"https:\/\/mustveepuukool.ee\/et\/wp-json\/wp\/v2\/media\/1025"}],"wp:attachment":[{"href":"https:\/\/mustveepuukool.ee\/et\/wp-json\/wp\/v2\/media?parent=1024"}],"wp:term":[{"taxonomy":"product_brand","embeddable":true,"href":"https:\/\/mustveepuukool.ee\/et\/wp-json\/wp\/v2\/product_brand?post=1024"},{"taxonomy":"product_cat","embeddable":true,"href":"https:\/\/mustveepuukool.ee\/et\/wp-json\/wp\/v2\/product_cat?post=1024"},{"taxonomy":"product_tag","embeddable":true,"href":"https:\/\/mustveepuukool.ee\/et\/wp-json\/wp\/v2\/product_tag?post=1024"}],"curies":[{"name":"wp","href":"https:\/\/api.w.org\/{rel}","templated":true}]}}