{"id":1026,"date":"2024-02-02T16:00:05","date_gmt":"2024-02-02T16:00:05","guid":{"rendered":"https:\/\/mustveepuukool.ee\/?post_type=product&#038;p=1026"},"modified":"2026-05-04T10:43:42","modified_gmt":"2026-05-04T10:43:42","slug":"malus-domestica-sibuloun","status":"publish","type":"product","link":"https:\/\/mustveepuukool.ee\/et\/shop\/taimed\/viljapuud-ja-marjad\/ounapuud\/malus-domestica-sibuloun\/","title":{"rendered":"Malus domestica &#8216;Sibul\u00f5un&#8217;"},"content":{"rendered":"<p>Talvine sort. V\u00e4ike, kollakas roosa p\u00f5sega, omap\u00e4rase magushapu maitsega, v\u00e4ga hea aroomiga. Koor on sile, rasvane, l\u00e4ikiv. V\u00e4ga hea s\u00e4ilivusaega.<\/p>","protected":false},"excerpt":{"rendered":"<p>\u00d5unapuu\u00a0<\/p>","protected":false},"featured_media":1027,"template":"","meta":[],"product_brand":[],"product_cat":[92],"product_tag":[],"class_list":{"0":"post-1026","1":"product","2":"type-product","3":"status-publish","4":"has-post-thumbnail","6":"product_cat-ounapuud","7":"pa_suurus-7l-pott-15m-suurus","9":"first","10":"instock","11":"shipping-taxable","12":"purchasable","13":"product-type-variable","14":"has-default-attributes"},"jetpack_sharing_enabled":true,"_links":{"self":[{"href":"https:\/\/mustveepuukool.ee\/et\/wp-json\/wp\/v2\/product\/1026","targetHints":{"allow":["GET"]}}],"collection":[{"href":"https:\/\/mustveepuukool.ee\/et\/wp-json\/wp\/v2\/product"}],"about":[{"href":"https:\/\/mustveepuukool.ee\/et\/wp-json\/wp\/v2\/types\/product"}],"version-history":[{"count":2,"href":"https:\/\/mustveepuukool.ee\/et\/wp-json\/wp\/v2\/product\/1026\/revisions"}],"predecessor-version":[{"id":8822,"href":"https:\/\/mustveepuukool.ee\/et\/wp-json\/wp\/v2\/product\/1026\/revisions\/8822"}],"wp:featuredmedia":[{"embeddable":true,"href":"https:\/\/mustveepuukool.ee\/et\/wp-json\/wp\/v2\/media\/1027"}],"wp:attachment":[{"href":"https:\/\/mustveepuukool.ee\/et\/wp-json\/wp\/v2\/media?parent=1026"}],"wp:term":[{"taxonomy":"product_brand","embeddable":true,"href":"https:\/\/mustveepuukool.ee\/et\/wp-json\/wp\/v2\/product_brand?post=1026"},{"taxonomy":"product_cat","embeddable":true,"href":"https:\/\/mustveepuukool.ee\/et\/wp-json\/wp\/v2\/product_cat?post=1026"},{"taxonomy":"product_tag","embeddable":true,"href":"https:\/\/mustveepuukool.ee\/et\/wp-json\/wp\/v2\/product_tag?post=1026"}],"curies":[{"name":"wp","href":"https:\/\/api.w.org\/{rel}","templated":true}]}}