{"id":1032,"date":"2024-02-02T16:28:21","date_gmt":"2024-02-02T16:28:21","guid":{"rendered":"https:\/\/mustveepuukool.ee\/?post_type=product&#038;p=1032"},"modified":"2026-04-10T09:04:19","modified_gmt":"2026-04-10T09:04:19","slug":"malus-domestica-kuldrenett","status":"publish","type":"product","link":"https:\/\/mustveepuukool.ee\/et\/shop\/taimed\/viljapuud-ja-marjad\/ounapuud\/malus-domestica-kuldrenett\/","title":{"rendered":"Malus domestica &#8216;Kuldrenett&#8217;"},"content":{"rendered":"<p>S\u00fcgisene, varatalvine sort. Puu on keskmise kasvuline, saagikas, varaviljuv. Vili keskmise suurusega, \u00fcmmargune kuni laikooniline. P\u00f5hiv\u00e4rvus kollane. Viljaliha tihe, kollakasvalge, hapumagus, v\u00e4ga maitsev.<\/p>","protected":false},"excerpt":{"rendered":"<p>Alates 23\u20ac kuni 30\u20ac<\/p>\n<p>\u00d5unapuu<\/p>","protected":false},"featured_media":1033,"template":"","meta":[],"product_brand":[],"product_cat":[92],"product_tag":[],"class_list":{"0":"post-1032","1":"product","2":"type-product","3":"status-publish","4":"has-post-thumbnail","6":"product_cat-ounapuud","7":"pa_suurus-7l-pott-15m-suurus","9":"first","10":"instock","11":"shipping-taxable","12":"purchasable","13":"product-type-variable","14":"has-default-attributes"},"jetpack_sharing_enabled":true,"_links":{"self":[{"href":"https:\/\/mustveepuukool.ee\/et\/wp-json\/wp\/v2\/product\/1032","targetHints":{"allow":["GET"]}}],"collection":[{"href":"https:\/\/mustveepuukool.ee\/et\/wp-json\/wp\/v2\/product"}],"about":[{"href":"https:\/\/mustveepuukool.ee\/et\/wp-json\/wp\/v2\/types\/product"}],"version-history":[{"count":1,"href":"https:\/\/mustveepuukool.ee\/et\/wp-json\/wp\/v2\/product\/1032\/revisions"}],"predecessor-version":[{"id":2911,"href":"https:\/\/mustveepuukool.ee\/et\/wp-json\/wp\/v2\/product\/1032\/revisions\/2911"}],"wp:featuredmedia":[{"embeddable":true,"href":"https:\/\/mustveepuukool.ee\/et\/wp-json\/wp\/v2\/media\/1033"}],"wp:attachment":[{"href":"https:\/\/mustveepuukool.ee\/et\/wp-json\/wp\/v2\/media?parent=1032"}],"wp:term":[{"taxonomy":"product_brand","embeddable":true,"href":"https:\/\/mustveepuukool.ee\/et\/wp-json\/wp\/v2\/product_brand?post=1032"},{"taxonomy":"product_cat","embeddable":true,"href":"https:\/\/mustveepuukool.ee\/et\/wp-json\/wp\/v2\/product_cat?post=1032"},{"taxonomy":"product_tag","embeddable":true,"href":"https:\/\/mustveepuukool.ee\/et\/wp-json\/wp\/v2\/product_tag?post=1032"}],"curies":[{"name":"wp","href":"https:\/\/api.w.org\/{rel}","templated":true}]}}