{"id":1034,"date":"2024-02-02T16:36:24","date_gmt":"2024-02-02T16:36:24","guid":{"rendered":"https:\/\/mustveepuukool.ee\/?post_type=product&#038;p=1034"},"modified":"2026-04-10T10:18:13","modified_gmt":"2026-04-10T10:18:13","slug":"malus-domestica-zarja-alatau","status":"publish","type":"product","link":"https:\/\/mustveepuukool.ee\/et\/shop\/taimed\/viljapuud-ja-marjad\/ounapuud\/malus-domestica-zarja-alatau\/","title":{"rendered":"Malus domestica &#8216;Zarja Alatau&#8217;"},"content":{"rendered":"<p>Talvine sort. Puu on keskmise kasvutugevusega. Vili on keskmise suurusega. Koor on l\u00e4ikiv, kollane v\u00f5i rohekaskollane, roosad p\u00f5sad p\u00e4ikeselisel k\u00fcljel. Viljaliha on tihe, mahlane, \u00f5rn, peeneteraline, magus, meeldiva aroomiga.<\/p>","protected":false},"excerpt":{"rendered":"<p>\u00d5unapuu<\/p>","protected":false},"featured_media":1035,"template":"","meta":[],"product_brand":[],"product_cat":[92],"product_tag":[],"class_list":{"0":"post-1034","1":"product","2":"type-product","3":"status-publish","4":"has-post-thumbnail","6":"product_cat-ounapuud","7":"pa_suurus-taiskasvanud-istik-tugeva-juurestikuga","8":"pa_suurus-vaiksema-suurusega-istik","10":"first","11":"instock","12":"shipping-taxable","13":"purchasable","14":"product-type-variable","15":"has-default-attributes"},"jetpack_sharing_enabled":true,"_links":{"self":[{"href":"https:\/\/mustveepuukool.ee\/et\/wp-json\/wp\/v2\/product\/1034","targetHints":{"allow":["GET"]}}],"collection":[{"href":"https:\/\/mustveepuukool.ee\/et\/wp-json\/wp\/v2\/product"}],"about":[{"href":"https:\/\/mustveepuukool.ee\/et\/wp-json\/wp\/v2\/types\/product"}],"version-history":[{"count":2,"href":"https:\/\/mustveepuukool.ee\/et\/wp-json\/wp\/v2\/product\/1034\/revisions"}],"predecessor-version":[{"id":8825,"href":"https:\/\/mustveepuukool.ee\/et\/wp-json\/wp\/v2\/product\/1034\/revisions\/8825"}],"wp:featuredmedia":[{"embeddable":true,"href":"https:\/\/mustveepuukool.ee\/et\/wp-json\/wp\/v2\/media\/1035"}],"wp:attachment":[{"href":"https:\/\/mustveepuukool.ee\/et\/wp-json\/wp\/v2\/media?parent=1034"}],"wp:term":[{"taxonomy":"product_brand","embeddable":true,"href":"https:\/\/mustveepuukool.ee\/et\/wp-json\/wp\/v2\/product_brand?post=1034"},{"taxonomy":"product_cat","embeddable":true,"href":"https:\/\/mustveepuukool.ee\/et\/wp-json\/wp\/v2\/product_cat?post=1034"},{"taxonomy":"product_tag","embeddable":true,"href":"https:\/\/mustveepuukool.ee\/et\/wp-json\/wp\/v2\/product_tag?post=1034"}],"curies":[{"name":"wp","href":"https:\/\/api.w.org\/{rel}","templated":true}]}}