{"id":1036,"date":"2024-02-02T16:46:45","date_gmt":"2024-02-02T16:46:45","guid":{"rendered":"https:\/\/mustveepuukool.ee\/?post_type=product&#038;p=1036"},"modified":"2026-05-04T10:48:29","modified_gmt":"2026-05-04T10:48:29","slug":"malus-domestica-tiina","status":"publish","type":"product","link":"https:\/\/mustveepuukool.ee\/et\/shop\/taimed\/viljapuud-ja-marjad\/ounapuud\/malus-domestica-tiina\/","title":{"rendered":"Malus domestica &#8216;Tiina&#8217;"},"content":{"rendered":"<p>S\u00fcgis\u00f5un Eesti p\u00e4ritolu. \u00d5unad s\u00f6\u00f6misk\u00fcpsed septembris ja s\u00e4ilib detsembrini. K\u00fcpsed viljad rohekaskollased punaga, suured, kaunid, heamaitselised, v\u00e4ga mahlased, kr\u00f5mpsuv. Isetolmeja. Varaviljuv, kolmandal aastal. Saagikas. Dekoratiivne l\u00e4bi hooaja. V\u00e4hen\u00f5udlik.<\/p>","protected":false},"excerpt":{"rendered":"<p>\u00d5unapuu<\/p>","protected":false},"featured_media":1037,"template":"","meta":[],"product_brand":[],"product_cat":[92],"product_tag":[],"class_list":{"0":"post-1036","1":"product","2":"type-product","3":"status-publish","4":"has-post-thumbnail","6":"product_cat-ounapuud","7":"pa_suurus-7l-pott-15m-suurus","9":"first","10":"instock","11":"shipping-taxable","12":"purchasable","13":"product-type-variable","14":"has-default-attributes"},"jetpack_sharing_enabled":true,"_links":{"self":[{"href":"https:\/\/mustveepuukool.ee\/et\/wp-json\/wp\/v2\/product\/1036","targetHints":{"allow":["GET"]}}],"collection":[{"href":"https:\/\/mustveepuukool.ee\/et\/wp-json\/wp\/v2\/product"}],"about":[{"href":"https:\/\/mustveepuukool.ee\/et\/wp-json\/wp\/v2\/types\/product"}],"version-history":[{"count":2,"href":"https:\/\/mustveepuukool.ee\/et\/wp-json\/wp\/v2\/product\/1036\/revisions"}],"predecessor-version":[{"id":8351,"href":"https:\/\/mustveepuukool.ee\/et\/wp-json\/wp\/v2\/product\/1036\/revisions\/8351"}],"wp:featuredmedia":[{"embeddable":true,"href":"https:\/\/mustveepuukool.ee\/et\/wp-json\/wp\/v2\/media\/1037"}],"wp:attachment":[{"href":"https:\/\/mustveepuukool.ee\/et\/wp-json\/wp\/v2\/media?parent=1036"}],"wp:term":[{"taxonomy":"product_brand","embeddable":true,"href":"https:\/\/mustveepuukool.ee\/et\/wp-json\/wp\/v2\/product_brand?post=1036"},{"taxonomy":"product_cat","embeddable":true,"href":"https:\/\/mustveepuukool.ee\/et\/wp-json\/wp\/v2\/product_cat?post=1036"},{"taxonomy":"product_tag","embeddable":true,"href":"https:\/\/mustveepuukool.ee\/et\/wp-json\/wp\/v2\/product_tag?post=1036"}],"curies":[{"name":"wp","href":"https:\/\/api.w.org\/{rel}","templated":true}]}}