{"id":1038,"date":"2024-02-02T16:49:03","date_gmt":"2024-02-02T16:49:03","guid":{"rendered":"https:\/\/mustveepuukool.ee\/?post_type=product&#038;p=1038"},"modified":"2026-04-10T10:03:26","modified_gmt":"2026-04-10T10:03:26","slug":"malus-domestica-alesja","status":"publish","type":"product","link":"https:\/\/mustveepuukool.ee\/et\/shop\/taimed\/viljapuud-ja-marjad\/ounapuud\/malus-domestica-alesja\/","title":{"rendered":"Malus domestica &#8216;Alesja&#8217;"},"content":{"rendered":"<p>Talvine sort. Puu on madalakasvuline, tiheda v\u00f5raga. Vili on keskmise suurusega, kaetud suures osas tumeda punaga. Viljad on v\u00e4limuselt v\u00e4ga atraktiivsed, maitselt hapukasmagusad, peeneteralised, mahlased. Ilusad viljad s\u00e4ilivad heades tingimustes kuni aprillini.<\/p>","protected":false},"excerpt":{"rendered":"<p>\u00d5unapuu<\/p>","protected":false},"featured_media":1040,"template":"","meta":[],"product_brand":[],"product_cat":[92],"product_tag":[],"class_list":{"0":"post-1038","1":"product","2":"type-product","3":"status-publish","4":"has-post-thumbnail","6":"product_cat-ounapuud","7":"pa_suurus-taiskasvanud-istik-tugeva-juurestikuga","8":"pa_suurus-vaiksema-suurusega-istik","10":"first","11":"outofstock","12":"shipping-taxable","13":"purchasable","14":"product-type-variable","15":"has-default-attributes"},"jetpack_sharing_enabled":true,"_links":{"self":[{"href":"https:\/\/mustveepuukool.ee\/et\/wp-json\/wp\/v2\/product\/1038","targetHints":{"allow":["GET"]}}],"collection":[{"href":"https:\/\/mustveepuukool.ee\/et\/wp-json\/wp\/v2\/product"}],"about":[{"href":"https:\/\/mustveepuukool.ee\/et\/wp-json\/wp\/v2\/types\/product"}],"version-history":[{"count":3,"href":"https:\/\/mustveepuukool.ee\/et\/wp-json\/wp\/v2\/product\/1038\/revisions"}],"predecessor-version":[{"id":8786,"href":"https:\/\/mustveepuukool.ee\/et\/wp-json\/wp\/v2\/product\/1038\/revisions\/8786"}],"wp:featuredmedia":[{"embeddable":true,"href":"https:\/\/mustveepuukool.ee\/et\/wp-json\/wp\/v2\/media\/1040"}],"wp:attachment":[{"href":"https:\/\/mustveepuukool.ee\/et\/wp-json\/wp\/v2\/media?parent=1038"}],"wp:term":[{"taxonomy":"product_brand","embeddable":true,"href":"https:\/\/mustveepuukool.ee\/et\/wp-json\/wp\/v2\/product_brand?post=1038"},{"taxonomy":"product_cat","embeddable":true,"href":"https:\/\/mustveepuukool.ee\/et\/wp-json\/wp\/v2\/product_cat?post=1038"},{"taxonomy":"product_tag","embeddable":true,"href":"https:\/\/mustveepuukool.ee\/et\/wp-json\/wp\/v2\/product_tag?post=1038"}],"curies":[{"name":"wp","href":"https:\/\/api.w.org\/{rel}","templated":true}]}}