{"id":1041,"date":"2024-02-02T16:59:21","date_gmt":"2024-02-02T16:59:21","guid":{"rendered":"https:\/\/mustveepuukool.ee\/?post_type=product&#038;p=1041"},"modified":"2026-01-21T15:57:14","modified_gmt":"2026-01-21T15:57:14","slug":"malus-domestica-pervinka","status":"publish","type":"product","link":"https:\/\/mustveepuukool.ee\/et\/shop\/taimed\/viljapuud-ja-marjad\/ounapuud\/malus-domestica-pervinka\/","title":{"rendered":"Malus domestica &#8216;Pervinka&#8217;"},"content":{"rendered":"<p>S\u00fcgissort. Puu on keskmise kasvutugevusega, saagikas. Viljad on suured roosa kattev\u00e4rvusega. \u00d5rn, mahlane, hapukasmagus, kerge aroomiga. K\u00fclma- ja haiguskindel.<\/p>","protected":false},"excerpt":{"rendered":"<p>\u00d5unapuu\u00a0<\/p>","protected":false},"featured_media":1042,"template":"","meta":[],"product_brand":[],"product_cat":[92],"product_tag":[],"class_list":{"0":"post-1041","1":"product","2":"type-product","3":"status-publish","4":"has-post-thumbnail","6":"product_cat-ounapuud","7":"pa_suurus-taiskasvanud-istik-tugeva-juurestikuga","8":"pa_suurus-vaiksema-suurusega-istik","10":"first","11":"outofstock","12":"shipping-taxable","13":"purchasable","14":"product-type-variable","15":"has-default-attributes"},"jetpack_sharing_enabled":true,"_links":{"self":[{"href":"https:\/\/mustveepuukool.ee\/et\/wp-json\/wp\/v2\/product\/1041","targetHints":{"allow":["GET"]}}],"collection":[{"href":"https:\/\/mustveepuukool.ee\/et\/wp-json\/wp\/v2\/product"}],"about":[{"href":"https:\/\/mustveepuukool.ee\/et\/wp-json\/wp\/v2\/types\/product"}],"version-history":[{"count":2,"href":"https:\/\/mustveepuukool.ee\/et\/wp-json\/wp\/v2\/product\/1041\/revisions"}],"predecessor-version":[{"id":8810,"href":"https:\/\/mustveepuukool.ee\/et\/wp-json\/wp\/v2\/product\/1041\/revisions\/8810"}],"wp:featuredmedia":[{"embeddable":true,"href":"https:\/\/mustveepuukool.ee\/et\/wp-json\/wp\/v2\/media\/1042"}],"wp:attachment":[{"href":"https:\/\/mustveepuukool.ee\/et\/wp-json\/wp\/v2\/media?parent=1041"}],"wp:term":[{"taxonomy":"product_brand","embeddable":true,"href":"https:\/\/mustveepuukool.ee\/et\/wp-json\/wp\/v2\/product_brand?post=1041"},{"taxonomy":"product_cat","embeddable":true,"href":"https:\/\/mustveepuukool.ee\/et\/wp-json\/wp\/v2\/product_cat?post=1041"},{"taxonomy":"product_tag","embeddable":true,"href":"https:\/\/mustveepuukool.ee\/et\/wp-json\/wp\/v2\/product_tag?post=1041"}],"curies":[{"name":"wp","href":"https:\/\/api.w.org\/{rel}","templated":true}]}}