{"id":1065,"date":"2024-02-05T11:23:46","date_gmt":"2024-02-05T11:23:46","guid":{"rendered":"https:\/\/mustveepuukool.ee\/?post_type=product&#038;p=1065"},"modified":"2026-04-07T13:48:25","modified_gmt":"2026-04-07T13:48:25","slug":"pyrus-communis-hydrangea","status":"publish","type":"product","link":"https:\/\/mustveepuukool.ee\/et\/shop\/taimed\/viljapuud-ja-marjad\/pirnipuud\/pyrus-communis-hydrangea\/","title":{"rendered":"Pyrus communis &#8216;Hydrangea&#8217;"},"content":{"rendered":"<p>S\u00fcgisesort. Isetolmlev, saagikas. Viljad kollakasrohelised, roosa jumega, suured, viljaliha tihe, mahlane, sulavmagus, septembris ja s\u00e4ilib 1-2 kuud. Dekoratiivne l\u00e4bi hooaja. V\u00e4hen\u00f5udlik. Kompaktse v\u00f5raga puu, keskmise kasvuga 3,5m kuni.<\/p>","protected":false},"excerpt":{"rendered":"<p>Aed-pirnipuu 'Hortensia'<br \/>\u25d1\u3007 <br \/>\ua564 aprill-mai <br \/>&#8212; 29\u00b0C (5 tsoon)<\/p>","protected":false},"featured_media":1066,"template":"","meta":[],"product_brand":[],"product_cat":[99],"product_tag":[],"class_list":{"0":"post-1065","1":"product","2":"type-product","3":"status-publish","4":"has-post-thumbnail","6":"product_cat-pirnipuud","7":"pa_suurus-8l-pott-suurus-1-5m","9":"first","10":"instock","11":"shipping-taxable","12":"purchasable","13":"product-type-variable","14":"has-default-attributes"},"jetpack_sharing_enabled":true,"_links":{"self":[{"href":"https:\/\/mustveepuukool.ee\/et\/wp-json\/wp\/v2\/product\/1065","targetHints":{"allow":["GET"]}}],"collection":[{"href":"https:\/\/mustveepuukool.ee\/et\/wp-json\/wp\/v2\/product"}],"about":[{"href":"https:\/\/mustveepuukool.ee\/et\/wp-json\/wp\/v2\/types\/product"}],"version-history":[{"count":2,"href":"https:\/\/mustveepuukool.ee\/et\/wp-json\/wp\/v2\/product\/1065\/revisions"}],"predecessor-version":[{"id":8038,"href":"https:\/\/mustveepuukool.ee\/et\/wp-json\/wp\/v2\/product\/1065\/revisions\/8038"}],"wp:featuredmedia":[{"embeddable":true,"href":"https:\/\/mustveepuukool.ee\/et\/wp-json\/wp\/v2\/media\/1066"}],"wp:attachment":[{"href":"https:\/\/mustveepuukool.ee\/et\/wp-json\/wp\/v2\/media?parent=1065"}],"wp:term":[{"taxonomy":"product_brand","embeddable":true,"href":"https:\/\/mustveepuukool.ee\/et\/wp-json\/wp\/v2\/product_brand?post=1065"},{"taxonomy":"product_cat","embeddable":true,"href":"https:\/\/mustveepuukool.ee\/et\/wp-json\/wp\/v2\/product_cat?post=1065"},{"taxonomy":"product_tag","embeddable":true,"href":"https:\/\/mustveepuukool.ee\/et\/wp-json\/wp\/v2\/product_tag?post=1065"}],"curies":[{"name":"wp","href":"https:\/\/api.w.org\/{rel}","templated":true}]}}