{"id":1073,"date":"2024-02-05T11:35:44","date_gmt":"2024-02-05T11:35:44","guid":{"rendered":"https:\/\/mustveepuukool.ee\/?post_type=product&#038;p=1073"},"modified":"2026-04-07T13:28:44","modified_gmt":"2026-04-07T13:28:44","slug":"prunus-domestica-violetta","status":"publish","type":"product","link":"https:\/\/mustveepuukool.ee\/et\/shop\/taimed\/viljapuud-ja-marjad\/ploomipuu\/prunus-domestica-violetta\/","title":{"rendered":"Prunus domestica &#8216;Violetta&#8217;"},"content":{"rendered":"<p>Madalakasvuline (kuni 2m), \u00fcmara v\u00f5raga, keskmise saagikusega puu. Isetolmleja Varajane \u2013 augusti keskpaik kuni l\u00f5pp. Suur \u00fcmarovaalne lillaka kattev\u00e4rviga ilus vili. Viljaliha kollane. Luuseeme lahtine.<\/p>","protected":false},"excerpt":{"rendered":"<p>Aed-ploomipuu<\/p>","protected":false},"featured_media":1074,"template":"","meta":[],"product_brand":[],"product_cat":[96],"product_tag":[],"class_list":{"0":"post-1073","1":"product","2":"type-product","3":"status-publish","4":"has-post-thumbnail","6":"product_cat-ploomipuu","8":"first","9":"instock","10":"shipping-taxable","11":"purchasable","12":"product-type-simple"},"jetpack_sharing_enabled":true,"_links":{"self":[{"href":"https:\/\/mustveepuukool.ee\/et\/wp-json\/wp\/v2\/product\/1073","targetHints":{"allow":["GET"]}}],"collection":[{"href":"https:\/\/mustveepuukool.ee\/et\/wp-json\/wp\/v2\/product"}],"about":[{"href":"https:\/\/mustveepuukool.ee\/et\/wp-json\/wp\/v2\/types\/product"}],"version-history":[{"count":1,"href":"https:\/\/mustveepuukool.ee\/et\/wp-json\/wp\/v2\/product\/1073\/revisions"}],"predecessor-version":[{"id":5113,"href":"https:\/\/mustveepuukool.ee\/et\/wp-json\/wp\/v2\/product\/1073\/revisions\/5113"}],"wp:featuredmedia":[{"embeddable":true,"href":"https:\/\/mustveepuukool.ee\/et\/wp-json\/wp\/v2\/media\/1074"}],"wp:attachment":[{"href":"https:\/\/mustveepuukool.ee\/et\/wp-json\/wp\/v2\/media?parent=1073"}],"wp:term":[{"taxonomy":"product_brand","embeddable":true,"href":"https:\/\/mustveepuukool.ee\/et\/wp-json\/wp\/v2\/product_brand?post=1073"},{"taxonomy":"product_cat","embeddable":true,"href":"https:\/\/mustveepuukool.ee\/et\/wp-json\/wp\/v2\/product_cat?post=1073"},{"taxonomy":"product_tag","embeddable":true,"href":"https:\/\/mustveepuukool.ee\/et\/wp-json\/wp\/v2\/product_tag?post=1073"}],"curies":[{"name":"wp","href":"https:\/\/api.w.org\/{rel}","templated":true}]}}