{"id":1077,"date":"2024-02-05T11:47:27","date_gmt":"2024-02-05T11:47:27","guid":{"rendered":"https:\/\/mustveepuukool.ee\/?post_type=product&#038;p=1077"},"modified":"2026-04-08T13:46:10","modified_gmt":"2026-04-08T13:46:10","slug":"prunus-avinum-aleksandrs","status":"publish","type":"product","link":"https:\/\/mustveepuukool.ee\/et\/shop\/taimed\/viljapuud-ja-marjad\/magus-kirsipuu\/prunus-avinum-aleksandrs\/","title":{"rendered":"Prunus avinum &#8216;Aleksandrs&#8217;"},"content":{"rendered":"<p>Varajane L\u00e4ti p\u00e4ritolu. Saagikuse suurendamiseks vajab teist varajane sorti. Viljad kuldkollased, suured, magusad, mahlane, juulis. Dekoratiivne l\u00e4bi hooaja. V\u00e4hen\u00f5udlik. Kompaktse v\u00f5raga puu, keskmise kasvuga.<\/p>","protected":false},"excerpt":{"rendered":"<p>Magus-kirsipuu ehk murel<\/p>","protected":false},"featured_media":1078,"template":"","meta":[],"product_brand":[],"product_cat":[95],"product_tag":[],"class_list":{"0":"post-1077","1":"product","2":"type-product","3":"status-publish","4":"has-post-thumbnail","6":"product_cat-magus-kirsipuu","7":"pa_suurus-8l-pott-suurus-1-5m","9":"first","10":"instock","11":"shipping-taxable","12":"purchasable","13":"product-type-variable","14":"has-default-attributes"},"jetpack_sharing_enabled":true,"_links":{"self":[{"href":"https:\/\/mustveepuukool.ee\/et\/wp-json\/wp\/v2\/product\/1077","targetHints":{"allow":["GET"]}}],"collection":[{"href":"https:\/\/mustveepuukool.ee\/et\/wp-json\/wp\/v2\/product"}],"about":[{"href":"https:\/\/mustveepuukool.ee\/et\/wp-json\/wp\/v2\/types\/product"}],"version-history":[{"count":2,"href":"https:\/\/mustveepuukool.ee\/et\/wp-json\/wp\/v2\/product\/1077\/revisions"}],"predecessor-version":[{"id":8055,"href":"https:\/\/mustveepuukool.ee\/et\/wp-json\/wp\/v2\/product\/1077\/revisions\/8055"}],"wp:featuredmedia":[{"embeddable":true,"href":"https:\/\/mustveepuukool.ee\/et\/wp-json\/wp\/v2\/media\/1078"}],"wp:attachment":[{"href":"https:\/\/mustveepuukool.ee\/et\/wp-json\/wp\/v2\/media?parent=1077"}],"wp:term":[{"taxonomy":"product_brand","embeddable":true,"href":"https:\/\/mustveepuukool.ee\/et\/wp-json\/wp\/v2\/product_brand?post=1077"},{"taxonomy":"product_cat","embeddable":true,"href":"https:\/\/mustveepuukool.ee\/et\/wp-json\/wp\/v2\/product_cat?post=1077"},{"taxonomy":"product_tag","embeddable":true,"href":"https:\/\/mustveepuukool.ee\/et\/wp-json\/wp\/v2\/product_tag?post=1077"}],"curies":[{"name":"wp","href":"https:\/\/api.w.org\/{rel}","templated":true}]}}