{"id":1079,"date":"2024-02-05T11:51:11","date_gmt":"2024-02-05T11:51:11","guid":{"rendered":"https:\/\/mustveepuukool.ee\/?post_type=product&#038;p=1079"},"modified":"2026-04-08T21:51:36","modified_gmt":"2026-04-08T21:51:36","slug":"prunus-avinum-ovstuzenka","status":"publish","type":"product","link":"https:\/\/mustveepuukool.ee\/et\/shop\/taimed\/viljapuud-ja-marjad\/magus-kirsipuu\/prunus-avinum-ovstuzenka\/","title":{"rendered":"Prunus avinum &#8216;Ovstu\u017eenka&#8217;"},"content":{"rendered":"<p>Varajane p\u00e4rit Venemaalt. Saagikuse suurendamiseks on 'Iput' ja 'Tjutchevka'. Viljad tumepunased, suured, magusad, mahlane, juulis. Dekoratiivne l\u00e4bi hooaja. V\u00e4hen\u00f5udlik. Puu on v\u00e4ikesepoolne.<\/p>","protected":false},"excerpt":{"rendered":"<p>Magus-kirsipuu ehk murel<br \/>\u25d1\u3007 <br \/>\ua564 mai <br \/>&#8212; 29\u00b0C (5 tsoon)<\/p>","protected":false},"featured_media":1080,"template":"","meta":[],"product_brand":[],"product_cat":[95],"product_tag":[],"class_list":{"0":"post-1079","1":"product","2":"type-product","3":"status-publish","4":"has-post-thumbnail","6":"product_cat-magus-kirsipuu","7":"pa_suurus-8l-pott-suurus-1-5m","9":"first","10":"instock","11":"shipping-taxable","12":"purchasable","13":"product-type-variable","14":"has-default-attributes"},"jetpack_sharing_enabled":true,"_links":{"self":[{"href":"https:\/\/mustveepuukool.ee\/et\/wp-json\/wp\/v2\/product\/1079","targetHints":{"allow":["GET"]}}],"collection":[{"href":"https:\/\/mustveepuukool.ee\/et\/wp-json\/wp\/v2\/product"}],"about":[{"href":"https:\/\/mustveepuukool.ee\/et\/wp-json\/wp\/v2\/types\/product"}],"version-history":[{"count":2,"href":"https:\/\/mustveepuukool.ee\/et\/wp-json\/wp\/v2\/product\/1079\/revisions"}],"predecessor-version":[{"id":8079,"href":"https:\/\/mustveepuukool.ee\/et\/wp-json\/wp\/v2\/product\/1079\/revisions\/8079"}],"wp:featuredmedia":[{"embeddable":true,"href":"https:\/\/mustveepuukool.ee\/et\/wp-json\/wp\/v2\/media\/1080"}],"wp:attachment":[{"href":"https:\/\/mustveepuukool.ee\/et\/wp-json\/wp\/v2\/media?parent=1079"}],"wp:term":[{"taxonomy":"product_brand","embeddable":true,"href":"https:\/\/mustveepuukool.ee\/et\/wp-json\/wp\/v2\/product_brand?post=1079"},{"taxonomy":"product_cat","embeddable":true,"href":"https:\/\/mustveepuukool.ee\/et\/wp-json\/wp\/v2\/product_cat?post=1079"},{"taxonomy":"product_tag","embeddable":true,"href":"https:\/\/mustveepuukool.ee\/et\/wp-json\/wp\/v2\/product_tag?post=1079"}],"curies":[{"name":"wp","href":"https:\/\/api.w.org\/{rel}","templated":true}]}}