{"id":1091,"date":"2024-02-05T12:08:14","date_gmt":"2024-02-05T12:08:14","guid":{"rendered":"https:\/\/mustveepuukool.ee\/?post_type=product&#038;p=1091"},"modified":"2026-01-21T15:56:48","modified_gmt":"2026-01-21T15:56:48","slug":"lonicera-caerulea-tomitska","status":"publish","type":"product","link":"https:\/\/mustveepuukool.ee\/et\/shop\/taimed\/viljapuud-ja-marjad\/kuuslapuu\/lonicera-caerulea-tomitska\/","title":{"rendered":"Lonicera caerulea &#8216;Tomit\u0161ka&#8217;"},"content":{"rendered":"<p>P\u00f5\u00f5sas on 160 cm k\u00f5rge ja 150 cm lai, tiheda kompaktse kasvuga . Varavalmiv sort. Keskmine marja mass 0,9g. Maitse hapumagus, aroom meeldiv. P\u00f5\u00f5sas keskmise kasvuga, tihe ja \u00fcmara kujuga. Saagikus 1,5-2,2 kg p\u00f5\u00f5salt. Seni m\u00e4rgitud Eesti tingimustes kasvatamisel \u00fcheks perspektiivikamaks sordiks.<\/p>","protected":false},"excerpt":{"rendered":"<p>S\u00f6\u00f6dav kuslapuu<\/p>","protected":false},"featured_media":1093,"template":"","meta":[],"product_brand":[],"product_cat":[103],"product_tag":[],"class_list":{"0":"post-1091","1":"product","2":"type-product","3":"status-publish","4":"has-post-thumbnail","6":"product_cat-kuuslapuu","8":"first","9":"outofstock","10":"shipping-taxable","11":"purchasable","12":"product-type-simple"},"jetpack_sharing_enabled":true,"_links":{"self":[{"href":"https:\/\/mustveepuukool.ee\/et\/wp-json\/wp\/v2\/product\/1091","targetHints":{"allow":["GET"]}}],"collection":[{"href":"https:\/\/mustveepuukool.ee\/et\/wp-json\/wp\/v2\/product"}],"about":[{"href":"https:\/\/mustveepuukool.ee\/et\/wp-json\/wp\/v2\/types\/product"}],"version-history":[{"count":1,"href":"https:\/\/mustveepuukool.ee\/et\/wp-json\/wp\/v2\/product\/1091\/revisions"}],"predecessor-version":[{"id":5129,"href":"https:\/\/mustveepuukool.ee\/et\/wp-json\/wp\/v2\/product\/1091\/revisions\/5129"}],"wp:featuredmedia":[{"embeddable":true,"href":"https:\/\/mustveepuukool.ee\/et\/wp-json\/wp\/v2\/media\/1093"}],"wp:attachment":[{"href":"https:\/\/mustveepuukool.ee\/et\/wp-json\/wp\/v2\/media?parent=1091"}],"wp:term":[{"taxonomy":"product_brand","embeddable":true,"href":"https:\/\/mustveepuukool.ee\/et\/wp-json\/wp\/v2\/product_brand?post=1091"},{"taxonomy":"product_cat","embeddable":true,"href":"https:\/\/mustveepuukool.ee\/et\/wp-json\/wp\/v2\/product_cat?post=1091"},{"taxonomy":"product_tag","embeddable":true,"href":"https:\/\/mustveepuukool.ee\/et\/wp-json\/wp\/v2\/product_tag?post=1091"}],"curies":[{"name":"wp","href":"https:\/\/api.w.org\/{rel}","templated":true}]}}