{"id":1094,"date":"2024-02-05T12:30:04","date_gmt":"2024-02-05T12:30:04","guid":{"rendered":"https:\/\/mustveepuukool.ee\/?post_type=product&#038;p=1094"},"modified":"2026-01-21T16:00:35","modified_gmt":"2026-01-21T16:00:35","slug":"rosa-aspirin","status":"publish","type":"product","link":"https:\/\/mustveepuukool.ee\/et\/shop\/taimed\/roosid\/rosa-aspirin\/","title":{"rendered":"Rosa &#8216;Aspirin&#8217;"},"content":{"rendered":"<p>Valged \u00f5rnroosa varjundiga keskmise suurusega  (v\u00e4rv muutub s\u00f5ltuvalt ilmast- p\u00e4ikesepaistelise ilmaga \u00f5ied valged, jahedamate ilmadega maheroosad).  \u00d5itseb rikkalikult terve suve.<\/p>","protected":false},"excerpt":{"rendered":"<p>Floribundroos<br \/>\u219150-80 cm <br \/>\u219470-80cm <br \/>\u25d1\u3007 <br \/>\ua564 juuni-september <br \/>-29\u00b0C (5 tsoon)<\/p>","protected":false},"featured_media":9006,"template":"","meta":[],"product_brand":[],"product_cat":[23,28],"product_tag":[],"class_list":{"0":"post-1094","1":"product","2":"type-product","3":"status-publish","4":"has-post-thumbnail","6":"product_cat-taimed","7":"product_cat-roosid","8":"pa_suurus-2l-pott","10":"first","11":"outofstock","12":"shipping-taxable","13":"purchasable","14":"product-type-variable","15":"has-default-attributes"},"jetpack_sharing_enabled":true,"_links":{"self":[{"href":"https:\/\/mustveepuukool.ee\/et\/wp-json\/wp\/v2\/product\/1094","targetHints":{"allow":["GET"]}}],"collection":[{"href":"https:\/\/mustveepuukool.ee\/et\/wp-json\/wp\/v2\/product"}],"about":[{"href":"https:\/\/mustveepuukool.ee\/et\/wp-json\/wp\/v2\/types\/product"}],"version-history":[{"count":2,"href":"https:\/\/mustveepuukool.ee\/et\/wp-json\/wp\/v2\/product\/1094\/revisions"}],"predecessor-version":[{"id":8839,"href":"https:\/\/mustveepuukool.ee\/et\/wp-json\/wp\/v2\/product\/1094\/revisions\/8839"}],"wp:featuredmedia":[{"embeddable":true,"href":"https:\/\/mustveepuukool.ee\/et\/wp-json\/wp\/v2\/media\/9006"}],"wp:attachment":[{"href":"https:\/\/mustveepuukool.ee\/et\/wp-json\/wp\/v2\/media?parent=1094"}],"wp:term":[{"taxonomy":"product_brand","embeddable":true,"href":"https:\/\/mustveepuukool.ee\/et\/wp-json\/wp\/v2\/product_brand?post=1094"},{"taxonomy":"product_cat","embeddable":true,"href":"https:\/\/mustveepuukool.ee\/et\/wp-json\/wp\/v2\/product_cat?post=1094"},{"taxonomy":"product_tag","embeddable":true,"href":"https:\/\/mustveepuukool.ee\/et\/wp-json\/wp\/v2\/product_tag?post=1094"}],"curies":[{"name":"wp","href":"https:\/\/api.w.org\/{rel}","templated":true}]}}