{"id":14146,"date":"2026-02-02T08:57:24","date_gmt":"2026-02-02T08:57:24","guid":{"rendered":"https:\/\/mustveepuukool.ee\/?post_type=product&#038;p=14146"},"modified":"2026-04-05T15:56:16","modified_gmt":"2026-04-05T15:56:16","slug":"%d0%b4%d0%bb%d1%8f-%d1%80%d0%be%d0%b7-%d0%b8-%d1%86%d0%b2%d0%b5%d1%82%d1%83%d1%89%d0%b8%d1%85-%d0%ba%d1%83%d1%81%d1%82%d0%b0%d1%80%d0%bd%d0%b8%d0%ba%d0%be%d0%b2-1-%d0%ba%d0%b3-%d0%b2-%d0%b3%d1%80","status":"publish","type":"product","link":"https:\/\/mustveepuukool.ee\/et\/shop\/kaubad\/vaetised\/kuivvaetised\/%d0%b4%d0%bb%d1%8f-%d1%80%d0%be%d0%b7-%d0%b8-%d1%86%d0%b2%d0%b5%d1%82%d1%83%d1%89%d0%b8%d1%85-%d0%ba%d1%83%d1%81%d1%82%d0%b0%d1%80%d0%bd%d0%b8%d0%ba%d0%be%d0%b2-1-%d0%ba%d0%b3-%d0%b2-%d0%b3%d1%80\/","title":{"rendered":"Rooside ja \u00f5itsvate p\u00f5\u00f5saste v\u00e4etis 1 kg"},"content":{"rendered":"<p>Agronom<br \/>NPK (Mg, S) 11-11-21 (+2,6+25)+(B, Cu, Fe, Mn, Mo, Zn).<br \/>\u041d\u043e\u0440\u043c\u0430 \u0443\u0434\u043e\u0431\u0440\u0435\u043d\u0438\u044f: <br \/>\u0440\u0430\u0441\u0441\u0430\u0434\u0430, \u0441\u0430\u0436\u0435\u043d\u0446\u044b &#8212; 25 \u0433 \/ \u043c2; <br \/>\u043c\u043d\u043e\u0433\u043e\u043b\u0435\u0442\u043d\u0438\u0435 \u0446\u0432\u0435\u0442\u044b, \u043c\u043e\u043b\u043e\u0434\u044b\u0435 \u0440\u043e\u0437\u044b \u0438 \u0434\u0435\u043a\u043e\u0440\u0430\u0442\u0438\u0432\u043d\u044b\u0435 \u043a\u0443\u0441\u0442\u0430\u0440\u043d\u0438\u043a\u0438 &#8212; 30-50 \u0433 \/ \u043c2; <br \/>\u0441\u043e\u0437\u0440\u0435\u0432\u0448\u0438\u0435 \u0440\u043e\u0437\u044b \u0438 \u0446\u0432\u0435\u0442\u0443\u0449\u0438\u0435 \u043a\u0443\u0441\u0442\u0430\u0440\u043d\u0438\u043a\u0438, \u0434\u0440\u0435\u0432\u0435\u0441\u043d\u044b\u0435 \u0434\u0435\u043a\u043e\u0440\u0430\u0442\u0438\u0432\u043d\u044b\u0435 \u0440\u0430\u0441\u0442\u0435\u043d\u0438\u044f 50-80 \u0433 \/ \u043c2; <br \/>\u0436\u0438\u0432\u044b\u0435 \u0438\u0437\u0433\u043e\u0440\u043e\u0434\u0438 \u0438\u0437 \u0434\u0435\u043a\u043e\u0440\u0430\u0442\u0438\u0432\u043d\u044b\u0445 \u043a\u0443\u0441\u0442\u0430\u0440\u043d\u0438\u043a\u043e\u0432 &#8212; 100 \u0433 \/ \u043c2.<br \/>\u041c\u0438\u043d\u0435\u0440\u0430\u043b\u044c\u043d\u044b\u0435 \u0443\u0434\u043e\u0431\u0440\u0435\u043d\u0438\u044f NPK \u0441 \u043c\u0430\u0433\u043d\u0438\u0435\u043c, \u0441\u0435\u0440\u043e\u0439 \u0438 \u043c\u0438\u043a\u0440\u043e\u044d\u043b\u0435\u043c\u0435\u043d\u0442\u0430\u043c\u0438 (\u0431\u043e\u0440, \u043c\u0435\u0434\u044c, \u0436\u0435\u043b\u0435\u0437\u043e, \u043c\u0430\u0440\u0433\u0430\u043d\u0435\u0446, \u043c\u043e\u043b\u0438\u0431\u0434\u0435\u043d, \u0446\u0438\u043d\u043a).<br \/>\u0411\u0435\u0437\u0445\u043b\u043e\u0440\u043d\u043e\u0435<\/p>","protected":false},"excerpt":{"rendered":"<p>AgronomNPK (Mg, S) 11-11-21 (+2,6+25)+(B, Cu, Fe, Mn, Mo, Zn).\u041d\u043e\u0440\u043c\u0430 \u0443\u0434\u043e\u0431\u0440\u0435\u043d\u0438\u044f: \u0440\u0430\u0441\u0441\u0430\u0434\u0430, \u0441\u0430\u0436\u0435\u043d\u0446\u044b &#8212; 25 \u0433 \/ \u043c2; \u043c\u043d\u043e\u0433\u043e\u043b\u0435\u0442\u043d\u0438\u0435 \u0446\u0432\u0435\u0442\u044b, \u043c\u043e\u043b\u043e\u0434\u044b\u0435 \u0440\u043e\u0437\u044b \u0438 \u0434\u0435\u043a\u043e\u0440\u0430\u0442\u0438\u0432\u043d\u044b\u0435 \u043a\u0443\u0441\u0442\u0430\u0440\u043d\u0438\u043a\u0438 &#8212; 30-50 \u0433 \/ \u043c2; \u0441\u043e\u0437\u0440\u0435\u0432\u0448\u0438\u0435 \u0440\u043e\u0437\u044b \u0438 \u0446\u0432\u0435\u0442\u0443\u0449\u0438\u0435 \u043a\u0443\u0441\u0442\u0430\u0440\u043d\u0438\u043a\u0438, \u0434\u0440\u0435\u0432\u0435\u0441\u043d\u044b\u0435 \u0434\u0435\u043a\u043e\u0440\u0430\u0442\u0438\u0432\u043d\u044b\u0435 \u0440\u0430\u0441\u0442\u0435\u043d\u0438\u044f 50-80 \u0433 \/ \u043c2; \u0436\u0438\u0432\u044b\u0435 \u0438\u0437\u0433\u043e\u0440\u043e\u0434\u0438 \u0438\u0437 \u0434\u0435\u043a\u043e\u0440\u0430\u0442\u0438\u0432\u043d\u044b\u0445 \u043a\u0443\u0441\u0442\u0430\u0440\u043d\u0438\u043a\u043e\u0432 &#8212; 100 \u0433 \/ \u043c2.\u041c\u0438\u043d\u0435\u0440\u0430\u043b\u044c\u043d\u044b\u0435 \u0443\u0434\u043e\u0431\u0440\u0435\u043d\u0438\u044f NPK \u0441 [&hellip;]<\/p>\n","protected":false},"featured_media":16494,"template":"","meta":[],"product_brand":[],"product_cat":[226],"product_tag":[],"class_list":{"0":"post-14146","1":"product","2":"type-product","3":"status-publish","4":"has-post-thumbnail","6":"product_cat-kuivvaetised","8":"first","9":"instock","10":"shipping-taxable","11":"purchasable","12":"product-type-simple"},"jetpack_sharing_enabled":true,"_links":{"self":[{"href":"https:\/\/mustveepuukool.ee\/et\/wp-json\/wp\/v2\/product\/14146","targetHints":{"allow":["GET"]}}],"collection":[{"href":"https:\/\/mustveepuukool.ee\/et\/wp-json\/wp\/v2\/product"}],"about":[{"href":"https:\/\/mustveepuukool.ee\/et\/wp-json\/wp\/v2\/types\/product"}],"version-history":[{"count":3,"href":"https:\/\/mustveepuukool.ee\/et\/wp-json\/wp\/v2\/product\/14146\/revisions"}],"predecessor-version":[{"id":16493,"href":"https:\/\/mustveepuukool.ee\/et\/wp-json\/wp\/v2\/product\/14146\/revisions\/16493"}],"wp:featuredmedia":[{"embeddable":true,"href":"https:\/\/mustveepuukool.ee\/et\/wp-json\/wp\/v2\/media\/16494"}],"wp:attachment":[{"href":"https:\/\/mustveepuukool.ee\/et\/wp-json\/wp\/v2\/media?parent=14146"}],"wp:term":[{"taxonomy":"product_brand","embeddable":true,"href":"https:\/\/mustveepuukool.ee\/et\/wp-json\/wp\/v2\/product_brand?post=14146"},{"taxonomy":"product_cat","embeddable":true,"href":"https:\/\/mustveepuukool.ee\/et\/wp-json\/wp\/v2\/product_cat?post=14146"},{"taxonomy":"product_tag","embeddable":true,"href":"https:\/\/mustveepuukool.ee\/et\/wp-json\/wp\/v2\/product_tag?post=14146"}],"curies":[{"name":"wp","href":"https:\/\/api.w.org\/{rel}","templated":true}]}}