{"id":1435,"date":"2024-03-01T18:26:04","date_gmt":"2024-03-01T18:26:04","guid":{"rendered":"https:\/\/mustveepuukool.ee\/?post_type=product&#038;p=1435"},"modified":"2025-11-13T13:44:50","modified_gmt":"2025-11-13T13:44:50","slug":"%d0%b6%d0%b8%d0%b4%d0%ba%d0%be%d0%b5-%d1%83%d0%b4%d0%be%d0%b1%d1%80%d0%b5%d0%bd%d0%b8%d0%b5-%d0%b4%d0%bb%d1%8f-%d0%ba%d0%be%d0%bc%d0%bd%d0%b0%d1%82%d0%bd%d1%8b%d1%85-%d0%b8-%d0%b1%d0%b0%d0%bb%d0%ba","status":"publish","type":"product","link":"https:\/\/mustveepuukool.ee\/et\/shop\/kaubad\/vaetised\/vedelikud-vaetised\/%d0%b6%d0%b8%d0%b4%d0%ba%d0%be%d0%b5-%d1%83%d0%b4%d0%be%d0%b1%d1%80%d0%b5%d0%bd%d0%b8%d0%b5-%d0%b4%d0%bb%d1%8f-%d0%ba%d0%be%d0%bc%d0%bd%d0%b0%d1%82%d0%bd%d1%8b%d1%85-%d0%b8-%d0%b1%d0%b0%d0%bb%d0%ba\/","title":{"rendered":"Toa- ja r\u00f5dulillede vedelv\u00e4etis 1L"},"content":{"rendered":"<p>Vedelv\u00e4etis k\u00f5ikide toa- ja r\u00f5dulillede aastaringseks kastmiseks. Sobib nii \u00f5itsvatele kui ka lehtdekoratiivsetele taimedele.<\/p>","protected":false},"excerpt":{"rendered":"<p>Vedelv\u00e4etis k\u00f5ikide toa- ja r\u00f5dulillede aastaringseks kastmiseks. Sobib nii \u00f5itsvatele kui ka lehtdekoratiivsetele taimedele.<\/p>","protected":false},"featured_media":1436,"template":"","meta":[],"product_brand":[],"product_cat":[225,236],"product_tag":[],"class_list":{"0":"post-1435","1":"product","2":"type-product","3":"status-publish","4":"has-post-thumbnail","6":"product_cat-vedelikud-vaetised","7":"product_cat-toataimede-vaetised","9":"first","10":"instock","11":"shipping-taxable","12":"purchasable","13":"product-type-simple"},"jetpack_sharing_enabled":true,"_links":{"self":[{"href":"https:\/\/mustveepuukool.ee\/et\/wp-json\/wp\/v2\/product\/1435","targetHints":{"allow":["GET"]}}],"collection":[{"href":"https:\/\/mustveepuukool.ee\/et\/wp-json\/wp\/v2\/product"}],"about":[{"href":"https:\/\/mustveepuukool.ee\/et\/wp-json\/wp\/v2\/types\/product"}],"version-history":[{"count":1,"href":"https:\/\/mustveepuukool.ee\/et\/wp-json\/wp\/v2\/product\/1435\/revisions"}],"predecessor-version":[{"id":1437,"href":"https:\/\/mustveepuukool.ee\/et\/wp-json\/wp\/v2\/product\/1435\/revisions\/1437"}],"wp:featuredmedia":[{"embeddable":true,"href":"https:\/\/mustveepuukool.ee\/et\/wp-json\/wp\/v2\/media\/1436"}],"wp:attachment":[{"href":"https:\/\/mustveepuukool.ee\/et\/wp-json\/wp\/v2\/media?parent=1435"}],"wp:term":[{"taxonomy":"product_brand","embeddable":true,"href":"https:\/\/mustveepuukool.ee\/et\/wp-json\/wp\/v2\/product_brand?post=1435"},{"taxonomy":"product_cat","embeddable":true,"href":"https:\/\/mustveepuukool.ee\/et\/wp-json\/wp\/v2\/product_cat?post=1435"},{"taxonomy":"product_tag","embeddable":true,"href":"https:\/\/mustveepuukool.ee\/et\/wp-json\/wp\/v2\/product_tag?post=1435"}],"curies":[{"name":"wp","href":"https:\/\/api.w.org\/{rel}","templated":true}]}}