{"id":1471,"date":"2024-03-02T18:46:08","date_gmt":"2024-03-02T18:46:08","guid":{"rendered":"https:\/\/mustveepuukool.ee\/?post_type=product&#038;p=1471"},"modified":"2024-03-02T18:54:19","modified_gmt":"2024-03-02T18:54:19","slug":"%d0%ba%d0%b5%d1%80%d0%b0%d0%bc%d0%b7%d0%b8%d1%82-6-%d0%bb","status":"publish","type":"product","link":"https:\/\/mustveepuukool.ee\/et\/shop\/kaubad\/mullaparandajad\/%d0%ba%d0%b5%d1%80%d0%b0%d0%bc%d0%b7%d0%b8%d1%82-6-%d0%bb\/","title":{"rendered":"Kergkruus 6 L"},"content":{"rendered":"<p>Kergkruus on p\u00f5letatud savist valmistatud looduslik materjal, mis sobib h\u00e4sti lillepoti p\u00f5hja t\u00e4idiseks, et tagada juurestikule vajalik hapnik.<\/p>","protected":false},"excerpt":{"rendered":"<p>Kergkruus on p\u00f5letatud savist valmistatud looduslik materjal, mis sobib h\u00e4sti lillepoti p\u00f5hja t\u00e4idiseks, et tagada juurestikule vajalik hapnik.<\/p>","protected":false},"featured_media":1472,"template":"","meta":[],"product_brand":[],"product_cat":[31,33],"product_tag":[],"class_list":{"0":"post-1471","1":"product","2":"type-product","3":"status-publish","4":"has-post-thumbnail","6":"product_cat-kaubad","7":"product_cat-mullaparandajad","9":"first","10":"instock","11":"shipping-taxable","12":"purchasable","13":"product-type-simple"},"jetpack_sharing_enabled":true,"_links":{"self":[{"href":"https:\/\/mustveepuukool.ee\/et\/wp-json\/wp\/v2\/product\/1471","targetHints":{"allow":["GET"]}}],"collection":[{"href":"https:\/\/mustveepuukool.ee\/et\/wp-json\/wp\/v2\/product"}],"about":[{"href":"https:\/\/mustveepuukool.ee\/et\/wp-json\/wp\/v2\/types\/product"}],"version-history":[{"count":2,"href":"https:\/\/mustveepuukool.ee\/et\/wp-json\/wp\/v2\/product\/1471\/revisions"}],"predecessor-version":[{"id":1477,"href":"https:\/\/mustveepuukool.ee\/et\/wp-json\/wp\/v2\/product\/1471\/revisions\/1477"}],"wp:featuredmedia":[{"embeddable":true,"href":"https:\/\/mustveepuukool.ee\/et\/wp-json\/wp\/v2\/media\/1472"}],"wp:attachment":[{"href":"https:\/\/mustveepuukool.ee\/et\/wp-json\/wp\/v2\/media?parent=1471"}],"wp:term":[{"taxonomy":"product_brand","embeddable":true,"href":"https:\/\/mustveepuukool.ee\/et\/wp-json\/wp\/v2\/product_brand?post=1471"},{"taxonomy":"product_cat","embeddable":true,"href":"https:\/\/mustveepuukool.ee\/et\/wp-json\/wp\/v2\/product_cat?post=1471"},{"taxonomy":"product_tag","embeddable":true,"href":"https:\/\/mustveepuukool.ee\/et\/wp-json\/wp\/v2\/product_tag?post=1471"}],"curies":[{"name":"wp","href":"https:\/\/api.w.org\/{rel}","templated":true}]}}