{"id":1484,"date":"2024-03-02T19:06:09","date_gmt":"2024-03-02T19:06:09","guid":{"rendered":"https:\/\/mustveepuukool.ee\/?post_type=product&#038;p=1484"},"modified":"2025-10-09T09:24:47","modified_gmt":"2025-10-09T09:24:47","slug":"%d0%bf%d0%b5%d1%80%d0%bb%d0%b8%d1%82-4-%d0%bb","status":"publish","type":"product","link":"https:\/\/mustveepuukool.ee\/et\/shop\/kaubad\/mullaparandajad\/%d0%bf%d0%b5%d1%80%d0%bb%d0%b8%d1%82-4-%d0%bb\/","title":{"rendered":"Perliit 4 L"},"content":{"rendered":"<p>Perliit on vulkaaniline kivim. Luues mullas hea niiskus\u2013 ja \u00f5hure\u017eiimi, v\u00e4hendab see nii ala- kui \u00fclekastmisest tingitud ohte.<\/p>","protected":false},"excerpt":{"rendered":"<p>Perliit on vulkaaniline kivim. Luues mullas hea niiskus\u2013 ja \u00f5hure\u017eiimi, v\u00e4hendab see nii ala- kui \u00fclekastmisest tingitud ohte.<\/p>","protected":false},"featured_media":1485,"template":"","meta":[],"product_brand":[],"product_cat":[31,33],"product_tag":[],"class_list":{"0":"post-1484","1":"product","2":"type-product","3":"status-publish","4":"has-post-thumbnail","6":"product_cat-kaubad","7":"product_cat-mullaparandajad","9":"first","10":"instock","11":"shipping-taxable","12":"purchasable","13":"product-type-simple"},"jetpack_sharing_enabled":true,"_links":{"self":[{"href":"https:\/\/mustveepuukool.ee\/et\/wp-json\/wp\/v2\/product\/1484","targetHints":{"allow":["GET"]}}],"collection":[{"href":"https:\/\/mustveepuukool.ee\/et\/wp-json\/wp\/v2\/product"}],"about":[{"href":"https:\/\/mustveepuukool.ee\/et\/wp-json\/wp\/v2\/types\/product"}],"version-history":[{"count":1,"href":"https:\/\/mustveepuukool.ee\/et\/wp-json\/wp\/v2\/product\/1484\/revisions"}],"predecessor-version":[{"id":1486,"href":"https:\/\/mustveepuukool.ee\/et\/wp-json\/wp\/v2\/product\/1484\/revisions\/1486"}],"wp:featuredmedia":[{"embeddable":true,"href":"https:\/\/mustveepuukool.ee\/et\/wp-json\/wp\/v2\/media\/1485"}],"wp:attachment":[{"href":"https:\/\/mustveepuukool.ee\/et\/wp-json\/wp\/v2\/media?parent=1484"}],"wp:term":[{"taxonomy":"product_brand","embeddable":true,"href":"https:\/\/mustveepuukool.ee\/et\/wp-json\/wp\/v2\/product_brand?post=1484"},{"taxonomy":"product_cat","embeddable":true,"href":"https:\/\/mustveepuukool.ee\/et\/wp-json\/wp\/v2\/product_cat?post=1484"},{"taxonomy":"product_tag","embeddable":true,"href":"https:\/\/mustveepuukool.ee\/et\/wp-json\/wp\/v2\/product_tag?post=1484"}],"curies":[{"name":"wp","href":"https:\/\/api.w.org\/{rel}","templated":true}]}}