{"id":1487,"date":"2024-03-02T19:16:49","date_gmt":"2024-03-02T19:16:49","guid":{"rendered":"https:\/\/mustveepuukool.ee\/?post_type=product&#038;p=1487"},"modified":"2024-03-02T19:18:04","modified_gmt":"2024-03-02T19:18:04","slug":"%d0%bf%d0%b5%d1%80%d0%bb%d0%b8%d1%82-2-%d0%bb","status":"publish","type":"product","link":"https:\/\/mustveepuukool.ee\/et\/shop\/kaubad\/mullaparandajad\/%d0%bf%d0%b5%d1%80%d0%bb%d0%b8%d1%82-2-%d0%bb\/","title":{"rendered":"Perliit 2 L"},"content":{"rendered":"<p>Perliit on vulkaaniline kivim. Luues mullas hea niiskus\u2013 ja \u00f5hure\u017eiimi, v\u00e4hendab see nii ala- kui \u00fclekastmisest tingitud ohte.<\/p>","protected":false},"excerpt":{"rendered":"<p>Perliit on vulkaaniline kivim. Luues mullas hea niiskus\u2013 ja \u00f5hure\u017eiimi, v\u00e4hendab see nii ala- kui \u00fclekastmisest tingitud ohte.<\/p>","protected":false},"featured_media":1488,"template":"","meta":[],"product_brand":[],"product_cat":[31,33],"product_tag":[],"class_list":{"0":"post-1487","1":"product","2":"type-product","3":"status-publish","4":"has-post-thumbnail","6":"product_cat-kaubad","7":"product_cat-mullaparandajad","9":"first","10":"instock","11":"shipping-taxable","12":"purchasable","13":"product-type-simple"},"jetpack_sharing_enabled":true,"_links":{"self":[{"href":"https:\/\/mustveepuukool.ee\/et\/wp-json\/wp\/v2\/product\/1487","targetHints":{"allow":["GET"]}}],"collection":[{"href":"https:\/\/mustveepuukool.ee\/et\/wp-json\/wp\/v2\/product"}],"about":[{"href":"https:\/\/mustveepuukool.ee\/et\/wp-json\/wp\/v2\/types\/product"}],"version-history":[{"count":1,"href":"https:\/\/mustveepuukool.ee\/et\/wp-json\/wp\/v2\/product\/1487\/revisions"}],"predecessor-version":[{"id":1489,"href":"https:\/\/mustveepuukool.ee\/et\/wp-json\/wp\/v2\/product\/1487\/revisions\/1489"}],"wp:featuredmedia":[{"embeddable":true,"href":"https:\/\/mustveepuukool.ee\/et\/wp-json\/wp\/v2\/media\/1488"}],"wp:attachment":[{"href":"https:\/\/mustveepuukool.ee\/et\/wp-json\/wp\/v2\/media?parent=1487"}],"wp:term":[{"taxonomy":"product_brand","embeddable":true,"href":"https:\/\/mustveepuukool.ee\/et\/wp-json\/wp\/v2\/product_brand?post=1487"},{"taxonomy":"product_cat","embeddable":true,"href":"https:\/\/mustveepuukool.ee\/et\/wp-json\/wp\/v2\/product_cat?post=1487"},{"taxonomy":"product_tag","embeddable":true,"href":"https:\/\/mustveepuukool.ee\/et\/wp-json\/wp\/v2\/product_tag?post=1487"}],"curies":[{"name":"wp","href":"https:\/\/api.w.org\/{rel}","templated":true}]}}