{"id":1496,"date":"2024-03-02T19:26:34","date_gmt":"2024-03-02T19:26:34","guid":{"rendered":"https:\/\/mustveepuukool.ee\/?post_type=product&#038;p=1496"},"modified":"2025-09-18T05:35:11","modified_gmt":"2025-09-18T05:35:11","slug":"%d1%81%d1%83%d0%bb%d1%8c%d1%84%d0%b0%d1%82-%d0%b6%d0%b5%d0%bb%d0%b5%d0%b7%d0%b0-%d0%b4%d0%bb%d1%8f-%d1%80%d0%b0%d1%81%d1%82%d0%b5%d0%bd%d0%b8%d0%b9-300-%d0%b3","status":"publish","type":"product","link":"https:\/\/mustveepuukool.ee\/et\/shop\/kaubad\/taimede-kaitse\/haiguste-torjeks-fungitsiid\/%d1%81%d1%83%d0%bb%d1%8c%d1%84%d0%b0%d1%82-%d0%b6%d0%b5%d0%bb%d0%b5%d0%b7%d0%b0-%d0%b4%d0%bb%d1%8f-%d1%80%d0%b0%d1%81%d1%82%d0%b5%d0%bd%d0%b8%d0%b9-300-%d0%b3\/","title":{"rendered":"\u0421\u0443\u043b\u044c\u0444\u0430\u0442 \u0436\u0435\u043b\u0435\u0437\u0430 (\u0436\u0435\u043b\u0435\u0437\u043d\u044b\u0439 \u043a\u0443\u043f\u043e\u0440\u043e\u0441) 300 \u0433"},"content":{"rendered":"<p>Raudsulfaadi lahusega pritsimine varakevadel enne pungade puhkemist t\u00f5rjub \u00f5una- ja pirnipuu k\u00e4rnt\u00f5be, puuviljam\u00e4danikku, viljapuude ja marjap\u00f5\u00f5saste lehelaiksust, karusmarja-jahukastet, s\u00f5stra viltroostet, karusmarjap\u00f5letikku, roosi-jahukastet, roosiroostet. Raudsulfaat h\u00e4vitab h\u00e4sti samblaid ja samblikke nii puut\u00fcvedelt kui murust.<\/p>","protected":false},"excerpt":{"rendered":"<p>Raudsulfaadi lahusega pritsimine varakevadel enne pungade puhkemist t\u00f5rjub \u00f5una- ja pirnipuu k\u00e4rnt\u00f5be, puuviljam\u00e4danikku, viljapuude ja marjap\u00f5\u00f5saste lehelaiksust, karusmarja-jahukastet, s\u00f5stra viltroostet, karusmarjap\u00f5letikku, roosi-jahukastet, roosiroostet. Raudsulfaat h\u00e4vitab h\u00e4sti samblaid ja samblikke nii puut\u00fcvedelt kui murust.<\/p>","protected":false},"featured_media":1497,"template":"","meta":[],"product_brand":[],"product_cat":[219,226],"product_tag":[],"class_list":{"0":"post-1496","1":"product","2":"type-product","3":"status-publish","4":"has-post-thumbnail","6":"product_cat-haiguste-torjeks-fungitsiid","7":"product_cat-kuivvaetised","9":"first","10":"instock","11":"shipping-taxable","12":"purchasable","13":"product-type-simple"},"jetpack_sharing_enabled":true,"_links":{"self":[{"href":"https:\/\/mustveepuukool.ee\/et\/wp-json\/wp\/v2\/product\/1496","targetHints":{"allow":["GET"]}}],"collection":[{"href":"https:\/\/mustveepuukool.ee\/et\/wp-json\/wp\/v2\/product"}],"about":[{"href":"https:\/\/mustveepuukool.ee\/et\/wp-json\/wp\/v2\/types\/product"}],"version-history":[{"count":2,"href":"https:\/\/mustveepuukool.ee\/et\/wp-json\/wp\/v2\/product\/1496\/revisions"}],"predecessor-version":[{"id":9529,"href":"https:\/\/mustveepuukool.ee\/et\/wp-json\/wp\/v2\/product\/1496\/revisions\/9529"}],"wp:featuredmedia":[{"embeddable":true,"href":"https:\/\/mustveepuukool.ee\/et\/wp-json\/wp\/v2\/media\/1497"}],"wp:attachment":[{"href":"https:\/\/mustveepuukool.ee\/et\/wp-json\/wp\/v2\/media?parent=1496"}],"wp:term":[{"taxonomy":"product_brand","embeddable":true,"href":"https:\/\/mustveepuukool.ee\/et\/wp-json\/wp\/v2\/product_brand?post=1496"},{"taxonomy":"product_cat","embeddable":true,"href":"https:\/\/mustveepuukool.ee\/et\/wp-json\/wp\/v2\/product_cat?post=1496"},{"taxonomy":"product_tag","embeddable":true,"href":"https:\/\/mustveepuukool.ee\/et\/wp-json\/wp\/v2\/product_tag?post=1496"}],"curies":[{"name":"wp","href":"https:\/\/api.w.org\/{rel}","templated":true}]}}