{"id":1499,"date":"2024-03-02T19:31:58","date_gmt":"2024-03-02T19:31:58","guid":{"rendered":"https:\/\/mustveepuukool.ee\/?post_type=product&#038;p=1499"},"modified":"2025-09-18T05:34:43","modified_gmt":"2025-09-18T05:34:43","slug":"%d1%81%d1%83%d0%bf%d0%b5%d1%80%d1%84%d0%be%d1%81%d1%84%d0%b0%d1%82-1-%d0%ba%d0%b3","status":"publish","type":"product","link":"https:\/\/mustveepuukool.ee\/et\/shop\/kaubad\/vaetised\/kuivvaetised\/%d1%81%d1%83%d0%bf%d0%b5%d1%80%d1%84%d0%be%d1%81%d1%84%d0%b0%d1%82-1-%d0%ba%d0%b3\/","title":{"rendered":"Superfosfaat 1 kg"},"content":{"rendered":"<p>Superfosfaat ehk fosforv\u00e4etis avaldab positiivset m\u00f5ju juurestiku arengule, aitab viljadel \u00f5igaegselt valmida, puu- ja k\u00f6\u00f6giviljad kasvavad tugevamad ja suuremad ning on paremate maitseomadustega.<\/p>","protected":false},"excerpt":{"rendered":"<p>Superfosfaat ehk fosforv\u00e4etis avaldab positiivset m\u00f5ju juurestiku arengule, aitab viljadel \u00f5igaegselt valmida, puu- ja k\u00f6\u00f6giviljad kasvavad tugevamad ja suuremad ning on paremate maitseomadustega.<\/p>","protected":false},"featured_media":1500,"template":"","meta":[],"product_brand":[],"product_cat":[226],"product_tag":[],"class_list":{"0":"post-1499","1":"product","2":"type-product","3":"status-publish","4":"has-post-thumbnail","6":"product_cat-kuivvaetised","8":"first","9":"instock","10":"shipping-taxable","11":"purchasable","12":"product-type-simple"},"jetpack_sharing_enabled":true,"_links":{"self":[{"href":"https:\/\/mustveepuukool.ee\/et\/wp-json\/wp\/v2\/product\/1499","targetHints":{"allow":["GET"]}}],"collection":[{"href":"https:\/\/mustveepuukool.ee\/et\/wp-json\/wp\/v2\/product"}],"about":[{"href":"https:\/\/mustveepuukool.ee\/et\/wp-json\/wp\/v2\/types\/product"}],"version-history":[{"count":1,"href":"https:\/\/mustveepuukool.ee\/et\/wp-json\/wp\/v2\/product\/1499\/revisions"}],"predecessor-version":[{"id":1501,"href":"https:\/\/mustveepuukool.ee\/et\/wp-json\/wp\/v2\/product\/1499\/revisions\/1501"}],"wp:featuredmedia":[{"embeddable":true,"href":"https:\/\/mustveepuukool.ee\/et\/wp-json\/wp\/v2\/media\/1500"}],"wp:attachment":[{"href":"https:\/\/mustveepuukool.ee\/et\/wp-json\/wp\/v2\/media?parent=1499"}],"wp:term":[{"taxonomy":"product_brand","embeddable":true,"href":"https:\/\/mustveepuukool.ee\/et\/wp-json\/wp\/v2\/product_brand?post=1499"},{"taxonomy":"product_cat","embeddable":true,"href":"https:\/\/mustveepuukool.ee\/et\/wp-json\/wp\/v2\/product_cat?post=1499"},{"taxonomy":"product_tag","embeddable":true,"href":"https:\/\/mustveepuukool.ee\/et\/wp-json\/wp\/v2\/product_tag?post=1499"}],"curies":[{"name":"wp","href":"https:\/\/api.w.org\/{rel}","templated":true}]}}