{"id":1508,"date":"2024-03-02T19:41:10","date_gmt":"2024-03-02T19:41:10","guid":{"rendered":"https:\/\/mustveepuukool.ee\/?post_type=product&#038;p=1508"},"modified":"2025-09-18T05:30:39","modified_gmt":"2025-09-18T05:30:39","slug":"%d1%83%d0%b4%d0%be%d0%b1%d1%80%d0%b5%d0%bd%d0%b8%d0%b5-%d0%b4%d0%bb%d1%8f-%d0%bf%d0%be%d0%bc%d0%b8%d0%b4%d0%be%d1%80%d0%be%d0%b2-1-%d0%ba%d0%b3","status":"publish","type":"product","link":"https:\/\/mustveepuukool.ee\/et\/shop\/kaubad\/vaetised\/kuivvaetised\/%d1%83%d0%b4%d0%be%d0%b1%d1%80%d0%b5%d0%bd%d0%b8%d0%b5-%d0%b4%d0%bb%d1%8f-%d0%bf%d0%be%d0%bc%d0%b8%d0%b4%d0%be%d1%80%d0%be%d0%b2-1-%d0%ba%d0%b3\/","title":{"rendered":"Tomativ\u00e4etis 1 kg"},"content":{"rendered":"<p>Kloorivaba t\u00e4isv\u00e4etis tomatite v\u00e4etamiseks. V\u00e4etamine parandab kasvu, tagab rikkaliku \u00f5itsemise, viljumise ja k\u00f5rge saagikuse. V\u00e4etatud taimed on haiguste ja ebasobivate kasvutingimuste suhtes vastupidavad.<\/p>","protected":false},"excerpt":{"rendered":"<p>Kloorivaba t\u00e4isv\u00e4etis tomatite v\u00e4etamiseks. V\u00e4etamine parandab kasvu, tagab rikkaliku \u00f5itsemise, viljumise ja k\u00f5rge saagikuse. V\u00e4etatud taimed on haiguste ja ebasobivate kasvutingimuste suhtes vastupidavad.<\/p>","protected":false},"featured_media":1509,"template":"","meta":[],"product_brand":[],"product_cat":[226],"product_tag":[],"class_list":{"0":"post-1508","1":"product","2":"type-product","3":"status-publish","4":"has-post-thumbnail","6":"product_cat-kuivvaetised","8":"first","9":"instock","10":"shipping-taxable","11":"purchasable","12":"product-type-simple"},"jetpack_sharing_enabled":true,"_links":{"self":[{"href":"https:\/\/mustveepuukool.ee\/et\/wp-json\/wp\/v2\/product\/1508","targetHints":{"allow":["GET"]}}],"collection":[{"href":"https:\/\/mustveepuukool.ee\/et\/wp-json\/wp\/v2\/product"}],"about":[{"href":"https:\/\/mustveepuukool.ee\/et\/wp-json\/wp\/v2\/types\/product"}],"version-history":[{"count":1,"href":"https:\/\/mustveepuukool.ee\/et\/wp-json\/wp\/v2\/product\/1508\/revisions"}],"predecessor-version":[{"id":1510,"href":"https:\/\/mustveepuukool.ee\/et\/wp-json\/wp\/v2\/product\/1508\/revisions\/1510"}],"wp:featuredmedia":[{"embeddable":true,"href":"https:\/\/mustveepuukool.ee\/et\/wp-json\/wp\/v2\/media\/1509"}],"wp:attachment":[{"href":"https:\/\/mustveepuukool.ee\/et\/wp-json\/wp\/v2\/media?parent=1508"}],"wp:term":[{"taxonomy":"product_brand","embeddable":true,"href":"https:\/\/mustveepuukool.ee\/et\/wp-json\/wp\/v2\/product_brand?post=1508"},{"taxonomy":"product_cat","embeddable":true,"href":"https:\/\/mustveepuukool.ee\/et\/wp-json\/wp\/v2\/product_cat?post=1508"},{"taxonomy":"product_tag","embeddable":true,"href":"https:\/\/mustveepuukool.ee\/et\/wp-json\/wp\/v2\/product_tag?post=1508"}],"curies":[{"name":"wp","href":"https:\/\/api.w.org\/{rel}","templated":true}]}}