{"id":15167,"date":"2026-02-19T09:31:45","date_gmt":"2026-02-19T09:31:45","guid":{"rendered":"https:\/\/mustveepuukool.ee\/?post_type=product&#038;p=15167"},"modified":"2026-02-19T09:35:58","modified_gmt":"2026-02-19T09:35:58","slug":"pille-%d1%8d%d1%81%d1%82%d0%be%d0%bd%d1%81%d0%ba%d0%b8%d0%b9-%d1%81%d0%be%d1%80%d1%82-01-%d0%b3","status":"publish","type":"product","link":"https:\/\/mustveepuukool.ee\/et\/shop\/kaubad\/seemned\/tomatid\/pille-%d1%8d%d1%81%d1%82%d0%be%d0%bd%d1%81%d0%ba%d0%b8%d0%b9-%d1%81%d0%be%d1%80%d1%82-01-%d0%b3\/","title":{"rendered":"Pille \u044d\u0441\u0442\u043e\u043d\u0441\u043a\u0438\u0439 \u0441\u043e\u0440\u0442 0,1 \u0433"},"content":{"rendered":"<p>\u0412\u044b\u0441\u043e\u043a\u043e\u0440\u043e\u0441\u043b\u044b\u0439, \u0441\u0440\u0435\u0434\u043d\u0435\u0441\u043f\u0435\u043b\u044b\u0439 \u0441\u043e\u0440\u0442 \u0441 \u043a\u0440\u0443\u043f\u043d\u044b\u043c\u0438, \u0432\u043a\u0443\u0441\u043d\u044b\u043c\u0438, \u0441\u043b\u0435\u0433\u043a\u0430 \u043f\u0440\u0438\u043f\u043b\u044e\u0441\u043d\u0443\u0442\u044b\u043c\u0438 \u043f\u043b\u043e\u0434\u0430\u043c\u0438. \u0412\u043d\u0443\u0442\u0440\u0438 \u043f\u043b\u043e\u0434\u043e\u0432 \u0431\u043e\u043b\u0435\u0435 \u0448\u0435\u0441\u0442\u0438 \u0441\u0435\u043c\u0435\u043d\u043d\u044b\u0445 \u043a\u0430\u043c\u0435\u0440, \u043f\u043e\u044d\u0442\u043e\u043c\u0443 \u043e\u043d\u0438 \u0434\u043e\u0441\u0442\u0430\u0442\u043e\u0447\u043d\u043e \u043c\u044f\u0441\u0438\u0441\u0442\u044b\u0435. <br \/>\u0421\u0440\u0435\u0434\u043d\u044f\u044f \u043c\u0430\u0441\u0441\u0430 \u043f\u043b\u043e\u0434\u0430 \u0441\u043e\u0441\u0442\u0430\u0432\u043b\u044f\u0435\u0442 125\u2013130 \u0433. <br \/>\u0421\u043e\u0440\u0442 \u043e\u0442\u043b\u0438\u0447\u0430\u0435\u0442\u0441\u044f \u0445\u043e\u0440\u043e\u0448\u0435\u0439 \u0443\u0441\u0442\u043e\u0439\u0447\u0438\u0432\u043e\u0441\u0442\u044c\u044e \u043a \u0431\u043e\u043b\u0435\u0437\u043d\u044f\u043c!<\/p>","protected":false},"excerpt":{"rendered":"<p>K\u00f5rgekasvuline, keskvarane, suurte ja hea maitsega lapikute viljadega sort. Viljade sisemuses on \u00fcle kuue seemnekambri, seet\u00f5ttu on viljad pigem lihakad. Vilja keskmine mass on 125\u2013130 g. Hea haiguskindlusega sort!<\/p>","protected":false},"featured_media":15168,"template":"","meta":[],"product_brand":[],"product_cat":[214],"product_tag":[],"class_list":{"0":"post-15167","1":"product","2":"type-product","3":"status-publish","4":"has-post-thumbnail","6":"product_cat-tomatid","8":"first","9":"instock","10":"shipping-taxable","11":"purchasable","12":"product-type-simple"},"jetpack_sharing_enabled":true,"_links":{"self":[{"href":"https:\/\/mustveepuukool.ee\/et\/wp-json\/wp\/v2\/product\/15167","targetHints":{"allow":["GET"]}}],"collection":[{"href":"https:\/\/mustveepuukool.ee\/et\/wp-json\/wp\/v2\/product"}],"about":[{"href":"https:\/\/mustveepuukool.ee\/et\/wp-json\/wp\/v2\/types\/product"}],"version-history":[{"count":1,"href":"https:\/\/mustveepuukool.ee\/et\/wp-json\/wp\/v2\/product\/15167\/revisions"}],"predecessor-version":[{"id":15170,"href":"https:\/\/mustveepuukool.ee\/et\/wp-json\/wp\/v2\/product\/15167\/revisions\/15170"}],"wp:featuredmedia":[{"embeddable":true,"href":"https:\/\/mustveepuukool.ee\/et\/wp-json\/wp\/v2\/media\/15168"}],"wp:attachment":[{"href":"https:\/\/mustveepuukool.ee\/et\/wp-json\/wp\/v2\/media?parent=15167"}],"wp:term":[{"taxonomy":"product_brand","embeddable":true,"href":"https:\/\/mustveepuukool.ee\/et\/wp-json\/wp\/v2\/product_brand?post=15167"},{"taxonomy":"product_cat","embeddable":true,"href":"https:\/\/mustveepuukool.ee\/et\/wp-json\/wp\/v2\/product_cat?post=15167"},{"taxonomy":"product_tag","embeddable":true,"href":"https:\/\/mustveepuukool.ee\/et\/wp-json\/wp\/v2\/product_tag?post=15167"}],"curies":[{"name":"wp","href":"https:\/\/api.w.org\/{rel}","templated":true}]}}