{"id":16860,"date":"2026-04-20T10:31:43","date_gmt":"2026-04-20T10:31:43","guid":{"rendered":"https:\/\/mustveepuukool.ee\/?post_type=product&#038;p=16860"},"modified":"2026-04-20T11:40:18","modified_gmt":"2026-04-20T11:40:18","slug":"malus-mill-everest","status":"publish","type":"product","link":"https:\/\/mustveepuukool.ee\/et\/shop\/taimed\/puud\/malus-mill-everest\/","title":{"rendered":"Malus mill &#171;Everest&#187;"},"content":{"rendered":"<p>S\u00f6\u00f6davad viljad, p\u00fcsivad puul (septembrist kuni detsembrini), maitselt v\u00e4ga hapud, kuid lindudele meeldivad. V\u00e4ga kaunis dekoratiivne puu<br \/>\u0421\u044a\u0435\u0434\u043e\u0431\u043d\u044b\u0435 \u043f\u043b\u043e\u0434\u044b, \u043e\u0441\u0442\u0430\u044e\u0442\u0441\u044f \u043d\u0430 \u0434\u0435\u0440\u0435\u0432\u0435 \u0441 \u0441\u0435\u043d\u0442\u044f\u0431\u0440\u044f \u0434\u043e \u0434\u0435\u043a\u0430\u0431\u0440\u044f, \u043a\u0438\u0441\u043b\u0435\u043d\u044c\u043a\u0438\u0435, \u0445\u043e\u0442\u044f \u043f\u0442\u0438\u0446\u0430\u043c \u043d\u0440\u0430\u0432\u044f\u0442\u0441\u044f.<br \/>\u041e\u0447\u0435\u043d\u044c \u043a\u0440\u0430\u0441\u0438\u0432\u043e\u0435 \u0434\u0435\u043a\u043e\u0440\u0430\u0442\u0438\u0432\u043d\u043e\u0435 \u0434\u0435\u0440\u0435\u0432\u043e.<\/p>","protected":false},"excerpt":{"rendered":"<p>\u0414\u0435\u043a\u043e\u0440\u0430\u0442\u0438\u0432\u043d\u0430\u044f \u044f\u0431\u043b\u043e\u043d\u044f<br \/>\u2191 3-4 m<br \/>\u2194 3 m<br \/>\u25d1\u3007<br \/>\ua564 \u0430\u043f\u0440\u0435\u043b\u044c-\u043c\u0430\u0439<br \/>\u2014 29\u00b0C (5 tsoon)<\/p>","protected":false},"featured_media":16861,"template":"","meta":[],"product_brand":[],"product_cat":[320],"product_tag":[],"class_list":{"0":"post-16860","1":"product","2":"type-product","3":"status-publish","4":"has-post-thumbnail","6":"product_cat-puud","8":"first","9":"instock","10":"shipping-taxable","11":"purchasable","12":"product-type-simple"},"jetpack_sharing_enabled":true,"_links":{"self":[{"href":"https:\/\/mustveepuukool.ee\/et\/wp-json\/wp\/v2\/product\/16860","targetHints":{"allow":["GET"]}}],"collection":[{"href":"https:\/\/mustveepuukool.ee\/et\/wp-json\/wp\/v2\/product"}],"about":[{"href":"https:\/\/mustveepuukool.ee\/et\/wp-json\/wp\/v2\/types\/product"}],"version-history":[{"count":1,"href":"https:\/\/mustveepuukool.ee\/et\/wp-json\/wp\/v2\/product\/16860\/revisions"}],"predecessor-version":[{"id":16863,"href":"https:\/\/mustveepuukool.ee\/et\/wp-json\/wp\/v2\/product\/16860\/revisions\/16863"}],"wp:featuredmedia":[{"embeddable":true,"href":"https:\/\/mustveepuukool.ee\/et\/wp-json\/wp\/v2\/media\/16861"}],"wp:attachment":[{"href":"https:\/\/mustveepuukool.ee\/et\/wp-json\/wp\/v2\/media?parent=16860"}],"wp:term":[{"taxonomy":"product_brand","embeddable":true,"href":"https:\/\/mustveepuukool.ee\/et\/wp-json\/wp\/v2\/product_brand?post=16860"},{"taxonomy":"product_cat","embeddable":true,"href":"https:\/\/mustveepuukool.ee\/et\/wp-json\/wp\/v2\/product_cat?post=16860"},{"taxonomy":"product_tag","embeddable":true,"href":"https:\/\/mustveepuukool.ee\/et\/wp-json\/wp\/v2\/product_tag?post=16860"}],"curies":[{"name":"wp","href":"https:\/\/api.w.org\/{rel}","templated":true}]}}