{"id":3314,"date":"2024-11-22T14:15:45","date_gmt":"2024-11-22T14:15:45","guid":{"rendered":"https:\/\/mustveepuukool.ee\/?post_type=product&#038;p=3314"},"modified":"2026-01-21T16:00:35","modified_gmt":"2026-01-21T16:00:35","slug":"rosa-pink-the-fairy","status":"publish","type":"product","link":"https:\/\/mustveepuukool.ee\/et\/shop\/taimed\/roosid\/rosa-pink-the-fairy\/","title":{"rendered":"Rosa \u2018Pink The Fairy\u2019"},"content":{"rendered":"<p>V\u00e4ikesed heleroosad t\u00e4idis\u00f5ied suurtes \u00f5isikutes p\u00f5\u00f5sal. Korduv\u00f5itseja. \u00d5itseb v\u00e4ga rikkalikult.<\/p>","protected":false},"excerpt":{"rendered":"<p>\u041f\u043e\u0447\u0432\u043e\u043a\u0440\u043e\u0432\u043d\u0430\u044f \u0440\u043e\u0437\u0430, \u043f\u043e\u043b\u0438\u0430\u043d\u0442\u043e\u0432\u0430\u044f \u0440\u043e\u0437\u0430 \u201c\u0420\u043e\u0437\u043e\u0432\u0430\u044f \u0444\u0435\u044f\u201d<br \/>\u2191 40-50 cm <br \/>\u2194 100-120 cm <br \/>\u25d1\u3007 <br \/>\ua564 juuni-oktoober <br \/>-29\u00b0C (5 tsoon)<\/p>","protected":false},"featured_media":9097,"template":"","meta":[],"product_brand":[],"product_cat":[23,28],"product_tag":[],"class_list":{"0":"post-3314","1":"product","2":"type-product","3":"status-publish","4":"has-post-thumbnail","6":"product_cat-taimed","7":"product_cat-roosid","8":"pa_suurus-13l-pott","10":"first","11":"outofstock","12":"shipping-taxable","13":"purchasable","14":"product-type-variable","15":"has-default-attributes"},"jetpack_sharing_enabled":true,"_links":{"self":[{"href":"https:\/\/mustveepuukool.ee\/et\/wp-json\/wp\/v2\/product\/3314","targetHints":{"allow":["GET"]}}],"collection":[{"href":"https:\/\/mustveepuukool.ee\/et\/wp-json\/wp\/v2\/product"}],"about":[{"href":"https:\/\/mustveepuukool.ee\/et\/wp-json\/wp\/v2\/types\/product"}],"version-history":[{"count":4,"href":"https:\/\/mustveepuukool.ee\/et\/wp-json\/wp\/v2\/product\/3314\/revisions"}],"predecessor-version":[{"id":9096,"href":"https:\/\/mustveepuukool.ee\/et\/wp-json\/wp\/v2\/product\/3314\/revisions\/9096"}],"wp:featuredmedia":[{"embeddable":true,"href":"https:\/\/mustveepuukool.ee\/et\/wp-json\/wp\/v2\/media\/9097"}],"wp:attachment":[{"href":"https:\/\/mustveepuukool.ee\/et\/wp-json\/wp\/v2\/media?parent=3314"}],"wp:term":[{"taxonomy":"product_brand","embeddable":true,"href":"https:\/\/mustveepuukool.ee\/et\/wp-json\/wp\/v2\/product_brand?post=3314"},{"taxonomy":"product_cat","embeddable":true,"href":"https:\/\/mustveepuukool.ee\/et\/wp-json\/wp\/v2\/product_cat?post=3314"},{"taxonomy":"product_tag","embeddable":true,"href":"https:\/\/mustveepuukool.ee\/et\/wp-json\/wp\/v2\/product_tag?post=3314"}],"curies":[{"name":"wp","href":"https:\/\/api.w.org\/{rel}","templated":true}]}}