{"id":3332,"date":"2024-11-22T14:40:24","date_gmt":"2024-11-22T14:40:24","guid":{"rendered":"https:\/\/mustveepuukool.ee\/?post_type=product&#038;p=3332"},"modified":"2026-04-17T13:38:27","modified_gmt":"2026-04-17T13:38:27","slug":"rosa-rugosa-rubra","status":"publish","type":"product","link":"https:\/\/mustveepuukool.ee\/et\/shop\/taimed\/roosid\/rosa-rugosa-rubra\/","title":{"rendered":"Rosa rugosa &#171;Rubra&#187;"},"content":{"rendered":"<p>Kiirekasvuline looduslik sort. \u00d5itest valmivad suured oran\u017eikaspunased s\u00f6\u00f6davad viljad.<\/p>","protected":false},"excerpt":{"rendered":"<p>Kurdlehine kibuvits, pargiroos<br \/>\u2191 180-200 cm <br \/>\u2194 150-180 cm <br \/>\u25d1\u3007 <br \/>\ua564 juuni-juuli <br \/>-29\u00b0C (5 tsoon)<\/p>","protected":false},"featured_media":3333,"template":"","meta":[],"product_brand":[],"product_cat":[23,28],"product_tag":[],"class_list":{"0":"post-3332","1":"product","2":"type-product","3":"status-publish","4":"has-post-thumbnail","6":"product_cat-taimed","7":"product_cat-roosid","8":"pa_suurus-2l-pott","10":"first","11":"instock","12":"shipping-taxable","13":"purchasable","14":"product-type-variable","15":"has-default-attributes"},"jetpack_sharing_enabled":true,"_links":{"self":[{"href":"https:\/\/mustveepuukool.ee\/et\/wp-json\/wp\/v2\/product\/3332","targetHints":{"allow":["GET"]}}],"collection":[{"href":"https:\/\/mustveepuukool.ee\/et\/wp-json\/wp\/v2\/product"}],"about":[{"href":"https:\/\/mustveepuukool.ee\/et\/wp-json\/wp\/v2\/types\/product"}],"version-history":[{"count":1,"href":"https:\/\/mustveepuukool.ee\/et\/wp-json\/wp\/v2\/product\/3332\/revisions"}],"predecessor-version":[{"id":3334,"href":"https:\/\/mustveepuukool.ee\/et\/wp-json\/wp\/v2\/product\/3332\/revisions\/3334"}],"wp:featuredmedia":[{"embeddable":true,"href":"https:\/\/mustveepuukool.ee\/et\/wp-json\/wp\/v2\/media\/3333"}],"wp:attachment":[{"href":"https:\/\/mustveepuukool.ee\/et\/wp-json\/wp\/v2\/media?parent=3332"}],"wp:term":[{"taxonomy":"product_brand","embeddable":true,"href":"https:\/\/mustveepuukool.ee\/et\/wp-json\/wp\/v2\/product_brand?post=3332"},{"taxonomy":"product_cat","embeddable":true,"href":"https:\/\/mustveepuukool.ee\/et\/wp-json\/wp\/v2\/product_cat?post=3332"},{"taxonomy":"product_tag","embeddable":true,"href":"https:\/\/mustveepuukool.ee\/et\/wp-json\/wp\/v2\/product_tag?post=3332"}],"curies":[{"name":"wp","href":"https:\/\/api.w.org\/{rel}","templated":true}]}}