{"id":3335,"date":"2024-11-22T14:43:09","date_gmt":"2024-11-22T14:43:09","guid":{"rendered":"https:\/\/mustveepuukool.ee\/?post_type=product&#038;p=3335"},"modified":"2026-01-21T16:00:35","modified_gmt":"2026-01-21T16:00:35","slug":"rosa-don-juan","status":"publish","type":"product","link":"https:\/\/mustveepuukool.ee\/et\/shop\/taimed\/roosid\/rosa-don-juan\/","title":{"rendered":"Rosa &#171;Don Juan&#187;"},"content":{"rendered":"<p>Imeline ja s\u00e4rav ronimisroosi sort. Suured punased topelttopsikujulised \u00f5ied, kogu suve. V\u00e4ga hea talve- ja haiguskindlusega.<\/p>","protected":false},"excerpt":{"rendered":"<p>Roniroos<br \/>\u2191 3-4 m<br \/>\u25d1\u3007 <br \/>\ua564 juuni-oktoober <br \/>&#8212; 29\u00b0C (5 tsoon)<\/p>","protected":false},"featured_media":9013,"template":"","meta":[],"product_brand":[],"product_cat":[23,28],"product_tag":[],"class_list":{"0":"post-3335","1":"product","2":"type-product","3":"status-publish","4":"has-post-thumbnail","6":"product_cat-taimed","7":"product_cat-roosid","8":"pa_suurus-2l-pott","10":"first","11":"outofstock","12":"shipping-taxable","13":"purchasable","14":"product-type-variable","15":"has-default-attributes"},"jetpack_sharing_enabled":true,"_links":{"self":[{"href":"https:\/\/mustveepuukool.ee\/et\/wp-json\/wp\/v2\/product\/3335","targetHints":{"allow":["GET"]}}],"collection":[{"href":"https:\/\/mustveepuukool.ee\/et\/wp-json\/wp\/v2\/product"}],"about":[{"href":"https:\/\/mustveepuukool.ee\/et\/wp-json\/wp\/v2\/types\/product"}],"version-history":[{"count":4,"href":"https:\/\/mustveepuukool.ee\/et\/wp-json\/wp\/v2\/product\/3335\/revisions"}],"predecessor-version":[{"id":9015,"href":"https:\/\/mustveepuukool.ee\/et\/wp-json\/wp\/v2\/product\/3335\/revisions\/9015"}],"wp:featuredmedia":[{"embeddable":true,"href":"https:\/\/mustveepuukool.ee\/et\/wp-json\/wp\/v2\/media\/9013"}],"wp:attachment":[{"href":"https:\/\/mustveepuukool.ee\/et\/wp-json\/wp\/v2\/media?parent=3335"}],"wp:term":[{"taxonomy":"product_brand","embeddable":true,"href":"https:\/\/mustveepuukool.ee\/et\/wp-json\/wp\/v2\/product_brand?post=3335"},{"taxonomy":"product_cat","embeddable":true,"href":"https:\/\/mustveepuukool.ee\/et\/wp-json\/wp\/v2\/product_cat?post=3335"},{"taxonomy":"product_tag","embeddable":true,"href":"https:\/\/mustveepuukool.ee\/et\/wp-json\/wp\/v2\/product_tag?post=3335"}],"curies":[{"name":"wp","href":"https:\/\/api.w.org\/{rel}","templated":true}]}}