{"id":3358,"date":"2024-11-22T16:38:13","date_gmt":"2024-11-22T16:38:13","guid":{"rendered":"https:\/\/mustveepuukool.ee\/?post_type=product&#038;p=3358"},"modified":"2026-01-21T16:00:12","modified_gmt":"2026-01-21T16:00:12","slug":"rosa-amadeus","status":"publish","type":"product","link":"https:\/\/mustveepuukool.ee\/et\/shop\/taimed\/roosid\/rosa-amadeus\/","title":{"rendered":"Rosa &#171;Amadeus&#187;"},"content":{"rendered":"<p>\u00dcks rikkalikumalt \u00f5itsevaid ronirooside sorte. \u00d5ied tulipunased, suurtes kobarates, poolt\u00e4idetud. Korduvalt ja \u00f5itseb v\u00e4ga rikkalikult.<\/p>","protected":false},"excerpt":{"rendered":"<p>Roniroos<br \/>\u2191 2-2.5 m <br \/>\u2194 50-60 cm <br \/>\u25d1\u3007 <br \/>\ua564 juuni-oktoober <br \/>&#8212; 29\u00b0C (5 tsoon)<\/p>","protected":false},"featured_media":9063,"template":"","meta":[],"product_brand":[],"product_cat":[23,28],"product_tag":[],"class_list":{"0":"post-3358","1":"product","2":"type-product","3":"status-publish","4":"has-post-thumbnail","6":"product_cat-taimed","7":"product_cat-roosid","8":"pa_suurus-2l-pott","10":"first","11":"outofstock","12":"shipping-taxable","13":"purchasable","14":"product-type-variable","15":"has-default-attributes"},"jetpack_sharing_enabled":true,"_links":{"self":[{"href":"https:\/\/mustveepuukool.ee\/et\/wp-json\/wp\/v2\/product\/3358","targetHints":{"allow":["GET"]}}],"collection":[{"href":"https:\/\/mustveepuukool.ee\/et\/wp-json\/wp\/v2\/product"}],"about":[{"href":"https:\/\/mustveepuukool.ee\/et\/wp-json\/wp\/v2\/types\/product"}],"version-history":[{"count":2,"href":"https:\/\/mustveepuukool.ee\/et\/wp-json\/wp\/v2\/product\/3358\/revisions"}],"predecessor-version":[{"id":9064,"href":"https:\/\/mustveepuukool.ee\/et\/wp-json\/wp\/v2\/product\/3358\/revisions\/9064"}],"wp:featuredmedia":[{"embeddable":true,"href":"https:\/\/mustveepuukool.ee\/et\/wp-json\/wp\/v2\/media\/9063"}],"wp:attachment":[{"href":"https:\/\/mustveepuukool.ee\/et\/wp-json\/wp\/v2\/media?parent=3358"}],"wp:term":[{"taxonomy":"product_brand","embeddable":true,"href":"https:\/\/mustveepuukool.ee\/et\/wp-json\/wp\/v2\/product_brand?post=3358"},{"taxonomy":"product_cat","embeddable":true,"href":"https:\/\/mustveepuukool.ee\/et\/wp-json\/wp\/v2\/product_cat?post=3358"},{"taxonomy":"product_tag","embeddable":true,"href":"https:\/\/mustveepuukool.ee\/et\/wp-json\/wp\/v2\/product_tag?post=3358"}],"curies":[{"name":"wp","href":"https:\/\/api.w.org\/{rel}","templated":true}]}}