{"id":3365,"date":"2024-11-22T16:47:21","date_gmt":"2024-11-22T16:47:21","guid":{"rendered":"https:\/\/mustveepuukool.ee\/?post_type=product&#038;p=3365"},"modified":"2026-01-21T16:00:12","modified_gmt":"2026-01-21T16:00:12","slug":"rosa-antike89","status":"publish","type":"product","link":"https:\/\/mustveepuukool.ee\/et\/shop\/taimed\/roosid\/rosa-antike89\/","title":{"rendered":"Rosa &#171;Antike89&#187;"},"content":{"rendered":"<p>Vaarika-kreemikas topelt\u00f5ied, mis taluvad h\u00e4sti kuumust ja vihma. \u00dcks parimaid kaasaegseid ronimisroose.<\/p>","protected":false},"excerpt":{"rendered":"<p>Roniroos<br \/>\u2191 250-300 cm<br \/>\u25d1\u3007 <br \/>\ua564 juuni-september <br \/>&#8212; 29\u00b0C (5 tsoon)<\/p>","protected":false},"featured_media":3366,"template":"","meta":[],"product_brand":[],"product_cat":[23,28],"product_tag":[],"class_list":{"0":"post-3365","1":"product","2":"type-product","3":"status-publish","4":"has-post-thumbnail","6":"product_cat-taimed","7":"product_cat-roosid","8":"pa_suurus-2l-pott","10":"first","11":"outofstock","12":"shipping-taxable","13":"purchasable","14":"product-type-variable","15":"has-default-attributes"},"jetpack_sharing_enabled":true,"_links":{"self":[{"href":"https:\/\/mustveepuukool.ee\/et\/wp-json\/wp\/v2\/product\/3365","targetHints":{"allow":["GET"]}}],"collection":[{"href":"https:\/\/mustveepuukool.ee\/et\/wp-json\/wp\/v2\/product"}],"about":[{"href":"https:\/\/mustveepuukool.ee\/et\/wp-json\/wp\/v2\/types\/product"}],"version-history":[{"count":1,"href":"https:\/\/mustveepuukool.ee\/et\/wp-json\/wp\/v2\/product\/3365\/revisions"}],"predecessor-version":[{"id":3367,"href":"https:\/\/mustveepuukool.ee\/et\/wp-json\/wp\/v2\/product\/3365\/revisions\/3367"}],"wp:featuredmedia":[{"embeddable":true,"href":"https:\/\/mustveepuukool.ee\/et\/wp-json\/wp\/v2\/media\/3366"}],"wp:attachment":[{"href":"https:\/\/mustveepuukool.ee\/et\/wp-json\/wp\/v2\/media?parent=3365"}],"wp:term":[{"taxonomy":"product_brand","embeddable":true,"href":"https:\/\/mustveepuukool.ee\/et\/wp-json\/wp\/v2\/product_brand?post=3365"},{"taxonomy":"product_cat","embeddable":true,"href":"https:\/\/mustveepuukool.ee\/et\/wp-json\/wp\/v2\/product_cat?post=3365"},{"taxonomy":"product_tag","embeddable":true,"href":"https:\/\/mustveepuukool.ee\/et\/wp-json\/wp\/v2\/product_tag?post=3365"}],"curies":[{"name":"wp","href":"https:\/\/api.w.org\/{rel}","templated":true}]}}