{"id":3371,"date":"2024-11-22T16:51:09","date_gmt":"2024-11-22T16:51:09","guid":{"rendered":"https:\/\/mustveepuukool.ee\/?post_type=product&#038;p=3371"},"modified":"2026-01-21T16:00:12","modified_gmt":"2026-01-21T16:00:12","slug":"rosa-augusta-luise","status":"publish","type":"product","link":"https:\/\/mustveepuukool.ee\/et\/shop\/taimed\/roosid\/rosa-augusta-luise\/","title":{"rendered":"Rosa &#8216;Augusta Luise&#8217;"},"content":{"rendered":"<p>Suured, kuni 12cm l\u00e4bim\u00f5\u00f5duga virsikutooni t\u00e4idis\u00f5ied. Nostalgiline magusalt l\u00f5hnav. Korduvalt ja \u00f5itseb v\u00e4ga rikkalikult.<\/p>","protected":false},"excerpt":{"rendered":"<p>Floribundroos, antiikroos, peenraroos.\u00a0<em>\u0431\u043e\u0440\u0434\u044e\u0440\u043d\u0430\u044f \u0440\u043e\u0437\u0430<\/em>),<br \/>\u2191 80-100cm <br \/>\u2194 50-60 cm <br \/>\u25d1\u3007 <br \/>\ua564 juuni-oktoober <br \/>&#8212; 29\u00b0C (5 tsoon)<\/p>","protected":false},"featured_media":9023,"template":"","meta":[],"product_brand":[],"product_cat":[23,28],"product_tag":[],"class_list":{"0":"post-3371","1":"product","2":"type-product","3":"status-publish","4":"has-post-thumbnail","6":"product_cat-taimed","7":"product_cat-roosid","8":"pa_suurus-2l-pott","10":"first","11":"outofstock","12":"shipping-taxable","13":"purchasable","14":"product-type-variable","15":"has-default-attributes"},"jetpack_sharing_enabled":true,"_links":{"self":[{"href":"https:\/\/mustveepuukool.ee\/et\/wp-json\/wp\/v2\/product\/3371","targetHints":{"allow":["GET"]}}],"collection":[{"href":"https:\/\/mustveepuukool.ee\/et\/wp-json\/wp\/v2\/product"}],"about":[{"href":"https:\/\/mustveepuukool.ee\/et\/wp-json\/wp\/v2\/types\/product"}],"version-history":[{"count":4,"href":"https:\/\/mustveepuukool.ee\/et\/wp-json\/wp\/v2\/product\/3371\/revisions"}],"predecessor-version":[{"id":9025,"href":"https:\/\/mustveepuukool.ee\/et\/wp-json\/wp\/v2\/product\/3371\/revisions\/9025"}],"wp:featuredmedia":[{"embeddable":true,"href":"https:\/\/mustveepuukool.ee\/et\/wp-json\/wp\/v2\/media\/9023"}],"wp:attachment":[{"href":"https:\/\/mustveepuukool.ee\/et\/wp-json\/wp\/v2\/media?parent=3371"}],"wp:term":[{"taxonomy":"product_brand","embeddable":true,"href":"https:\/\/mustveepuukool.ee\/et\/wp-json\/wp\/v2\/product_brand?post=3371"},{"taxonomy":"product_cat","embeddable":true,"href":"https:\/\/mustveepuukool.ee\/et\/wp-json\/wp\/v2\/product_cat?post=3371"},{"taxonomy":"product_tag","embeddable":true,"href":"https:\/\/mustveepuukool.ee\/et\/wp-json\/wp\/v2\/product_tag?post=3371"}],"curies":[{"name":"wp","href":"https:\/\/api.w.org\/{rel}","templated":true}]}}