{"id":3405,"date":"2024-11-22T17:48:55","date_gmt":"2024-11-22T17:48:55","guid":{"rendered":"https:\/\/mustveepuukool.ee\/?post_type=product&#038;p=3405"},"modified":"2026-01-21T16:00:12","modified_gmt":"2026-01-21T16:00:12","slug":"rosa-beverly","status":"publish","type":"product","link":"https:\/\/mustveepuukool.ee\/et\/shop\/taimed\/roosid\/rosa-beverly\/","title":{"rendered":"Rosa &#8216;Beverly&#8217;"},"content":{"rendered":"<p>Suured, topelt\u00f5ied , \u00f5rnroosad, \u00f5ilsa kujuga \u00f5ied. Tugev magus puuviljane aroom. \u00d5itseb v\u00e4ga rikkalikult terve suve. <\/p>","protected":false},"excerpt":{"rendered":"<p><strong>Teeh\u00fcbriidroos<\/strong><br \/>\u2191 70cm-90cm <br \/>\u2194 60-80 cm <br \/>\u25d1\u3007 <br \/>\ua564 juuni-september<br \/>&#8212; 29\u00b0C (5 tsoon)<\/p>","protected":false},"featured_media":3406,"template":"","meta":[],"product_brand":[],"product_cat":[23,28],"product_tag":[],"class_list":{"0":"post-3405","1":"product","2":"type-product","3":"status-publish","4":"has-post-thumbnail","6":"product_cat-taimed","7":"product_cat-roosid","9":"first","10":"outofstock","11":"shipping-taxable","12":"purchasable","13":"product-type-simple"},"jetpack_sharing_enabled":true,"_links":{"self":[{"href":"https:\/\/mustveepuukool.ee\/et\/wp-json\/wp\/v2\/product\/3405","targetHints":{"allow":["GET"]}}],"collection":[{"href":"https:\/\/mustveepuukool.ee\/et\/wp-json\/wp\/v2\/product"}],"about":[{"href":"https:\/\/mustveepuukool.ee\/et\/wp-json\/wp\/v2\/types\/product"}],"version-history":[{"count":1,"href":"https:\/\/mustveepuukool.ee\/et\/wp-json\/wp\/v2\/product\/3405\/revisions"}],"predecessor-version":[{"id":3407,"href":"https:\/\/mustveepuukool.ee\/et\/wp-json\/wp\/v2\/product\/3405\/revisions\/3407"}],"wp:featuredmedia":[{"embeddable":true,"href":"https:\/\/mustveepuukool.ee\/et\/wp-json\/wp\/v2\/media\/3406"}],"wp:attachment":[{"href":"https:\/\/mustveepuukool.ee\/et\/wp-json\/wp\/v2\/media?parent=3405"}],"wp:term":[{"taxonomy":"product_brand","embeddable":true,"href":"https:\/\/mustveepuukool.ee\/et\/wp-json\/wp\/v2\/product_brand?post=3405"},{"taxonomy":"product_cat","embeddable":true,"href":"https:\/\/mustveepuukool.ee\/et\/wp-json\/wp\/v2\/product_cat?post=3405"},{"taxonomy":"product_tag","embeddable":true,"href":"https:\/\/mustveepuukool.ee\/et\/wp-json\/wp\/v2\/product_tag?post=3405"}],"curies":[{"name":"wp","href":"https:\/\/api.w.org\/{rel}","templated":true}]}}