{"id":3463,"date":"2024-11-24T19:44:37","date_gmt":"2024-11-24T19:44:37","guid":{"rendered":"https:\/\/mustveepuukool.ee\/?post_type=product&#038;p=3463"},"modified":"2026-01-21T15:59:50","modified_gmt":"2026-01-21T15:59:50","slug":"rosa-mary-ann","status":"publish","type":"product","link":"https:\/\/mustveepuukool.ee\/et\/shop\/taimed\/roosid\/rosa-mary-ann\/","title":{"rendered":"Rosa &#8216;Mary Ann&#8217;"},"content":{"rendered":"<p>\u00d5ied suured 10-12 cm, t\u00e4idis\u00f5ied, oran\u017e punakate toonidega. \u00d5itseb v\u00e4ga rikkalikult. Imeline l\u00f5hn.<\/p>","protected":false},"excerpt":{"rendered":"<p>Antiikroos, teeh\u00fcbriidroos<br \/>\u2191 80-100 cm <br \/>\u2194 60-80 cm <br \/>\u25d1\u3007 <br \/>\ua564 juuni-september <br \/>&#8212; 29\u00b0C (5 tsoon)<\/p>","protected":false},"featured_media":9127,"template":"","meta":[],"product_brand":[],"product_cat":[23,28],"product_tag":[],"class_list":{"0":"post-3463","1":"product","2":"type-product","3":"status-publish","4":"has-post-thumbnail","6":"product_cat-taimed","7":"product_cat-roosid","8":"pa_suurus-2l-pott","10":"first","11":"outofstock","12":"shipping-taxable","13":"purchasable","14":"product-type-variable","15":"has-default-attributes"},"jetpack_sharing_enabled":true,"_links":{"self":[{"href":"https:\/\/mustveepuukool.ee\/et\/wp-json\/wp\/v2\/product\/3463","targetHints":{"allow":["GET"]}}],"collection":[{"href":"https:\/\/mustveepuukool.ee\/et\/wp-json\/wp\/v2\/product"}],"about":[{"href":"https:\/\/mustveepuukool.ee\/et\/wp-json\/wp\/v2\/types\/product"}],"version-history":[{"count":3,"href":"https:\/\/mustveepuukool.ee\/et\/wp-json\/wp\/v2\/product\/3463\/revisions"}],"predecessor-version":[{"id":9129,"href":"https:\/\/mustveepuukool.ee\/et\/wp-json\/wp\/v2\/product\/3463\/revisions\/9129"}],"wp:featuredmedia":[{"embeddable":true,"href":"https:\/\/mustveepuukool.ee\/et\/wp-json\/wp\/v2\/media\/9127"}],"wp:attachment":[{"href":"https:\/\/mustveepuukool.ee\/et\/wp-json\/wp\/v2\/media?parent=3463"}],"wp:term":[{"taxonomy":"product_brand","embeddable":true,"href":"https:\/\/mustveepuukool.ee\/et\/wp-json\/wp\/v2\/product_brand?post=3463"},{"taxonomy":"product_cat","embeddable":true,"href":"https:\/\/mustveepuukool.ee\/et\/wp-json\/wp\/v2\/product_cat?post=3463"},{"taxonomy":"product_tag","embeddable":true,"href":"https:\/\/mustveepuukool.ee\/et\/wp-json\/wp\/v2\/product_tag?post=3463"}],"curies":[{"name":"wp","href":"https:\/\/api.w.org\/{rel}","templated":true}]}}