{"id":3469,"date":"2024-11-24T20:14:14","date_gmt":"2024-11-24T20:14:14","guid":{"rendered":"https:\/\/mustveepuukool.ee\/?post_type=product&#038;p=3469"},"modified":"2026-01-21T15:59:50","modified_gmt":"2026-01-21T15:59:50","slug":"rosa-orangerie","status":"publish","type":"product","link":"https:\/\/mustveepuukool.ee\/et\/shop\/taimed\/roosid\/rosa-orangerie\/","title":{"rendered":"Rosa &#8216;Orangerie&#8217;"},"content":{"rendered":"<p>\u00d5ied 7-8 cm, t\u00e4idis\u00f5ied s\u00e4ravalt erksat, r\u00f5\u00f5msat oran\u017ei v\u00e4rvi. \u00d5itseb v\u00e4ga rikkalikult.<\/p>","protected":false},"excerpt":{"rendered":"<p>Floribundroos<br \/>\u2191 90 cm <br \/>\u2194 60 cm <br \/>\u25d1\u3007 <br \/>\ua564 juuni-september <br \/>&#8212; 29\u00b0C (5 tsoon)<\/p>","protected":false},"featured_media":3470,"template":"","meta":[],"product_brand":[],"product_cat":[23,28],"product_tag":[],"class_list":{"0":"post-3469","1":"product","2":"type-product","3":"status-publish","4":"has-post-thumbnail","6":"product_cat-taimed","7":"product_cat-roosid","8":"pa_suurus-2l-pott","10":"first","11":"outofstock","12":"shipping-taxable","13":"purchasable","14":"product-type-variable","15":"has-default-attributes"},"jetpack_sharing_enabled":true,"_links":{"self":[{"href":"https:\/\/mustveepuukool.ee\/et\/wp-json\/wp\/v2\/product\/3469","targetHints":{"allow":["GET"]}}],"collection":[{"href":"https:\/\/mustveepuukool.ee\/et\/wp-json\/wp\/v2\/product"}],"about":[{"href":"https:\/\/mustveepuukool.ee\/et\/wp-json\/wp\/v2\/types\/product"}],"version-history":[{"count":1,"href":"https:\/\/mustveepuukool.ee\/et\/wp-json\/wp\/v2\/product\/3469\/revisions"}],"predecessor-version":[{"id":3471,"href":"https:\/\/mustveepuukool.ee\/et\/wp-json\/wp\/v2\/product\/3469\/revisions\/3471"}],"wp:featuredmedia":[{"embeddable":true,"href":"https:\/\/mustveepuukool.ee\/et\/wp-json\/wp\/v2\/media\/3470"}],"wp:attachment":[{"href":"https:\/\/mustveepuukool.ee\/et\/wp-json\/wp\/v2\/media?parent=3469"}],"wp:term":[{"taxonomy":"product_brand","embeddable":true,"href":"https:\/\/mustveepuukool.ee\/et\/wp-json\/wp\/v2\/product_brand?post=3469"},{"taxonomy":"product_cat","embeddable":true,"href":"https:\/\/mustveepuukool.ee\/et\/wp-json\/wp\/v2\/product_cat?post=3469"},{"taxonomy":"product_tag","embeddable":true,"href":"https:\/\/mustveepuukool.ee\/et\/wp-json\/wp\/v2\/product_tag?post=3469"}],"curies":[{"name":"wp","href":"https:\/\/api.w.org\/{rel}","templated":true}]}}