{"id":3491,"date":"2024-11-25T09:47:00","date_gmt":"2024-11-25T09:47:00","guid":{"rendered":"https:\/\/mustveepuukool.ee\/?post_type=product&#038;p=3491"},"modified":"2026-01-21T15:59:30","modified_gmt":"2026-01-21T15:59:30","slug":"rosa-blue-girl-sautari","status":"publish","type":"product","link":"https:\/\/mustveepuukool.ee\/et\/shop\/taimed\/roosid\/rosa-blue-girl-sautari\/","title":{"rendered":"Rosa &#8216;Blue Girl&#8217; (Sautari)"},"content":{"rendered":"<p>\u00d5ied t\u00e4idis\u00f5ied lavendli v\u00f5i h\u00f5be-lavendli, 10-12cm diam. Tugev l\u00f5hn. Ei karda vihma.<\/p>","protected":false},"excerpt":{"rendered":"<p>Teeh\u00fcbriidroos<br \/>\u2191 60-70 cm <br \/>\u2194 60-70 cm <br \/>\u25d1\u3007 <br \/>\ua564 juuni-september <br \/>&#8212; 29\u00b0C (5 tsoon)<\/p>","protected":false},"featured_media":3492,"template":"","meta":[],"product_brand":[],"product_cat":[23,28],"product_tag":[],"class_list":{"0":"post-3491","1":"product","2":"type-product","3":"status-publish","4":"has-post-thumbnail","6":"product_cat-taimed","7":"product_cat-roosid","8":"pa_suurus-2l-pott","10":"first","11":"outofstock","12":"shipping-taxable","13":"purchasable","14":"product-type-variable","15":"has-default-attributes"},"jetpack_sharing_enabled":true,"_links":{"self":[{"href":"https:\/\/mustveepuukool.ee\/et\/wp-json\/wp\/v2\/product\/3491","targetHints":{"allow":["GET"]}}],"collection":[{"href":"https:\/\/mustveepuukool.ee\/et\/wp-json\/wp\/v2\/product"}],"about":[{"href":"https:\/\/mustveepuukool.ee\/et\/wp-json\/wp\/v2\/types\/product"}],"version-history":[{"count":2,"href":"https:\/\/mustveepuukool.ee\/et\/wp-json\/wp\/v2\/product\/3491\/revisions"}],"predecessor-version":[{"id":4193,"href":"https:\/\/mustveepuukool.ee\/et\/wp-json\/wp\/v2\/product\/3491\/revisions\/4193"}],"wp:featuredmedia":[{"embeddable":true,"href":"https:\/\/mustveepuukool.ee\/et\/wp-json\/wp\/v2\/media\/3492"}],"wp:attachment":[{"href":"https:\/\/mustveepuukool.ee\/et\/wp-json\/wp\/v2\/media?parent=3491"}],"wp:term":[{"taxonomy":"product_brand","embeddable":true,"href":"https:\/\/mustveepuukool.ee\/et\/wp-json\/wp\/v2\/product_brand?post=3491"},{"taxonomy":"product_cat","embeddable":true,"href":"https:\/\/mustveepuukool.ee\/et\/wp-json\/wp\/v2\/product_cat?post=3491"},{"taxonomy":"product_tag","embeddable":true,"href":"https:\/\/mustveepuukool.ee\/et\/wp-json\/wp\/v2\/product_tag?post=3491"}],"curies":[{"name":"wp","href":"https:\/\/api.w.org\/{rel}","templated":true}]}}