{"id":3494,"date":"2024-11-25T09:49:03","date_gmt":"2024-11-25T09:49:03","guid":{"rendered":"https:\/\/mustveepuukool.ee\/?post_type=product&#038;p=3494"},"modified":"2026-01-21T15:59:30","modified_gmt":"2026-01-21T15:59:30","slug":"rosa-bonica","status":"publish","type":"product","link":"https:\/\/mustveepuukool.ee\/et\/shop\/taimed\/roosid\/rosa-bonica\/","title":{"rendered":"Rosa &#8216;Bonica&#8217;"},"content":{"rendered":"<p>\u00d5ied on suured 10-15cm, p\u00e4rlmutterroosad. Tugev magus puuviljane aroom. \u00d5itseb v\u00e4ga rikkalikult terve suve.<\/p>","protected":false},"excerpt":{"rendered":"<p>Floribundroos, Pol\u00fcanth\u00fcbriidroos<br \/>\u2191 90cm-120cm <br \/>\u2194 120-150 cm <br \/>\u25d1\u3007<br \/>\ua564 juuni-september <br \/>&#8212; 29\u00b0C (5 tsoon)<\/p>","protected":false},"featured_media":8996,"template":"","meta":[],"product_brand":[],"product_cat":[23,28],"product_tag":[],"class_list":{"0":"post-3494","1":"product","2":"type-product","3":"status-publish","4":"has-post-thumbnail","6":"product_cat-taimed","7":"product_cat-roosid","8":"pa_suurus-2l-pott","10":"first","11":"outofstock","12":"shipping-taxable","13":"purchasable","14":"product-type-variable","15":"has-default-attributes"},"jetpack_sharing_enabled":true,"_links":{"self":[{"href":"https:\/\/mustveepuukool.ee\/et\/wp-json\/wp\/v2\/product\/3494","targetHints":{"allow":["GET"]}}],"collection":[{"href":"https:\/\/mustveepuukool.ee\/et\/wp-json\/wp\/v2\/product"}],"about":[{"href":"https:\/\/mustveepuukool.ee\/et\/wp-json\/wp\/v2\/types\/product"}],"version-history":[{"count":3,"href":"https:\/\/mustveepuukool.ee\/et\/wp-json\/wp\/v2\/product\/3494\/revisions"}],"predecessor-version":[{"id":8998,"href":"https:\/\/mustveepuukool.ee\/et\/wp-json\/wp\/v2\/product\/3494\/revisions\/8998"}],"wp:featuredmedia":[{"embeddable":true,"href":"https:\/\/mustveepuukool.ee\/et\/wp-json\/wp\/v2\/media\/8996"}],"wp:attachment":[{"href":"https:\/\/mustveepuukool.ee\/et\/wp-json\/wp\/v2\/media?parent=3494"}],"wp:term":[{"taxonomy":"product_brand","embeddable":true,"href":"https:\/\/mustveepuukool.ee\/et\/wp-json\/wp\/v2\/product_brand?post=3494"},{"taxonomy":"product_cat","embeddable":true,"href":"https:\/\/mustveepuukool.ee\/et\/wp-json\/wp\/v2\/product_cat?post=3494"},{"taxonomy":"product_tag","embeddable":true,"href":"https:\/\/mustveepuukool.ee\/et\/wp-json\/wp\/v2\/product_tag?post=3494"}],"curies":[{"name":"wp","href":"https:\/\/api.w.org\/{rel}","templated":true}]}}