{"id":3528,"date":"2024-11-25T20:17:56","date_gmt":"2024-11-25T20:17:56","guid":{"rendered":"https:\/\/mustveepuukool.ee\/?post_type=product&#038;p=3528"},"modified":"2026-01-21T15:59:30","modified_gmt":"2026-01-21T15:59:30","slug":"rosa-schone-koblenzerin","status":"publish","type":"product","link":"https:\/\/mustveepuukool.ee\/et\/shop\/taimed\/roosid\/rosa-schone-koblenzerin\/","title":{"rendered":"Rosa &#8216;Sch\u00f6ne Koblenzerin&#8217;"},"content":{"rendered":"<p>\u00d5ied 12-15cm, t\u00e4idist\u00e4itega, vaarika-valge. \u00d5itseb v\u00e4ga rikkalikult. Ei karda vihma. <\/p>","protected":false},"excerpt":{"rendered":"<p>Floribundroos<br \/>\u2191 100-120 cm <br \/>\u2194 90-100 cm <br \/>\u25d1\u3007 <br \/>\ua564 juuni-september <br \/>-29\u00b0C (5 tsoon)<\/p>","protected":false},"featured_media":9110,"template":"","meta":[],"product_brand":[],"product_cat":[23,28],"product_tag":[],"class_list":{"0":"post-3528","1":"product","2":"type-product","3":"status-publish","4":"has-post-thumbnail","6":"product_cat-taimed","7":"product_cat-roosid","8":"pa_suurus-2l-pott","10":"first","11":"outofstock","12":"purchasable","13":"product-type-variable","14":"has-default-attributes"},"jetpack_sharing_enabled":true,"_links":{"self":[{"href":"https:\/\/mustveepuukool.ee\/et\/wp-json\/wp\/v2\/product\/3528","targetHints":{"allow":["GET"]}}],"collection":[{"href":"https:\/\/mustveepuukool.ee\/et\/wp-json\/wp\/v2\/product"}],"about":[{"href":"https:\/\/mustveepuukool.ee\/et\/wp-json\/wp\/v2\/types\/product"}],"version-history":[{"count":2,"href":"https:\/\/mustveepuukool.ee\/et\/wp-json\/wp\/v2\/product\/3528\/revisions"}],"predecessor-version":[{"id":4241,"href":"https:\/\/mustveepuukool.ee\/et\/wp-json\/wp\/v2\/product\/3528\/revisions\/4241"}],"wp:featuredmedia":[{"embeddable":true,"href":"https:\/\/mustveepuukool.ee\/et\/wp-json\/wp\/v2\/media\/9110"}],"wp:attachment":[{"href":"https:\/\/mustveepuukool.ee\/et\/wp-json\/wp\/v2\/media?parent=3528"}],"wp:term":[{"taxonomy":"product_brand","embeddable":true,"href":"https:\/\/mustveepuukool.ee\/et\/wp-json\/wp\/v2\/product_brand?post=3528"},{"taxonomy":"product_cat","embeddable":true,"href":"https:\/\/mustveepuukool.ee\/et\/wp-json\/wp\/v2\/product_cat?post=3528"},{"taxonomy":"product_tag","embeddable":true,"href":"https:\/\/mustveepuukool.ee\/et\/wp-json\/wp\/v2\/product_tag?post=3528"}],"curies":[{"name":"wp","href":"https:\/\/api.w.org\/{rel}","templated":true}]}}