{"id":3543,"date":"2024-11-25T20:48:09","date_gmt":"2024-11-25T20:48:09","guid":{"rendered":"https:\/\/mustveepuukool.ee\/?post_type=product&#038;p=3543"},"modified":"2026-01-21T15:59:30","modified_gmt":"2026-01-21T15:59:30","slug":"rosa-zepeti","status":"publish","type":"product","link":"https:\/\/mustveepuukool.ee\/et\/shop\/taimed\/roosid\/rosa-zepeti\/","title":{"rendered":"Rosa &#8216;Zepeti&#8217;"},"content":{"rendered":"<p>\u00d5ied on 5 cm poolt\u00e4idis\u00f5ied, punased. \u00d5itseb v\u00e4ga rikkalikult. Ei karda vihma.<\/p>","protected":false},"excerpt":{"rendered":"<p>Pinnakatteroos<br \/>\u2191 40-60cm <br \/>\u2194 100 cm <br \/>\u25d1\u3007 <br \/>\ua564 juuni-oktoober <br \/>-29\u00b0C (5 tsoon)<\/p>","protected":false},"featured_media":9120,"template":"","meta":[],"product_brand":[],"product_cat":[23,28],"product_tag":[],"class_list":{"0":"post-3543","1":"product","2":"type-product","3":"status-publish","4":"has-post-thumbnail","6":"product_cat-taimed","7":"product_cat-roosid","8":"pa_suurus-2l-pott","10":"first","11":"outofstock","12":"shipping-taxable","13":"purchasable","14":"product-type-variable","15":"has-default-attributes"},"jetpack_sharing_enabled":true,"_links":{"self":[{"href":"https:\/\/mustveepuukool.ee\/et\/wp-json\/wp\/v2\/product\/3543","targetHints":{"allow":["GET"]}}],"collection":[{"href":"https:\/\/mustveepuukool.ee\/et\/wp-json\/wp\/v2\/product"}],"about":[{"href":"https:\/\/mustveepuukool.ee\/et\/wp-json\/wp\/v2\/types\/product"}],"version-history":[{"count":4,"href":"https:\/\/mustveepuukool.ee\/et\/wp-json\/wp\/v2\/product\/3543\/revisions"}],"predecessor-version":[{"id":9122,"href":"https:\/\/mustveepuukool.ee\/et\/wp-json\/wp\/v2\/product\/3543\/revisions\/9122"}],"wp:featuredmedia":[{"embeddable":true,"href":"https:\/\/mustveepuukool.ee\/et\/wp-json\/wp\/v2\/media\/9120"}],"wp:attachment":[{"href":"https:\/\/mustveepuukool.ee\/et\/wp-json\/wp\/v2\/media?parent=3543"}],"wp:term":[{"taxonomy":"product_brand","embeddable":true,"href":"https:\/\/mustveepuukool.ee\/et\/wp-json\/wp\/v2\/product_brand?post=3543"},{"taxonomy":"product_cat","embeddable":true,"href":"https:\/\/mustveepuukool.ee\/et\/wp-json\/wp\/v2\/product_cat?post=3543"},{"taxonomy":"product_tag","embeddable":true,"href":"https:\/\/mustveepuukool.ee\/et\/wp-json\/wp\/v2\/product_tag?post=3543"}],"curies":[{"name":"wp","href":"https:\/\/api.w.org\/{rel}","templated":true}]}}