{"id":3766,"date":"2024-11-30T16:43:19","date_gmt":"2024-11-30T16:43:19","guid":{"rendered":"https:\/\/mustveepuukool.ee\/?post_type=product&#038;p=3766"},"modified":"2026-04-11T16:02:11","modified_gmt":"2026-04-11T16:02:11","slug":"hydrangea-paniculata-kyushu","status":"publish","type":"product","link":"https:\/\/mustveepuukool.ee\/et\/shop\/taimed\/ilupoosad\/hortensiad\/hydrangea-paniculata-kyushu\/","title":{"rendered":"Hydrangea paniculata &#8216;Kyushu&#8217;"},"content":{"rendered":"<p>\u00d5ied koonusjas, l\u00f5hnavad, valged, hiljem heleroosakas, tugevatel v\u00f5rsetel.<\/p>","protected":false},"excerpt":{"rendered":"<p>Aedhortensia<br \/>\u2191 2-2,5 m <br \/>\u2194 1,5 m <br \/>\u25d1\u3007 <br \/>\ua564 juuli-oktoober <br \/>-29\u00b0C (5 tsoon)<\/p>","protected":false},"featured_media":3767,"template":"","meta":[],"product_brand":[],"product_cat":[54],"product_tag":[],"class_list":{"0":"post-3766","1":"product","2":"type-product","3":"status-publish","4":"has-post-thumbnail","6":"product_cat-hortensiad","7":"pa_suurus-20cm-pott","9":"first","10":"instock","11":"shipping-taxable","12":"purchasable","13":"product-type-variable","14":"has-default-attributes"},"jetpack_sharing_enabled":true,"_links":{"self":[{"href":"https:\/\/mustveepuukool.ee\/et\/wp-json\/wp\/v2\/product\/3766","targetHints":{"allow":["GET"]}}],"collection":[{"href":"https:\/\/mustveepuukool.ee\/et\/wp-json\/wp\/v2\/product"}],"about":[{"href":"https:\/\/mustveepuukool.ee\/et\/wp-json\/wp\/v2\/types\/product"}],"version-history":[{"count":1,"href":"https:\/\/mustveepuukool.ee\/et\/wp-json\/wp\/v2\/product\/3766\/revisions"}],"predecessor-version":[{"id":3768,"href":"https:\/\/mustveepuukool.ee\/et\/wp-json\/wp\/v2\/product\/3766\/revisions\/3768"}],"wp:featuredmedia":[{"embeddable":true,"href":"https:\/\/mustveepuukool.ee\/et\/wp-json\/wp\/v2\/media\/3767"}],"wp:attachment":[{"href":"https:\/\/mustveepuukool.ee\/et\/wp-json\/wp\/v2\/media?parent=3766"}],"wp:term":[{"taxonomy":"product_brand","embeddable":true,"href":"https:\/\/mustveepuukool.ee\/et\/wp-json\/wp\/v2\/product_brand?post=3766"},{"taxonomy":"product_cat","embeddable":true,"href":"https:\/\/mustveepuukool.ee\/et\/wp-json\/wp\/v2\/product_cat?post=3766"},{"taxonomy":"product_tag","embeddable":true,"href":"https:\/\/mustveepuukool.ee\/et\/wp-json\/wp\/v2\/product_tag?post=3766"}],"curies":[{"name":"wp","href":"https:\/\/api.w.org\/{rel}","templated":true}]}}