{"id":3791,"date":"2024-12-01T13:28:03","date_gmt":"2024-12-01T13:28:03","guid":{"rendered":"https:\/\/mustveepuukool.ee\/?post_type=product&#038;p=3791"},"modified":"2026-04-28T10:16:09","modified_gmt":"2026-04-28T10:16:09","slug":"hydrangea-paniculata-sundae-fraise","status":"publish","type":"product","link":"https:\/\/mustveepuukool.ee\/et\/shop\/taimed\/ilupoosad\/hortensiad\/hydrangea-paniculata-sundae-fraise\/","title":{"rendered":"Hydrangea paniculata &#8216;Sundae Fraise&#8217;"},"content":{"rendered":"<p>\u00d5ied koonilised suured 15 cm, alguses valged , hiljem roosa \u00f5hetusega ja l\u00f5puks kuni maasikapunase, tugevad varred.<\/p>","protected":false},"excerpt":{"rendered":"<p>Aedhortensia<br \/>\u2191 1.5 m \u2194 1.2 m <br \/>\u25d1\u3007 <br \/>\ua564 juuli-oktoober <br \/>-29\u00b0C (5 tsoon)<\/p>","protected":false},"featured_media":3792,"template":"","meta":[],"product_brand":[],"product_cat":[54],"product_tag":[],"class_list":{"0":"post-3791","1":"product","2":"type-product","3":"status-publish","4":"has-post-thumbnail","6":"product_cat-hortensiad","7":"pa_suurus-20cm-pott","9":"first","10":"instock","11":"shipping-taxable","12":"purchasable","13":"product-type-variable","14":"has-default-attributes"},"jetpack_sharing_enabled":true,"_links":{"self":[{"href":"https:\/\/mustveepuukool.ee\/et\/wp-json\/wp\/v2\/product\/3791","targetHints":{"allow":["GET"]}}],"collection":[{"href":"https:\/\/mustveepuukool.ee\/et\/wp-json\/wp\/v2\/product"}],"about":[{"href":"https:\/\/mustveepuukool.ee\/et\/wp-json\/wp\/v2\/types\/product"}],"version-history":[{"count":1,"href":"https:\/\/mustveepuukool.ee\/et\/wp-json\/wp\/v2\/product\/3791\/revisions"}],"predecessor-version":[{"id":3793,"href":"https:\/\/mustveepuukool.ee\/et\/wp-json\/wp\/v2\/product\/3791\/revisions\/3793"}],"wp:featuredmedia":[{"embeddable":true,"href":"https:\/\/mustveepuukool.ee\/et\/wp-json\/wp\/v2\/media\/3792"}],"wp:attachment":[{"href":"https:\/\/mustveepuukool.ee\/et\/wp-json\/wp\/v2\/media?parent=3791"}],"wp:term":[{"taxonomy":"product_brand","embeddable":true,"href":"https:\/\/mustveepuukool.ee\/et\/wp-json\/wp\/v2\/product_brand?post=3791"},{"taxonomy":"product_cat","embeddable":true,"href":"https:\/\/mustveepuukool.ee\/et\/wp-json\/wp\/v2\/product_cat?post=3791"},{"taxonomy":"product_tag","embeddable":true,"href":"https:\/\/mustveepuukool.ee\/et\/wp-json\/wp\/v2\/product_tag?post=3791"}],"curies":[{"name":"wp","href":"https:\/\/api.w.org\/{rel}","templated":true}]}}