{"id":3806,"date":"2024-12-01T16:56:58","date_gmt":"2024-12-01T16:56:58","guid":{"rendered":"https:\/\/mustveepuukool.ee\/?post_type=product&#038;p=3806"},"modified":"2026-04-16T16:09:10","modified_gmt":"2026-04-16T16:09:10","slug":"hydrangea-paniculata-bonfire-bloody-marie","status":"publish","type":"product","link":"https:\/\/mustveepuukool.ee\/et\/shop\/taimed\/ilupoosad\/hortensiad\/hydrangea-paniculata-bonfire-bloody-marie\/","title":{"rendered":"Hydrangea paniculata &#8216;Bonfire&#8217; (Bloody Marie)"},"content":{"rendered":"<p>\u00d5ied koonilised v\u00e4ga suured 30-40 cm, valged, hiljem roosa, l\u00f5puks tumeroosa, tugevad varred.<\/p>","protected":false},"excerpt":{"rendered":"<p>Aedhortensia<br \/>\u2191 1,2-1,5 m <br \/>\u2194 1 m <br \/>\u25d1\u3007 \ua564 juuli-oktoober <br \/>&#8212; 29\u00b0C (5 tsoon)<\/p>","protected":false},"featured_media":3807,"template":"","meta":[],"product_brand":[],"product_cat":[54],"product_tag":[],"class_list":{"0":"post-3806","1":"product","2":"type-product","3":"status-publish","4":"has-post-thumbnail","6":"product_cat-hortensiad","7":"pa_suurus-20cm-pott","9":"first","10":"instock","11":"shipping-taxable","12":"purchasable","13":"product-type-variable","14":"has-default-attributes"},"jetpack_sharing_enabled":true,"_links":{"self":[{"href":"https:\/\/mustveepuukool.ee\/et\/wp-json\/wp\/v2\/product\/3806","targetHints":{"allow":["GET"]}}],"collection":[{"href":"https:\/\/mustveepuukool.ee\/et\/wp-json\/wp\/v2\/product"}],"about":[{"href":"https:\/\/mustveepuukool.ee\/et\/wp-json\/wp\/v2\/types\/product"}],"version-history":[{"count":2,"href":"https:\/\/mustveepuukool.ee\/et\/wp-json\/wp\/v2\/product\/3806\/revisions"}],"predecessor-version":[{"id":4307,"href":"https:\/\/mustveepuukool.ee\/et\/wp-json\/wp\/v2\/product\/3806\/revisions\/4307"}],"wp:featuredmedia":[{"embeddable":true,"href":"https:\/\/mustveepuukool.ee\/et\/wp-json\/wp\/v2\/media\/3807"}],"wp:attachment":[{"href":"https:\/\/mustveepuukool.ee\/et\/wp-json\/wp\/v2\/media?parent=3806"}],"wp:term":[{"taxonomy":"product_brand","embeddable":true,"href":"https:\/\/mustveepuukool.ee\/et\/wp-json\/wp\/v2\/product_brand?post=3806"},{"taxonomy":"product_cat","embeddable":true,"href":"https:\/\/mustveepuukool.ee\/et\/wp-json\/wp\/v2\/product_cat?post=3806"},{"taxonomy":"product_tag","embeddable":true,"href":"https:\/\/mustveepuukool.ee\/et\/wp-json\/wp\/v2\/product_tag?post=3806"}],"curies":[{"name":"wp","href":"https:\/\/api.w.org\/{rel}","templated":true}]}}