{"id":4058,"date":"2024-12-02T16:22:08","date_gmt":"2024-12-02T16:22:08","guid":{"rendered":"https:\/\/mustveepuukool.ee\/?post_type=product&#038;p=4058"},"modified":"2026-03-24T10:47:55","modified_gmt":"2026-03-24T10:47:55","slug":"juniperus-sabina-tamariscifolia","status":"publish","type":"product","link":"https:\/\/mustveepuukool.ee\/et\/shop\/taimed\/okaspuud\/juniperus-sabina-tamariscifolia\/","title":{"rendered":"Juniperus sabina &#8216;Tamariscifolia&#8217;"},"content":{"rendered":"<p>L\u00fchikesed sinakasrohelised okkad. 10-aastane taim kuni 0,3 m k\u00f5rgusega ja 1,5-2 m laiaks. Talub v\u00e4ga h\u00e4sti l\u00f5ikamist.<\/p>","protected":false},"excerpt":{"rendered":"<p>Sabiina kadakas<br \/>\u25d1\u3007 <br \/>&#8212; 29\u00b0C (5 tsoon)<\/p>","protected":false},"featured_media":4060,"template":"","meta":[],"product_brand":[],"product_cat":[25],"product_tag":[],"class_list":{"0":"post-4058","1":"product","2":"type-product","3":"status-publish","4":"has-post-thumbnail","6":"product_cat-okaspuud","7":"pa_suurus-9cm-pott","9":"first","10":"instock","11":"shipping-taxable","12":"purchasable","13":"product-type-variable","14":"has-default-attributes"},"jetpack_sharing_enabled":true,"_links":{"self":[{"href":"https:\/\/mustveepuukool.ee\/et\/wp-json\/wp\/v2\/product\/4058","targetHints":{"allow":["GET"]}}],"collection":[{"href":"https:\/\/mustveepuukool.ee\/et\/wp-json\/wp\/v2\/product"}],"about":[{"href":"https:\/\/mustveepuukool.ee\/et\/wp-json\/wp\/v2\/types\/product"}],"version-history":[{"count":1,"href":"https:\/\/mustveepuukool.ee\/et\/wp-json\/wp\/v2\/product\/4058\/revisions"}],"predecessor-version":[{"id":4059,"href":"https:\/\/mustveepuukool.ee\/et\/wp-json\/wp\/v2\/product\/4058\/revisions\/4059"}],"wp:featuredmedia":[{"embeddable":true,"href":"https:\/\/mustveepuukool.ee\/et\/wp-json\/wp\/v2\/media\/4060"}],"wp:attachment":[{"href":"https:\/\/mustveepuukool.ee\/et\/wp-json\/wp\/v2\/media?parent=4058"}],"wp:term":[{"taxonomy":"product_brand","embeddable":true,"href":"https:\/\/mustveepuukool.ee\/et\/wp-json\/wp\/v2\/product_brand?post=4058"},{"taxonomy":"product_cat","embeddable":true,"href":"https:\/\/mustveepuukool.ee\/et\/wp-json\/wp\/v2\/product_cat?post=4058"},{"taxonomy":"product_tag","embeddable":true,"href":"https:\/\/mustveepuukool.ee\/et\/wp-json\/wp\/v2\/product_tag?post=4058"}],"curies":[{"name":"wp","href":"https:\/\/api.w.org\/{rel}","templated":true}]}}